{"id":112,"date":"2015-01-16T13:51:38","date_gmt":"2015-01-16T11:51:38","guid":{"rendered":"http:\/\/substanz-schule.de\/cms\/?page_id=112"},"modified":"2022-03-14T12:00:42","modified_gmt":"2022-03-14T10:00:42","slug":"klassiches-ballett","status":"publish","type":"page","link":"https:\/\/substanz-schule.de\/cms\/kursangebot\/klassiches-ballett\/","title":{"rendered":"Klassisches Ballett"},"content":{"rendered":"<div data-colibri-id=\"112-c1\" class=\"style-814 style-local-112-c1 position-relative\">\r\n  <!---->\r\n  <div data-colibri-component=\"section\" data-colibri-id=\"112-c2\" id=\"about\" class=\"h-section h-section-global-spacing d-flex align-items-lg-center align-items-md-center align-items-center style-829 style-local-112-c2 position-relative\">\r\n    <!---->\r\n    <!---->\r\n    <div class=\"h-section-grid-container h-section-boxed-container\">\r\n      <!---->\r\n      <div data-colibri-id=\"112-c3\" class=\"h-row-container gutters-row-lg-2 gutters-row-md-2 gutters-row-2 gutters-row-v-lg-2 gutters-row-v-md-2 gutters-row-v-2 style-830 style-local-112-c3 position-relative\">\r\n        <!---->\r\n        <div class=\"h-row justify-content-lg-center justify-content-md-center justify-content-center align-items-lg-stretch align-items-md-stretch align-items-stretch gutters-col-lg-2 gutters-col-md-2 gutters-col-2 gutters-col-v-lg-2 gutters-col-v-md-2 gutters-col-v-2\">\r\n          <!---->\r\n          <div class=\"h-column h-column-container d-flex h-col-lg-auto h-col-md-auto h-col-auto style-831-outer style-local-112-c4-outer\">\r\n            <div data-colibri-id=\"112-c4\" class=\"d-flex h-flex-basis h-column__inner h-px-lg-2 h-px-md-2 h-px-2 v-inner-lg-2 v-inner-md-2 v-inner-2 style-831 style-local-112-c4 position-relative\">\r\n              <!---->\r\n              <!---->\r\n              <div class=\"w-100 h-y-container h-column__content h-column__v-align flex-basis-100 align-self-lg-center align-self-md-center align-self-center\">\r\n                <!---->\r\n                <div data-colibri-id=\"112-c5\" class=\"h-global-transition-all h-heading style-832 style-local-112-c5 position-relative h-element\">\r\n                  <!---->\r\n                  <div class=\"h-heading__outer style-832 style-local-112-c5\">\r\n                    <!---->\r\n                    <!---->\r\n                    <h5 class=\"\">DIE BASIS DES B\u00dcHNENTANZES<\/h5>\r\n                  <\/div>\r\n                <\/div>\r\n                <div data-colibri-id=\"112-c6\" class=\"h-global-transition-all h-heading style-833 style-local-112-c6 position-relative h-element\">\r\n                  <!---->\r\n                  <div class=\"h-heading__outer style-833 style-local-112-c6\">\r\n                    <!---->\r\n                    <!---->\r\n                    <h2 class=\"\"><em style=\"color: rgb(247, 144, 7); font-family: &quot;Playfair Display&quot;;\">Klassisches&nbsp; Ballett<\/em><\/h2>\r\n                  <\/div>\r\n                <\/div>\r\n                <div data-colibri-id=\"112-c7\" class=\"h-x-container style-835 style-local-112-c7 position-relative h-element\">\r\n                  <!---->\r\n                  <div class=\"h-x-container-inner style-dynamic-112-c7-group style-835-spacing style-local-112-c7-spacing\"><span class=\"h-button__outer style-836-outer style-local-112-c8-outer d-inline-flex h-element\"><a h-use-smooth-scroll=\"true\" href=\"https:\/\/substanz-schule.de\/cms\/ballett-kids-teeny-ballett\/\"  data-colibri-id=\"112-c8\" class=\"d-flex w-100 align-items-center h-button justify-content-lg-center justify-content-md-center justify-content-center style-836 style-local-112-c8 position-relative\"><!----><!----> <span>Ballett-Kids &amp; Teeny-Ballett<\/span><\/a>\r\n                    <\/span><span class=\"h-button__outer style-836-outer style-local-112-c9-outer d-inline-flex h-element\"><a h-use-smooth-scroll=\"true\" href=\"https:\/\/substanz-schule.de\/cms\/ballett-jugendliche-erwachsene\/\"  data-colibri-id=\"112-c9\" class=\"d-flex w-100 align-items-center h-button justify-content-lg-center justify-content-md-center justify-content-center style-836 style-local-112-c9 position-relative\"><!----><!----> <span>Ballett f\u00fcr Erwachsene &amp; Jugendliche<\/span><\/a>\r\n                    <\/span>\r\n                  <\/div>\r\n                <\/div>\r\n              <\/div>\r\n            <\/div>\r\n          <\/div>\r\n          <div class=\"h-column h-column-container d-flex h-col-lg-auto h-col-md-auto h-col-auto style-837-outer style-local-112-c10-outer\">\r\n            <div data-colibri-id=\"112-c10\" class=\"d-flex h-flex-basis h-column__inner h-px-lg-2 h-px-md-2 h-px-2 v-inner-lg-2 v-inner-md-2 v-inner-2 style-837 style-local-112-c10 position-relative\">\r\n              <!---->\r\n              <!---->\r\n              <div class=\"w-100 h-y-container h-column__content h-column__v-align flex-basis-100 align-self-lg-center align-self-md-center align-self-center\">\r\n                <!---->\r\n                <div data-colibri-id=\"112-c11\" class=\"d-block style-838 style-local-112-c11 position-relative h-element\">\r\n                  <!---->\r\n                  <div class=\"h-image__frame-container-outer\">\r\n                    <div class=\"h-image__frame-container\">\r\n                      <!---->\r\n                      <!---->\r\n                      <img loading=\"lazy\" decoding=\"async\" width=\"1200\" height=\"1200\" src=\"https:\/\/substanz-schule.de\/cms\/wp-content\/uploads\/2020\/07\/cropped-sil-art.de_substanz-15.jpg\" class=\"wp-image-4099 style-838-image style-local-112-c11-image\" alt=\"\" srcset=\"https:\/\/substanz-schule.de\/cms\/wp-content\/uploads\/2020\/07\/cropped-sil-art.de_substanz-15.jpg 1200w, https:\/\/substanz-schule.de\/cms\/wp-content\/uploads\/2020\/07\/cropped-sil-art.de_substanz-15-300x300.jpg 300w, https:\/\/substanz-schule.de\/cms\/wp-content\/uploads\/2020\/07\/cropped-sil-art.de_substanz-15-1024x1024.jpg 1024w, https:\/\/substanz-schule.de\/cms\/wp-content\/uploads\/2020\/07\/cropped-sil-art.de_substanz-15-150x150.jpg 150w, https:\/\/substanz-schule.de\/cms\/wp-content\/uploads\/2020\/07\/cropped-sil-art.de_substanz-15-768x768.jpg 768w\" sizes=\"auto, (max-width: 1200px) 100vw, 1200px\" \/>\r\n                      <div class=\"h-image__frame h-hide-sm style-838-frameImage style-local-112-c11-frameImage\"><\/div>\r\n                    <\/div>\r\n                  <\/div>\r\n                <\/div>\r\n              <\/div>\r\n            <\/div>\r\n          <\/div>\r\n        <\/div>\r\n      <\/div>\r\n    <\/div>\r\n  <\/div>\r\n<\/div>","protected":false},"excerpt":{"rendered":"<p>DIE BASIS DES B\u00dcHNENTANZES Klassisches&nbsp; Ballett Ballett-Kids &amp; Teeny-Ballett Ballett f\u00fcr Erwachsene &amp; Jugendliche<\/p>\n","protected":false},"author":1,"featured_media":0,"parent":108,"menu_order":0,"comment_status":"closed","ping_status":"closed","template":"page-templates\/full-width-page.php","meta":{"footnotes":""},"class_list":["post-112","page","type-page","status-publish","hentry"],"yoast_head":"<!-- This site is optimized with the Yoast SEO plugin v27.4 - https:\/\/yoast.com\/product\/yoast-seo-wordpress\/ -->\n<title>KlassischesBallett<\/title>\n<meta name=\"description\" content=\"contemporary, jazz-Dance, pilates-studio, pilates, tanzstudio, tanzen f\u00fcr kinder, Ballett f\u00fcr Kinder, ballett in Weinheim, ballett rhein-neckar, ballettschule, tanzschule, tanzen, beste Tanzschule in Weinheim, Kinderballett, hemsbach, weinheim, sulzbach, ballett, kinderballett,, Hip-Hop in Weinheim, kindertanz, rhein-neckar, pilates, online-unterricht, online, online trainieren, bergstrasse, stadthalle weinheim, Heidelberg, Mannheim, Viernheim, floor-barre, pr\u00e4senz und online, training in den ferien, tanzen macht gl\u00fccklich, ballett f\u00fcr Kindergarten, pilates online, tanzen online\" \/>\n<meta name=\"robots\" content=\"index, follow, max-snippet:-1, max-image-preview:large, max-video-preview:-1\" \/>\n<link rel=\"canonical\" href=\"https:\/\/substanz-schule.de\/cms\/kursangebot\/klassiches-ballett\/\" \/>\n<meta property=\"og:locale\" content=\"de_DE\" \/>\n<meta property=\"og:type\" content=\"article\" \/>\n<meta property=\"og:title\" content=\"KlassischesBallett\" \/>\n<meta property=\"og:description\" content=\"contemporary, jazz-Dance, pilates-studio, pilates, tanzstudio, tanzen f\u00fcr kinder, Ballett f\u00fcr Kinder, ballett in Weinheim, ballett rhein-neckar, ballettschule, tanzschule, tanzen, beste Tanzschule in Weinheim, Kinderballett, hemsbach, weinheim, sulzbach, ballett, kinderballett,, Hip-Hop in Weinheim, kindertanz, rhein-neckar, pilates, online-unterricht, online, online trainieren, bergstrasse, stadthalle weinheim, Heidelberg, Mannheim, Viernheim, floor-barre, pr\u00e4senz und online, training in den ferien, tanzen macht gl\u00fccklich, ballett f\u00fcr Kindergarten, pilates online, tanzen online\" \/>\n<meta property=\"og:url\" content=\"https:\/\/substanz-schule.de\/cms\/kursangebot\/klassiches-ballett\/\" \/>\n<meta property=\"og:site_name\" content=\"Substanz-Weinheim\u00b4s moderne Ballettschule\" \/>\n<meta property=\"article:publisher\" content=\"https:\/\/de-de.facebook.com\/pages\/Substanz-Schule-f%c3%bcr-modernen-Tanz\/157581797588267\" \/>\n<meta property=\"article:modified_time\" content=\"2022-03-14T10:00:42+00:00\" \/>\n<meta property=\"og:image\" content=\"https:\/\/substanz-schule.de\/cms\/wp-content\/uploads\/2020\/07\/cropped-sil-art.de_substanz-15.jpg\" \/>\n<script type=\"application\/ld+json\" class=\"yoast-schema-graph\">{\"@context\":\"https:\\\/\\\/schema.org\",\"@graph\":[{\"@type\":\"WebPage\",\"@id\":\"https:\\\/\\\/substanz-schule.de\\\/cms\\\/kursangebot\\\/klassiches-ballett\\\/\",\"url\":\"https:\\\/\\\/substanz-schule.de\\\/cms\\\/kursangebot\\\/klassiches-ballett\\\/\",\"name\":\"KlassischesBallett\",\"isPartOf\":{\"@id\":\"https:\\\/\\\/substanz-schule.de\\\/cms\\\/#website\"},\"primaryImageOfPage\":{\"@id\":\"https:\\\/\\\/substanz-schule.de\\\/cms\\\/kursangebot\\\/klassiches-ballett\\\/#primaryimage\"},\"image\":{\"@id\":\"https:\\\/\\\/substanz-schule.de\\\/cms\\\/kursangebot\\\/klassiches-ballett\\\/#primaryimage\"},\"thumbnailUrl\":\"https:\\\/\\\/substanz-schule.de\\\/cms\\\/wp-content\\\/uploads\\\/2020\\\/07\\\/cropped-sil-art.de_substanz-15.jpg\",\"datePublished\":\"2015-01-16T11:51:38+00:00\",\"dateModified\":\"2022-03-14T10:00:42+00:00\",\"description\":\"contemporary, jazz-Dance, pilates-studio, pilates, tanzstudio, tanzen f\u00fcr kinder, Ballett f\u00fcr Kinder, ballett in Weinheim, ballett rhein-neckar, ballettschule, tanzschule, tanzen, beste Tanzschule in Weinheim, Kinderballett, hemsbach, weinheim, sulzbach, ballett, kinderballett,, Hip-Hop in Weinheim, kindertanz, rhein-neckar, pilates, online-unterricht, online, online trainieren, bergstrasse, stadthalle weinheim, Heidelberg, Mannheim, Viernheim, floor-barre, pr\u00e4senz und online, training in den ferien, tanzen macht gl\u00fccklich, ballett f\u00fcr Kindergarten, pilates online, tanzen online\",\"breadcrumb\":{\"@id\":\"https:\\\/\\\/substanz-schule.de\\\/cms\\\/kursangebot\\\/klassiches-ballett\\\/#breadcrumb\"},\"inLanguage\":\"de\",\"potentialAction\":[{\"@type\":\"ReadAction\",\"target\":[\"https:\\\/\\\/substanz-schule.de\\\/cms\\\/kursangebot\\\/klassiches-ballett\\\/\"]}]},{\"@type\":\"ImageObject\",\"inLanguage\":\"de\",\"@id\":\"https:\\\/\\\/substanz-schule.de\\\/cms\\\/kursangebot\\\/klassiches-ballett\\\/#primaryimage\",\"url\":\"https:\\\/\\\/substanz-schule.de\\\/cms\\\/wp-content\\\/uploads\\\/2020\\\/07\\\/cropped-sil-art.de_substanz-15.jpg\",\"contentUrl\":\"https:\\\/\\\/substanz-schule.de\\\/cms\\\/wp-content\\\/uploads\\\/2020\\\/07\\\/cropped-sil-art.de_substanz-15.jpg\",\"width\":1200,\"height\":1200},{\"@type\":\"BreadcrumbList\",\"@id\":\"https:\\\/\\\/substanz-schule.de\\\/cms\\\/kursangebot\\\/klassiches-ballett\\\/#breadcrumb\",\"itemListElement\":[{\"@type\":\"ListItem\",\"position\":1,\"name\":\"Home\",\"item\":\"https:\\\/\\\/substanz-schule.de\\\/cms\\\/\"},{\"@type\":\"ListItem\",\"position\":2,\"name\":\"Kursangebot\",\"item\":\"https:\\\/\\\/substanz-schule.de\\\/cms\\\/kursangebot\\\/\"},{\"@type\":\"ListItem\",\"position\":3,\"name\":\"Klassisches Ballett\"}]},{\"@type\":\"WebSite\",\"@id\":\"https:\\\/\\\/substanz-schule.de\\\/cms\\\/#website\",\"url\":\"https:\\\/\\\/substanz-schule.de\\\/cms\\\/\",\"name\":\"Substanz-Weinheim\u00b4s moderne Ballettschule\",\"description\":\"- seit 1997 -\",\"publisher\":{\"@id\":\"https:\\\/\\\/substanz-schule.de\\\/cms\\\/#organization\"},\"potentialAction\":[{\"@type\":\"SearchAction\",\"target\":{\"@type\":\"EntryPoint\",\"urlTemplate\":\"https:\\\/\\\/substanz-schule.de\\\/cms\\\/?s={search_term_string}\"},\"query-input\":{\"@type\":\"PropertyValueSpecification\",\"valueRequired\":true,\"valueName\":\"search_term_string\"}}],\"inLanguage\":\"de\"},{\"@type\":\"Organization\",\"@id\":\"https:\\\/\\\/substanz-schule.de\\\/cms\\\/#organization\",\"name\":\"Substanz - Schule f\u00fcr modernen Tanz\",\"url\":\"https:\\\/\\\/substanz-schule.de\\\/cms\\\/\",\"logo\":{\"@type\":\"ImageObject\",\"inLanguage\":\"de\",\"@id\":\"https:\\\/\\\/substanz-schule.de\\\/cms\\\/#\\\/schema\\\/logo\\\/image\\\/\",\"url\":\"https:\\\/\\\/substanz-schule.de\\\/cms\\\/wp-content\\\/uploads\\\/2017\\\/08\\\/cropped-cropped-substanz_Logoneu.jpg\",\"contentUrl\":\"https:\\\/\\\/substanz-schule.de\\\/cms\\\/wp-content\\\/uploads\\\/2017\\\/08\\\/cropped-cropped-substanz_Logoneu.jpg\",\"width\":220,\"height\":173,\"caption\":\"Substanz - Schule f\u00fcr modernen Tanz\"},\"image\":{\"@id\":\"https:\\\/\\\/substanz-schule.de\\\/cms\\\/#\\\/schema\\\/logo\\\/image\\\/\"},\"sameAs\":[\"https:\\\/\\\/de-de.facebook.com\\\/pages\\\/Substanz-Schule-f\u00fcr-modernen-Tanz\\\/157581797588267\",\"https:\\\/\\\/www.instagram.com\\\/substanz_weinheim\\\/\"]}]}<\/script>\n<!-- \/ Yoast SEO plugin. -->","yoast_head_json":{"title":"KlassischesBallett","description":"contemporary, jazz-Dance, pilates-studio, pilates, tanzstudio, tanzen f\u00fcr kinder, Ballett f\u00fcr Kinder, ballett in Weinheim, ballett rhein-neckar, ballettschule, tanzschule, tanzen, beste Tanzschule in Weinheim, Kinderballett, hemsbach, weinheim, sulzbach, ballett, kinderballett,, Hip-Hop in Weinheim, kindertanz, rhein-neckar, pilates, online-unterricht, online, online trainieren, bergstrasse, stadthalle weinheim, Heidelberg, Mannheim, Viernheim, floor-barre, pr\u00e4senz und online, training in den ferien, tanzen macht gl\u00fccklich, ballett f\u00fcr Kindergarten, pilates online, tanzen online","robots":{"index":"index","follow":"follow","max-snippet":"max-snippet:-1","max-image-preview":"max-image-preview:large","max-video-preview":"max-video-preview:-1"},"canonical":"https:\/\/substanz-schule.de\/cms\/kursangebot\/klassiches-ballett\/","og_locale":"de_DE","og_type":"article","og_title":"KlassischesBallett","og_description":"contemporary, jazz-Dance, pilates-studio, pilates, tanzstudio, tanzen f\u00fcr kinder, Ballett f\u00fcr Kinder, ballett in Weinheim, ballett rhein-neckar, ballettschule, tanzschule, tanzen, beste Tanzschule in Weinheim, Kinderballett, hemsbach, weinheim, sulzbach, ballett, kinderballett,, Hip-Hop in Weinheim, kindertanz, rhein-neckar, pilates, online-unterricht, online, online trainieren, bergstrasse, stadthalle weinheim, Heidelberg, Mannheim, Viernheim, floor-barre, pr\u00e4senz und online, training in den ferien, tanzen macht gl\u00fccklich, ballett f\u00fcr Kindergarten, pilates online, tanzen online","og_url":"https:\/\/substanz-schule.de\/cms\/kursangebot\/klassiches-ballett\/","og_site_name":"Substanz-Weinheim\u00b4s moderne Ballettschule","article_publisher":"https:\/\/de-de.facebook.com\/pages\/Substanz-Schule-f%c3%bcr-modernen-Tanz\/157581797588267","article_modified_time":"2022-03-14T10:00:42+00:00","og_image":[{"url":"https:\/\/substanz-schule.de\/cms\/wp-content\/uploads\/2020\/07\/cropped-sil-art.de_substanz-15.jpg","type":"","width":"","height":""}],"schema":{"@context":"https:\/\/schema.org","@graph":[{"@type":"WebPage","@id":"https:\/\/substanz-schule.de\/cms\/kursangebot\/klassiches-ballett\/","url":"https:\/\/substanz-schule.de\/cms\/kursangebot\/klassiches-ballett\/","name":"KlassischesBallett","isPartOf":{"@id":"https:\/\/substanz-schule.de\/cms\/#website"},"primaryImageOfPage":{"@id":"https:\/\/substanz-schule.de\/cms\/kursangebot\/klassiches-ballett\/#primaryimage"},"image":{"@id":"https:\/\/substanz-schule.de\/cms\/kursangebot\/klassiches-ballett\/#primaryimage"},"thumbnailUrl":"https:\/\/substanz-schule.de\/cms\/wp-content\/uploads\/2020\/07\/cropped-sil-art.de_substanz-15.jpg","datePublished":"2015-01-16T11:51:38+00:00","dateModified":"2022-03-14T10:00:42+00:00","description":"contemporary, jazz-Dance, pilates-studio, pilates, tanzstudio, tanzen f\u00fcr kinder, Ballett f\u00fcr Kinder, ballett in Weinheim, ballett rhein-neckar, ballettschule, tanzschule, tanzen, beste Tanzschule in Weinheim, Kinderballett, hemsbach, weinheim, sulzbach, ballett, kinderballett,, Hip-Hop in Weinheim, kindertanz, rhein-neckar, pilates, online-unterricht, online, online trainieren, bergstrasse, stadthalle weinheim, Heidelberg, Mannheim, Viernheim, floor-barre, pr\u00e4senz und online, training in den ferien, tanzen macht gl\u00fccklich, ballett f\u00fcr Kindergarten, pilates online, tanzen online","breadcrumb":{"@id":"https:\/\/substanz-schule.de\/cms\/kursangebot\/klassiches-ballett\/#breadcrumb"},"inLanguage":"de","potentialAction":[{"@type":"ReadAction","target":["https:\/\/substanz-schule.de\/cms\/kursangebot\/klassiches-ballett\/"]}]},{"@type":"ImageObject","inLanguage":"de","@id":"https:\/\/substanz-schule.de\/cms\/kursangebot\/klassiches-ballett\/#primaryimage","url":"https:\/\/substanz-schule.de\/cms\/wp-content\/uploads\/2020\/07\/cropped-sil-art.de_substanz-15.jpg","contentUrl":"https:\/\/substanz-schule.de\/cms\/wp-content\/uploads\/2020\/07\/cropped-sil-art.de_substanz-15.jpg","width":1200,"height":1200},{"@type":"BreadcrumbList","@id":"https:\/\/substanz-schule.de\/cms\/kursangebot\/klassiches-ballett\/#breadcrumb","itemListElement":[{"@type":"ListItem","position":1,"name":"Home","item":"https:\/\/substanz-schule.de\/cms\/"},{"@type":"ListItem","position":2,"name":"Kursangebot","item":"https:\/\/substanz-schule.de\/cms\/kursangebot\/"},{"@type":"ListItem","position":3,"name":"Klassisches Ballett"}]},{"@type":"WebSite","@id":"https:\/\/substanz-schule.de\/cms\/#website","url":"https:\/\/substanz-schule.de\/cms\/","name":"Substanz-Weinheim\u00b4s moderne Ballettschule","description":"- seit 1997 -","publisher":{"@id":"https:\/\/substanz-schule.de\/cms\/#organization"},"potentialAction":[{"@type":"SearchAction","target":{"@type":"EntryPoint","urlTemplate":"https:\/\/substanz-schule.de\/cms\/?s={search_term_string}"},"query-input":{"@type":"PropertyValueSpecification","valueRequired":true,"valueName":"search_term_string"}}],"inLanguage":"de"},{"@type":"Organization","@id":"https:\/\/substanz-schule.de\/cms\/#organization","name":"Substanz - Schule f\u00fcr modernen Tanz","url":"https:\/\/substanz-schule.de\/cms\/","logo":{"@type":"ImageObject","inLanguage":"de","@id":"https:\/\/substanz-schule.de\/cms\/#\/schema\/logo\/image\/","url":"https:\/\/substanz-schule.de\/cms\/wp-content\/uploads\/2017\/08\/cropped-cropped-substanz_Logoneu.jpg","contentUrl":"https:\/\/substanz-schule.de\/cms\/wp-content\/uploads\/2017\/08\/cropped-cropped-substanz_Logoneu.jpg","width":220,"height":173,"caption":"Substanz - Schule f\u00fcr modernen Tanz"},"image":{"@id":"https:\/\/substanz-schule.de\/cms\/#\/schema\/logo\/image\/"},"sameAs":["https:\/\/de-de.facebook.com\/pages\/Substanz-Schule-f\u00fcr-modernen-Tanz\/157581797588267","https:\/\/www.instagram.com\/substanz_weinheim\/"]}]}},"_links":{"self":[{"href":"https:\/\/substanz-schule.de\/cms\/wp-json\/wp\/v2\/pages\/112","targetHints":{"allow":["GET"]}}],"collection":[{"href":"https:\/\/substanz-schule.de\/cms\/wp-json\/wp\/v2\/pages"}],"about":[{"href":"https:\/\/substanz-schule.de\/cms\/wp-json\/wp\/v2\/types\/page"}],"author":[{"embeddable":true,"href":"https:\/\/substanz-schule.de\/cms\/wp-json\/wp\/v2\/users\/1"}],"replies":[{"embeddable":true,"href":"https:\/\/substanz-schule.de\/cms\/wp-json\/wp\/v2\/comments?post=112"}],"version-history":[{"count":20,"href":"https:\/\/substanz-schule.de\/cms\/wp-json\/wp\/v2\/pages\/112\/revisions"}],"predecessor-version":[{"id":5413,"href":"https:\/\/substanz-schule.de\/cms\/wp-json\/wp\/v2\/pages\/112\/revisions\/5413"}],"up":[{"embeddable":true,"href":"https:\/\/substanz-schule.de\/cms\/wp-json\/wp\/v2\/pages\/108"}],"wp:attachment":[{"href":"https:\/\/substanz-schule.de\/cms\/wp-json\/wp\/v2\/media?parent=112"}],"curies":[{"name":"wp","href":"https:\/\/api.w.org\/{rel}","templated":true}]}}