{"id":114,"date":"2015-01-16T13:53:14","date_gmt":"2015-01-16T11:53:14","guid":{"rendered":"http:\/\/substanz-schule.de\/cms\/?page_id=114"},"modified":"2025-07-04T12:51:57","modified_gmt":"2025-07-04T11:51:57","slug":"modern-dance","status":"publish","type":"page","link":"https:\/\/substanz-schule.de\/cms\/kursangebot\/modern-dance\/","title":{"rendered":"Contemporary"},"content":{"rendered":"<div data-colibri-id=\"114-c1\" class=\"style-709 style-local-114-c1 position-relative\">\n  <!---->\n  <div data-colibri-component=\"section\" data-colibri-id=\"114-c2\" id=\"about\" class=\"h-section h-section-global-spacing d-flex align-items-lg-center align-items-md-center align-items-center style-724 style-local-114-c2 position-relative\">\n    <!---->\n    <!---->\n    <div class=\"h-section-grid-container h-section-boxed-container\">\n      <!---->\n      <div data-colibri-id=\"114-c3\" class=\"h-row-container gutters-row-lg-2 gutters-row-md-2 gutters-row-2 gutters-row-v-lg-2 gutters-row-v-md-2 gutters-row-v-2 style-725 style-local-114-c3 position-relative\">\n        <!---->\n        <div class=\"h-row justify-content-lg-center justify-content-md-center justify-content-center align-items-lg-stretch align-items-md-stretch align-items-stretch gutters-col-lg-2 gutters-col-md-2 gutters-col-2 gutters-col-v-lg-2 gutters-col-v-md-2 gutters-col-v-2\">\n          <!---->\n          <div class=\"h-column h-column-container d-flex h-col-lg-auto h-col-md-auto h-col-auto style-726-outer style-local-114-c4-outer\">\n            <div data-colibri-id=\"114-c4\" class=\"d-flex h-flex-basis h-column__inner h-px-lg-2 h-px-md-2 h-px-2 v-inner-lg-2 v-inner-md-2 v-inner-2 style-726 style-local-114-c4 position-relative\">\n              <!---->\n              <!---->\n              <div class=\"w-100 h-y-container h-column__content h-column__v-align flex-basis-100 align-self-lg-center align-self-md-center align-self-center\">\n                <!---->\n                <div data-colibri-id=\"114-c5\" class=\"h-global-transition-all h-heading style-727 style-local-114-c5 position-relative h-element\">\n                  <!---->\n                  <div class=\"h-heading__outer style-727 style-local-114-c5\">\n                    <!---->\n                    <!---->\n                    <h5 class=\"\">TANZFORM DES 21.JAHRHUNDERTS<\/h5>\n                  <\/div>\n                <\/div>\n                <div data-colibri-id=\"114-c6\" class=\"h-global-transition-all h-heading style-728 style-local-114-c6 position-relative h-element\">\n                  <!---->\n                  <div class=\"h-heading__outer style-728 style-local-114-c6\">\n                    <!---->\n                    <!---->\n                    <h2 class=\"\"><em style=\"color: rgb(247, 144, 7); font-family: &quot;Playfair Display&quot;;\">Contemporary<\/em><\/h2>\n                  <\/div>\n                <\/div>\n                <div data-colibri-id=\"114-c7\" class=\"h-text h-text-component style-729 style-local-114-c7 position-relative h-element\">\n                  <!---->\n                  <!---->\n                  <div class=\"\">\n                    <p>\n                      <br>\n                    <\/p>\n                    <p><strong style=\"color: rgb(0, 0, 0);\">Jugendliche<\/strong><\/p>\n                    <p><span style=\"color: rgb(0, 0, 0);\">ab 9.Klasse: Donnerstags 18:30 Uhr (geschlossen)<\/span><\/p>\n                    <p>\n                      <br>\n                    <\/p>\n                    <p><strong style=\"color: rgb(0, 0, 0);\">Erwachsene:&nbsp;<\/strong><\/p>\n                    <p><span style=\"color: rgb(0, 0, 0);\">Montags 20:30 Uhr (Mittelstufe)<\/span><\/p>\n                    <p><span style=\"color: rgb(0, 0, 0);\">Dienstags 19:00 Uhr (Fortgeschritten)<\/span><\/p>\n                    <p>\n                      <br>\n                    <\/p>\n                  <\/div>\n                <\/div>\n                <div data-colibri-id=\"114-c8\" class=\"h-x-container style-730 style-local-114-c8 position-relative h-element\">\n                  <!---->\n                  <div class=\"h-x-container-inner style-dynamic-114-c8-group style-730-spacing style-local-114-c8-spacing\"><span class=\"h-button__outer style-731-outer style-local-114-c9-outer d-inline-flex h-element\"><a h-use-smooth-scroll=\"true\" href=\"https:\/\/substanz.msvplus.de\/online-anmeldung\/\"  data-colibri-id=\"114-c9\" class=\"d-flex w-100 align-items-center h-button justify-content-lg-center justify-content-md-center justify-content-center style-731 style-local-114-c9 position-relative\"><!----><!----> <span>Zur kostenlosen Probestunde<\/span><\/a>\n                    <\/span>\n                  <\/div>\n                <\/div>\n              <\/div>\n            <\/div>\n          <\/div>\n          <div class=\"h-column h-column-container d-flex h-col-lg-auto h-col-md-auto h-col-auto style-732-outer style-local-114-c10-outer\">\n            <div data-colibri-id=\"114-c10\" class=\"d-flex h-flex-basis h-column__inner h-px-lg-2 h-px-md-2 h-px-2 v-inner-lg-2 v-inner-md-2 v-inner-2 style-732 style-local-114-c10 position-relative\">\n              <!---->\n              <!---->\n              <div class=\"w-100 h-y-container h-column__content h-column__v-align flex-basis-100 align-self-lg-center align-self-md-center align-self-center\">\n                <!---->\n                <div data-colibri-id=\"114-c11\" class=\"d-block style-733 style-local-114-c11 position-relative h-element\">\n                  <!---->\n                  <div class=\"h-image__frame-container-outer\">\n                    <div class=\"h-image__frame-container\">\n                      <!---->\n                      <!---->\n                      <img loading=\"lazy\" decoding=\"async\" width=\"800\" height=\"800\" src=\"https:\/\/substanz-schule.de\/cms\/wp-content\/uploads\/2019\/08\/cropped-cropped-cropped-HomepageBild7-1.jpg\" class=\"wp-image-3966 style-733-image style-local-114-c11-image\" alt=\"\" srcset=\"https:\/\/substanz-schule.de\/cms\/wp-content\/uploads\/2019\/08\/cropped-cropped-cropped-HomepageBild7-1.jpg 800w, https:\/\/substanz-schule.de\/cms\/wp-content\/uploads\/2019\/08\/cropped-cropped-cropped-HomepageBild7-1-300x300.jpg 300w, https:\/\/substanz-schule.de\/cms\/wp-content\/uploads\/2019\/08\/cropped-cropped-cropped-HomepageBild7-1-150x150.jpg 150w, https:\/\/substanz-schule.de\/cms\/wp-content\/uploads\/2019\/08\/cropped-cropped-cropped-HomepageBild7-1-768x768.jpg 768w\" sizes=\"auto, (max-width: 800px) 100vw, 800px\" \/>\n                      <div class=\"h-image__frame h-hide-sm style-733-frameImage style-local-114-c11-frameImage\"><\/div>\n                    <\/div>\n                  <\/div>\n                <\/div>\n              <\/div>\n            <\/div>\n          <\/div>\n        <\/div>\n      <\/div>\n    <\/div>\n  <\/div>\n<\/div>","protected":false},"excerpt":{"rendered":"<p>TANZFORM DES 21.JAHRHUNDERTS Contemporary Jugendliche ab 9.Klasse: Donnerstags 18:30 Uhr (geschlossen) Erwachsene:&nbsp; Montags 20:30 Uhr (Mittelstufe) Dienstags 19:00 Uhr (Fortgeschritten) Zur kostenlosen Probestunde<\/p>\n","protected":false},"author":1,"featured_media":0,"parent":108,"menu_order":2,"comment_status":"closed","ping_status":"closed","template":"page-templates\/full-width-page.php","meta":{"footnotes":""},"class_list":["post-114","page","type-page","status-publish","hentry"],"yoast_head":"<!-- This site is optimized with the Yoast SEO plugin v27.4 - https:\/\/yoast.com\/product\/yoast-seo-wordpress\/ -->\n<title>ModernDance, Contemporary<\/title>\n<meta name=\"description\" content=\"contemporary, jazz-Dance, pilates-studio, pilates, tanzstudio, tanzen f\u00fcr kinder, Ballett f\u00fcr Kinder, ballett in Weinheim, ballett rhein-neckar, ballettschule, tanzschule, tanzen, beste Tanzschule in Weinheim, Kinderballett, hemsbach, weinheim, sulzbach, ballett, kinderballett,, Hip-Hop in Weinheim, kindertanz, rhein-neckar, pilates, online-unterricht, online, online trainieren, bergstrasse, stadthalle weinheim, Heidelberg, Mannheim, Viernheim, floor-barre, pr\u00e4senz und online, training in den ferien, tanzen macht gl\u00fccklich, ballett f\u00fcr Kindergarten, pilates online, tanzen online\" \/>\n<meta name=\"robots\" content=\"index, follow, max-snippet:-1, max-image-preview:large, max-video-preview:-1\" \/>\n<link rel=\"canonical\" href=\"https:\/\/substanz-schule.de\/cms\/kursangebot\/modern-dance\/\" \/>\n<meta property=\"og:locale\" content=\"de_DE\" \/>\n<meta property=\"og:type\" content=\"article\" \/>\n<meta property=\"og:title\" content=\"ModernDance, Contemporary\" \/>\n<meta property=\"og:description\" content=\"contemporary, jazz-Dance, pilates-studio, pilates, tanzstudio, tanzen f\u00fcr kinder, Ballett f\u00fcr Kinder, ballett in Weinheim, ballett rhein-neckar, ballettschule, tanzschule, tanzen, beste Tanzschule in Weinheim, Kinderballett, hemsbach, weinheim, sulzbach, ballett, kinderballett,, Hip-Hop in Weinheim, kindertanz, rhein-neckar, pilates, online-unterricht, online, online trainieren, bergstrasse, stadthalle weinheim, Heidelberg, Mannheim, Viernheim, floor-barre, pr\u00e4senz und online, training in den ferien, tanzen macht gl\u00fccklich, ballett f\u00fcr Kindergarten, pilates online, tanzen online\" \/>\n<meta property=\"og:url\" content=\"https:\/\/substanz-schule.de\/cms\/kursangebot\/modern-dance\/\" \/>\n<meta property=\"og:site_name\" content=\"Substanz-Weinheim\u00b4s moderne Ballettschule\" \/>\n<meta property=\"article:publisher\" content=\"https:\/\/de-de.facebook.com\/pages\/Substanz-Schule-f%c3%bcr-modernen-Tanz\/157581797588267\" \/>\n<meta property=\"article:modified_time\" content=\"2025-07-04T11:51:57+00:00\" \/>\n<meta property=\"og:image\" content=\"https:\/\/substanz-schule.de\/cms\/wp-content\/uploads\/2019\/08\/cropped-cropped-cropped-HomepageBild7-1.jpg\" \/>\n\t<meta property=\"og:image:width\" content=\"800\" \/>\n\t<meta property=\"og:image:height\" content=\"800\" \/>\n\t<meta property=\"og:image:type\" content=\"image\/jpeg\" \/>\n<script type=\"application\/ld+json\" class=\"yoast-schema-graph\">{\"@context\":\"https:\\\/\\\/schema.org\",\"@graph\":[{\"@type\":\"WebPage\",\"@id\":\"https:\\\/\\\/substanz-schule.de\\\/cms\\\/kursangebot\\\/modern-dance\\\/\",\"url\":\"https:\\\/\\\/substanz-schule.de\\\/cms\\\/kursangebot\\\/modern-dance\\\/\",\"name\":\"ModernDance, Contemporary\",\"isPartOf\":{\"@id\":\"https:\\\/\\\/substanz-schule.de\\\/cms\\\/#website\"},\"primaryImageOfPage\":{\"@id\":\"https:\\\/\\\/substanz-schule.de\\\/cms\\\/kursangebot\\\/modern-dance\\\/#primaryimage\"},\"image\":{\"@id\":\"https:\\\/\\\/substanz-schule.de\\\/cms\\\/kursangebot\\\/modern-dance\\\/#primaryimage\"},\"thumbnailUrl\":\"https:\\\/\\\/substanz-schule.de\\\/cms\\\/wp-content\\\/uploads\\\/2019\\\/08\\\/cropped-cropped-cropped-HomepageBild7-1.jpg\",\"datePublished\":\"2015-01-16T11:53:14+00:00\",\"dateModified\":\"2025-07-04T11:51:57+00:00\",\"description\":\"contemporary, jazz-Dance, pilates-studio, pilates, tanzstudio, tanzen f\u00fcr kinder, Ballett f\u00fcr Kinder, ballett in Weinheim, ballett rhein-neckar, ballettschule, tanzschule, tanzen, beste Tanzschule in Weinheim, Kinderballett, hemsbach, weinheim, sulzbach, ballett, kinderballett,, Hip-Hop in Weinheim, kindertanz, rhein-neckar, pilates, online-unterricht, online, online trainieren, bergstrasse, stadthalle weinheim, Heidelberg, Mannheim, Viernheim, floor-barre, pr\u00e4senz und online, training in den ferien, tanzen macht gl\u00fccklich, ballett f\u00fcr Kindergarten, pilates online, tanzen online\",\"breadcrumb\":{\"@id\":\"https:\\\/\\\/substanz-schule.de\\\/cms\\\/kursangebot\\\/modern-dance\\\/#breadcrumb\"},\"inLanguage\":\"de\",\"potentialAction\":[{\"@type\":\"ReadAction\",\"target\":[\"https:\\\/\\\/substanz-schule.de\\\/cms\\\/kursangebot\\\/modern-dance\\\/\"]}]},{\"@type\":\"ImageObject\",\"inLanguage\":\"de\",\"@id\":\"https:\\\/\\\/substanz-schule.de\\\/cms\\\/kursangebot\\\/modern-dance\\\/#primaryimage\",\"url\":\"https:\\\/\\\/substanz-schule.de\\\/cms\\\/wp-content\\\/uploads\\\/2019\\\/08\\\/cropped-cropped-cropped-HomepageBild7-1.jpg\",\"contentUrl\":\"https:\\\/\\\/substanz-schule.de\\\/cms\\\/wp-content\\\/uploads\\\/2019\\\/08\\\/cropped-cropped-cropped-HomepageBild7-1.jpg\",\"width\":800,\"height\":800},{\"@type\":\"BreadcrumbList\",\"@id\":\"https:\\\/\\\/substanz-schule.de\\\/cms\\\/kursangebot\\\/modern-dance\\\/#breadcrumb\",\"itemListElement\":[{\"@type\":\"ListItem\",\"position\":1,\"name\":\"Home\",\"item\":\"https:\\\/\\\/substanz-schule.de\\\/cms\\\/\"},{\"@type\":\"ListItem\",\"position\":2,\"name\":\"Kursangebot\",\"item\":\"https:\\\/\\\/substanz-schule.de\\\/cms\\\/kursangebot\\\/\"},{\"@type\":\"ListItem\",\"position\":3,\"name\":\"Contemporary\"}]},{\"@type\":\"WebSite\",\"@id\":\"https:\\\/\\\/substanz-schule.de\\\/cms\\\/#website\",\"url\":\"https:\\\/\\\/substanz-schule.de\\\/cms\\\/\",\"name\":\"Substanz-Weinheim\u00b4s moderne Ballettschule\",\"description\":\"- seit 1997 -\",\"publisher\":{\"@id\":\"https:\\\/\\\/substanz-schule.de\\\/cms\\\/#organization\"},\"potentialAction\":[{\"@type\":\"SearchAction\",\"target\":{\"@type\":\"EntryPoint\",\"urlTemplate\":\"https:\\\/\\\/substanz-schule.de\\\/cms\\\/?s={search_term_string}\"},\"query-input\":{\"@type\":\"PropertyValueSpecification\",\"valueRequired\":true,\"valueName\":\"search_term_string\"}}],\"inLanguage\":\"de\"},{\"@type\":\"Organization\",\"@id\":\"https:\\\/\\\/substanz-schule.de\\\/cms\\\/#organization\",\"name\":\"Substanz - Schule f\u00fcr modernen Tanz\",\"url\":\"https:\\\/\\\/substanz-schule.de\\\/cms\\\/\",\"logo\":{\"@type\":\"ImageObject\",\"inLanguage\":\"de\",\"@id\":\"https:\\\/\\\/substanz-schule.de\\\/cms\\\/#\\\/schema\\\/logo\\\/image\\\/\",\"url\":\"https:\\\/\\\/substanz-schule.de\\\/cms\\\/wp-content\\\/uploads\\\/2017\\\/08\\\/cropped-cropped-substanz_Logoneu.jpg\",\"contentUrl\":\"https:\\\/\\\/substanz-schule.de\\\/cms\\\/wp-content\\\/uploads\\\/2017\\\/08\\\/cropped-cropped-substanz_Logoneu.jpg\",\"width\":220,\"height\":173,\"caption\":\"Substanz - Schule f\u00fcr modernen Tanz\"},\"image\":{\"@id\":\"https:\\\/\\\/substanz-schule.de\\\/cms\\\/#\\\/schema\\\/logo\\\/image\\\/\"},\"sameAs\":[\"https:\\\/\\\/de-de.facebook.com\\\/pages\\\/Substanz-Schule-f\u00fcr-modernen-Tanz\\\/157581797588267\",\"https:\\\/\\\/www.instagram.com\\\/substanz_weinheim\\\/\"]}]}<\/script>\n<!-- \/ Yoast SEO plugin. -->","yoast_head_json":{"title":"ModernDance, Contemporary","description":"contemporary, jazz-Dance, pilates-studio, pilates, tanzstudio, tanzen f\u00fcr kinder, Ballett f\u00fcr Kinder, ballett in Weinheim, ballett rhein-neckar, ballettschule, tanzschule, tanzen, beste Tanzschule in Weinheim, Kinderballett, hemsbach, weinheim, sulzbach, ballett, kinderballett,, Hip-Hop in Weinheim, kindertanz, rhein-neckar, pilates, online-unterricht, online, online trainieren, bergstrasse, stadthalle weinheim, Heidelberg, Mannheim, Viernheim, floor-barre, pr\u00e4senz und online, training in den ferien, tanzen macht gl\u00fccklich, ballett f\u00fcr Kindergarten, pilates online, tanzen online","robots":{"index":"index","follow":"follow","max-snippet":"max-snippet:-1","max-image-preview":"max-image-preview:large","max-video-preview":"max-video-preview:-1"},"canonical":"https:\/\/substanz-schule.de\/cms\/kursangebot\/modern-dance\/","og_locale":"de_DE","og_type":"article","og_title":"ModernDance, Contemporary","og_description":"contemporary, jazz-Dance, pilates-studio, pilates, tanzstudio, tanzen f\u00fcr kinder, Ballett f\u00fcr Kinder, ballett in Weinheim, ballett rhein-neckar, ballettschule, tanzschule, tanzen, beste Tanzschule in Weinheim, Kinderballett, hemsbach, weinheim, sulzbach, ballett, kinderballett,, Hip-Hop in Weinheim, kindertanz, rhein-neckar, pilates, online-unterricht, online, online trainieren, bergstrasse, stadthalle weinheim, Heidelberg, Mannheim, Viernheim, floor-barre, pr\u00e4senz und online, training in den ferien, tanzen macht gl\u00fccklich, ballett f\u00fcr Kindergarten, pilates online, tanzen online","og_url":"https:\/\/substanz-schule.de\/cms\/kursangebot\/modern-dance\/","og_site_name":"Substanz-Weinheim\u00b4s moderne Ballettschule","article_publisher":"https:\/\/de-de.facebook.com\/pages\/Substanz-Schule-f%c3%bcr-modernen-Tanz\/157581797588267","article_modified_time":"2025-07-04T11:51:57+00:00","og_image":[{"width":800,"height":800,"url":"https:\/\/substanz-schule.de\/cms\/wp-content\/uploads\/2019\/08\/cropped-cropped-cropped-HomepageBild7-1.jpg","type":"image\/jpeg"}],"schema":{"@context":"https:\/\/schema.org","@graph":[{"@type":"WebPage","@id":"https:\/\/substanz-schule.de\/cms\/kursangebot\/modern-dance\/","url":"https:\/\/substanz-schule.de\/cms\/kursangebot\/modern-dance\/","name":"ModernDance, Contemporary","isPartOf":{"@id":"https:\/\/substanz-schule.de\/cms\/#website"},"primaryImageOfPage":{"@id":"https:\/\/substanz-schule.de\/cms\/kursangebot\/modern-dance\/#primaryimage"},"image":{"@id":"https:\/\/substanz-schule.de\/cms\/kursangebot\/modern-dance\/#primaryimage"},"thumbnailUrl":"https:\/\/substanz-schule.de\/cms\/wp-content\/uploads\/2019\/08\/cropped-cropped-cropped-HomepageBild7-1.jpg","datePublished":"2015-01-16T11:53:14+00:00","dateModified":"2025-07-04T11:51:57+00:00","description":"contemporary, jazz-Dance, pilates-studio, pilates, tanzstudio, tanzen f\u00fcr kinder, Ballett f\u00fcr Kinder, ballett in Weinheim, ballett rhein-neckar, ballettschule, tanzschule, tanzen, beste Tanzschule in Weinheim, Kinderballett, hemsbach, weinheim, sulzbach, ballett, kinderballett,, Hip-Hop in Weinheim, kindertanz, rhein-neckar, pilates, online-unterricht, online, online trainieren, bergstrasse, stadthalle weinheim, Heidelberg, Mannheim, Viernheim, floor-barre, pr\u00e4senz und online, training in den ferien, tanzen macht gl\u00fccklich, ballett f\u00fcr Kindergarten, pilates online, tanzen online","breadcrumb":{"@id":"https:\/\/substanz-schule.de\/cms\/kursangebot\/modern-dance\/#breadcrumb"},"inLanguage":"de","potentialAction":[{"@type":"ReadAction","target":["https:\/\/substanz-schule.de\/cms\/kursangebot\/modern-dance\/"]}]},{"@type":"ImageObject","inLanguage":"de","@id":"https:\/\/substanz-schule.de\/cms\/kursangebot\/modern-dance\/#primaryimage","url":"https:\/\/substanz-schule.de\/cms\/wp-content\/uploads\/2019\/08\/cropped-cropped-cropped-HomepageBild7-1.jpg","contentUrl":"https:\/\/substanz-schule.de\/cms\/wp-content\/uploads\/2019\/08\/cropped-cropped-cropped-HomepageBild7-1.jpg","width":800,"height":800},{"@type":"BreadcrumbList","@id":"https:\/\/substanz-schule.de\/cms\/kursangebot\/modern-dance\/#breadcrumb","itemListElement":[{"@type":"ListItem","position":1,"name":"Home","item":"https:\/\/substanz-schule.de\/cms\/"},{"@type":"ListItem","position":2,"name":"Kursangebot","item":"https:\/\/substanz-schule.de\/cms\/kursangebot\/"},{"@type":"ListItem","position":3,"name":"Contemporary"}]},{"@type":"WebSite","@id":"https:\/\/substanz-schule.de\/cms\/#website","url":"https:\/\/substanz-schule.de\/cms\/","name":"Substanz-Weinheim\u00b4s moderne Ballettschule","description":"- seit 1997 -","publisher":{"@id":"https:\/\/substanz-schule.de\/cms\/#organization"},"potentialAction":[{"@type":"SearchAction","target":{"@type":"EntryPoint","urlTemplate":"https:\/\/substanz-schule.de\/cms\/?s={search_term_string}"},"query-input":{"@type":"PropertyValueSpecification","valueRequired":true,"valueName":"search_term_string"}}],"inLanguage":"de"},{"@type":"Organization","@id":"https:\/\/substanz-schule.de\/cms\/#organization","name":"Substanz - Schule f\u00fcr modernen Tanz","url":"https:\/\/substanz-schule.de\/cms\/","logo":{"@type":"ImageObject","inLanguage":"de","@id":"https:\/\/substanz-schule.de\/cms\/#\/schema\/logo\/image\/","url":"https:\/\/substanz-schule.de\/cms\/wp-content\/uploads\/2017\/08\/cropped-cropped-substanz_Logoneu.jpg","contentUrl":"https:\/\/substanz-schule.de\/cms\/wp-content\/uploads\/2017\/08\/cropped-cropped-substanz_Logoneu.jpg","width":220,"height":173,"caption":"Substanz - Schule f\u00fcr modernen Tanz"},"image":{"@id":"https:\/\/substanz-schule.de\/cms\/#\/schema\/logo\/image\/"},"sameAs":["https:\/\/de-de.facebook.com\/pages\/Substanz-Schule-f\u00fcr-modernen-Tanz\/157581797588267","https:\/\/www.instagram.com\/substanz_weinheim\/"]}]}},"_links":{"self":[{"href":"https:\/\/substanz-schule.de\/cms\/wp-json\/wp\/v2\/pages\/114","targetHints":{"allow":["GET"]}}],"collection":[{"href":"https:\/\/substanz-schule.de\/cms\/wp-json\/wp\/v2\/pages"}],"about":[{"href":"https:\/\/substanz-schule.de\/cms\/wp-json\/wp\/v2\/types\/page"}],"author":[{"embeddable":true,"href":"https:\/\/substanz-schule.de\/cms\/wp-json\/wp\/v2\/users\/1"}],"replies":[{"embeddable":true,"href":"https:\/\/substanz-schule.de\/cms\/wp-json\/wp\/v2\/comments?post=114"}],"version-history":[{"count":20,"href":"https:\/\/substanz-schule.de\/cms\/wp-json\/wp\/v2\/pages\/114\/revisions"}],"predecessor-version":[{"id":9968,"href":"https:\/\/substanz-schule.de\/cms\/wp-json\/wp\/v2\/pages\/114\/revisions\/9968"}],"up":[{"embeddable":true,"href":"https:\/\/substanz-schule.de\/cms\/wp-json\/wp\/v2\/pages\/108"}],"wp:attachment":[{"href":"https:\/\/substanz-schule.de\/cms\/wp-json\/wp\/v2\/media?parent=114"}],"curies":[{"name":"wp","href":"https:\/\/api.w.org\/{rel}","templated":true}]}}