{"id":116,"date":"2015-01-16T13:54:50","date_gmt":"2015-01-16T11:54:50","guid":{"rendered":"http:\/\/substanz-schule.de\/cms\/?page_id=116"},"modified":"2025-01-19T11:26:00","modified_gmt":"2025-01-19T10:26:00","slug":"jazz-dance","status":"publish","type":"page","link":"https:\/\/substanz-schule.de\/cms\/kursangebot\/jazz-dance\/","title":{"rendered":"Jazz-Dance"},"content":{"rendered":"<div data-colibri-id=\"116-c1\" class=\"style-734 style-local-116-c1 position-relative\">\n  <!---->\n  <div data-colibri-component=\"section\" data-colibri-id=\"116-c2\" id=\"about\" class=\"h-section h-section-global-spacing d-flex align-items-lg-center align-items-md-center align-items-center style-739 style-local-116-c2 position-relative\">\n    <!---->\n    <!---->\n    <div class=\"h-section-grid-container h-section-boxed-container\">\n      <!---->\n      <div data-colibri-id=\"116-c3\" class=\"h-row-container gutters-row-lg-2 gutters-row-md-2 gutters-row-2 gutters-row-v-lg-2 gutters-row-v-md-2 gutters-row-v-2 style-740 style-local-116-c3 position-relative\">\n        <!---->\n        <div class=\"h-row justify-content-lg-center justify-content-md-center justify-content-center align-items-lg-stretch align-items-md-stretch align-items-stretch gutters-col-lg-2 gutters-col-md-2 gutters-col-2 gutters-col-v-lg-2 gutters-col-v-md-2 gutters-col-v-2\">\n          <!---->\n          <div class=\"h-column h-column-container d-flex h-col-lg-auto h-col-md-auto h-col-auto style-741-outer style-local-116-c4-outer\">\n            <div data-colibri-id=\"116-c4\" class=\"d-flex h-flex-basis h-column__inner h-px-lg-2 h-px-md-2 h-px-2 v-inner-lg-2 v-inner-md-2 v-inner-2 style-741 style-local-116-c4 position-relative\">\n              <!---->\n              <!---->\n              <div class=\"w-100 h-y-container h-column__content h-column__v-align flex-basis-100 align-self-lg-center align-self-md-center align-self-center\">\n                <!---->\n                <div data-colibri-id=\"116-c5\" class=\"h-global-transition-all h-heading style-742 style-local-116-c5 position-relative h-element\">\n                  <!---->\n                  <div class=\"h-heading__outer style-742 style-local-116-c5\">\n                    <!---->\n                    <!---->\n                    <h5 class=\"\">VON LYRICAL BIS FUNKY<\/h5>\n                  <\/div>\n                <\/div>\n                <div data-colibri-id=\"116-c6\" class=\"h-global-transition-all h-heading style-743 style-local-116-c6 position-relative h-element\">\n                  <!---->\n                  <div class=\"h-heading__outer style-743 style-local-116-c6\">\n                    <!---->\n                    <!---->\n                    <h2 class=\"\"><em style=\"color: rgb(247, 144, 7); font-family: &quot;Playfair Display&quot;;\">Jazz-Dance<\/em><\/h2>\n                  <\/div>\n                <\/div>\n                <div data-colibri-id=\"116-c7\" class=\"h-text h-text-component style-744 style-local-116-c7 position-relative h-element\">\n                  <!---->\n                  <!---->\n                  <div class=\"\">\n                    <p><strong>Unterrichtszeiten:<\/strong><\/p>\n                    <p><strong>Jazz-Kids&nbsp;I &#8211;&nbsp;<\/strong>ab 1.Klasse<\/p>\n                    <p><strong>Jazz-Kids 2 &#8211; <\/strong>ab 3.Klasse<\/p>\n                    <p><strong>Teeny I &#8211;&nbsp;<\/strong>&nbsp;ab 5.Klasse<\/p>\n                    <p><strong>Teeny II &#8211;&nbsp;<\/strong>ab 7.Klasse<\/p>\n                    <p><strong>Jugendliche &#8211;&nbsp;<\/strong>ab 9. Klasse<\/p>\n                    <p>\n                      <br>\n                    <\/p>\n                    <p><strong>Erwachsene<\/strong><\/p>\n                    <p><strong>Jazz-Fusion&nbsp;<\/strong>Fortgeschr.: Dienstag 20:30 Uhr<\/p>\n                  <\/div>\n                <\/div>\n                <div data-colibri-id=\"116-c8\" class=\"h-x-container style-745 style-local-116-c8 position-relative h-element\">\n                  <!---->\n                  <div class=\"h-x-container-inner style-dynamic-116-c8-group style-745-spacing style-local-116-c8-spacing\"><span class=\"h-button__outer style-746-outer style-local-116-c9-outer d-inline-flex h-element\"><a h-use-smooth-scroll=\"true\" href=\"https:\/\/substanz.msvplus.de\/online-anmeldung\/\"  data-colibri-id=\"116-c9\" class=\"d-flex w-100 align-items-center h-button justify-content-lg-center justify-content-md-center justify-content-center style-746 style-local-116-c9 position-relative\"><!----><!----> <span>zur kostenlosen Probestunde<\/span><\/a>\n                    <\/span>\n                  <\/div>\n                <\/div>\n              <\/div>\n            <\/div>\n          <\/div>\n          <div class=\"h-column h-column-container d-flex h-col-lg-auto h-col-md-auto h-col-auto style-747-outer style-local-116-c10-outer\">\n            <div data-colibri-id=\"116-c10\" class=\"d-flex h-flex-basis h-column__inner h-px-lg-2 h-px-md-2 h-px-2 v-inner-lg-2 v-inner-md-2 v-inner-2 style-747 style-local-116-c10 position-relative\">\n              <!---->\n              <!---->\n              <div class=\"w-100 h-y-container h-column__content h-column__v-align flex-basis-100 align-self-lg-center align-self-md-center align-self-center\">\n                <!---->\n                <div data-colibri-id=\"116-c11\" class=\"d-block style-748 style-local-116-c11 position-relative h-element\">\n                  <!---->\n                  <div class=\"h-image__frame-container-outer\">\n                    <div class=\"h-image__frame-container\">\n                      <!---->\n                      <!---->\n                      <img loading=\"lazy\" decoding=\"async\" width=\"1041\" height=\"704\" src=\"https:\/\/substanz-schule.de\/cms\/wp-content\/uploads\/2019\/08\/cropped-cropped-sil-art.homepage-3.jpg\" class=\"wp-image-3990 style-748-image style-local-116-c11-image\" alt=\"\" srcset=\"https:\/\/substanz-schule.de\/cms\/wp-content\/uploads\/2019\/08\/cropped-cropped-sil-art.homepage-3.jpg 1041w, https:\/\/substanz-schule.de\/cms\/wp-content\/uploads\/2019\/08\/cropped-cropped-sil-art.homepage-3-300x203.jpg 300w, https:\/\/substanz-schule.de\/cms\/wp-content\/uploads\/2019\/08\/cropped-cropped-sil-art.homepage-3-1024x693.jpg 1024w, https:\/\/substanz-schule.de\/cms\/wp-content\/uploads\/2019\/08\/cropped-cropped-sil-art.homepage-3-768x519.jpg 768w\" sizes=\"auto, (max-width: 1041px) 100vw, 1041px\" \/>\n                      <div class=\"h-image__frame h-hide-sm style-748-frameImage style-local-116-c11-frameImage\"><\/div>\n                    <\/div>\n                  <\/div>\n                <\/div>\n              <\/div>\n            <\/div>\n          <\/div>\n        <\/div>\n      <\/div>\n    <\/div>\n  <\/div>\n<\/div>","protected":false},"excerpt":{"rendered":"<p>VON LYRICAL BIS FUNKY Jazz-Dance Unterrichtszeiten: Jazz-Kids&nbsp;I &#8211;&nbsp;ab 1.Klasse Jazz-Kids 2 &#8211; ab 3.Klasse Teeny I &#8211;&nbsp;&nbsp;ab 5.Klasse Teeny II &#8211;&nbsp;ab 7.Klasse Jugendliche &#8211;&nbsp;ab 9. Klasse Erwachsene Jazz-Fusion&nbsp;Fortgeschr.: Dienstag 20:30 Uhr zur kostenlosen Probestunde<\/p>\n","protected":false},"author":1,"featured_media":2046,"parent":108,"menu_order":3,"comment_status":"closed","ping_status":"closed","template":"page-templates\/full-width-page.php","meta":{"footnotes":""},"class_list":["post-116","page","type-page","status-publish","has-post-thumbnail","hentry"],"yoast_head":"<!-- This site is optimized with the Yoast SEO plugin v27.4 - https:\/\/yoast.com\/product\/yoast-seo-wordpress\/ -->\n<title>Jazz-Dance<\/title>\n<meta name=\"description\" content=\"contemporary, jazz-Dance, pilates-studio, pilates, tanzstudio, tanzen f\u00fcr kinder, Ballett f\u00fcr Kinder, ballett in Weinheim, ballett rhein-neckar, ballettschule, tanzschule, tanzen, beste Tanzschule in Weinheim, Kinderballett, hemsbach, weinheim, sulzbach, ballett, kinderballett,, Hip-Hop in Weinheim, kindertanz, rhein-neckar, pilates, online-unterricht, online, online trainieren, bergstrasse, stadthalle weinheim, Heidelberg, Mannheim, Viernheim, floor-barre, pr\u00e4senz und online, training in den ferien, tanzen macht gl\u00fccklich, ballett f\u00fcr Kindergarten, pilates online, tanzen online\" \/>\n<meta name=\"robots\" content=\"index, follow, max-snippet:-1, max-image-preview:large, max-video-preview:-1\" \/>\n<link rel=\"canonical\" href=\"https:\/\/substanz-schule.de\/cms\/kursangebot\/jazz-dance\/\" \/>\n<meta property=\"og:locale\" content=\"de_DE\" \/>\n<meta property=\"og:type\" content=\"article\" \/>\n<meta property=\"og:title\" content=\"Jazz-Dance\" \/>\n<meta property=\"og:description\" content=\"contemporary, jazz-Dance, pilates-studio, pilates, tanzstudio, tanzen f\u00fcr kinder, Ballett f\u00fcr Kinder, ballett in Weinheim, ballett rhein-neckar, ballettschule, tanzschule, tanzen, beste Tanzschule in Weinheim, Kinderballett, hemsbach, weinheim, sulzbach, ballett, kinderballett,, Hip-Hop in Weinheim, kindertanz, rhein-neckar, pilates, online-unterricht, online, online trainieren, bergstrasse, stadthalle weinheim, Heidelberg, Mannheim, Viernheim, floor-barre, pr\u00e4senz und online, training in den ferien, tanzen macht gl\u00fccklich, ballett f\u00fcr Kindergarten, pilates online, tanzen online\" \/>\n<meta property=\"og:url\" content=\"https:\/\/substanz-schule.de\/cms\/kursangebot\/jazz-dance\/\" \/>\n<meta property=\"og:site_name\" content=\"Substanz-Weinheim\u00b4s moderne Ballettschule\" \/>\n<meta property=\"article:publisher\" content=\"https:\/\/de-de.facebook.com\/pages\/Substanz-Schule-f%c3%bcr-modernen-Tanz\/157581797588267\" \/>\n<meta property=\"article:modified_time\" content=\"2025-01-19T10:26:00+00:00\" \/>\n<meta property=\"og:image\" content=\"https:\/\/substanz-schule.de\/cms\/wp-content\/uploads\/2019\/08\/sil-art.homepage-3.jpg\" \/>\n\t<meta property=\"og:image:width\" content=\"1200\" \/>\n\t<meta property=\"og:image:height\" content=\"800\" \/>\n\t<meta property=\"og:image:type\" content=\"image\/jpeg\" \/>\n<meta name=\"twitter:label1\" content=\"Gesch\u00e4tzte Lesezeit\" \/>\n\t<meta name=\"twitter:data1\" content=\"1\u00a0Minute\" \/>\n<script type=\"application\/ld+json\" class=\"yoast-schema-graph\">{\"@context\":\"https:\\\/\\\/schema.org\",\"@graph\":[{\"@type\":\"WebPage\",\"@id\":\"https:\\\/\\\/substanz-schule.de\\\/cms\\\/kursangebot\\\/jazz-dance\\\/\",\"url\":\"https:\\\/\\\/substanz-schule.de\\\/cms\\\/kursangebot\\\/jazz-dance\\\/\",\"name\":\"Jazz-Dance\",\"isPartOf\":{\"@id\":\"https:\\\/\\\/substanz-schule.de\\\/cms\\\/#website\"},\"primaryImageOfPage\":{\"@id\":\"https:\\\/\\\/substanz-schule.de\\\/cms\\\/kursangebot\\\/jazz-dance\\\/#primaryimage\"},\"image\":{\"@id\":\"https:\\\/\\\/substanz-schule.de\\\/cms\\\/kursangebot\\\/jazz-dance\\\/#primaryimage\"},\"thumbnailUrl\":\"https:\\\/\\\/substanz-schule.de\\\/cms\\\/wp-content\\\/uploads\\\/2019\\\/08\\\/sil-art.homepage-3.jpg\",\"datePublished\":\"2015-01-16T11:54:50+00:00\",\"dateModified\":\"2025-01-19T10:26:00+00:00\",\"description\":\"contemporary, jazz-Dance, pilates-studio, pilates, tanzstudio, tanzen f\u00fcr kinder, Ballett f\u00fcr Kinder, ballett in Weinheim, ballett rhein-neckar, ballettschule, tanzschule, tanzen, beste Tanzschule in Weinheim, Kinderballett, hemsbach, weinheim, sulzbach, ballett, kinderballett,, Hip-Hop in Weinheim, kindertanz, rhein-neckar, pilates, online-unterricht, online, online trainieren, bergstrasse, stadthalle weinheim, Heidelberg, Mannheim, Viernheim, floor-barre, pr\u00e4senz und online, training in den ferien, tanzen macht gl\u00fccklich, ballett f\u00fcr Kindergarten, pilates online, tanzen online\",\"breadcrumb\":{\"@id\":\"https:\\\/\\\/substanz-schule.de\\\/cms\\\/kursangebot\\\/jazz-dance\\\/#breadcrumb\"},\"inLanguage\":\"de\",\"potentialAction\":[{\"@type\":\"ReadAction\",\"target\":[\"https:\\\/\\\/substanz-schule.de\\\/cms\\\/kursangebot\\\/jazz-dance\\\/\"]}]},{\"@type\":\"ImageObject\",\"inLanguage\":\"de\",\"@id\":\"https:\\\/\\\/substanz-schule.de\\\/cms\\\/kursangebot\\\/jazz-dance\\\/#primaryimage\",\"url\":\"https:\\\/\\\/substanz-schule.de\\\/cms\\\/wp-content\\\/uploads\\\/2019\\\/08\\\/sil-art.homepage-3.jpg\",\"contentUrl\":\"https:\\\/\\\/substanz-schule.de\\\/cms\\\/wp-content\\\/uploads\\\/2019\\\/08\\\/sil-art.homepage-3.jpg\",\"width\":1200,\"height\":800},{\"@type\":\"BreadcrumbList\",\"@id\":\"https:\\\/\\\/substanz-schule.de\\\/cms\\\/kursangebot\\\/jazz-dance\\\/#breadcrumb\",\"itemListElement\":[{\"@type\":\"ListItem\",\"position\":1,\"name\":\"Home\",\"item\":\"https:\\\/\\\/substanz-schule.de\\\/cms\\\/\"},{\"@type\":\"ListItem\",\"position\":2,\"name\":\"Kursangebot\",\"item\":\"https:\\\/\\\/substanz-schule.de\\\/cms\\\/kursangebot\\\/\"},{\"@type\":\"ListItem\",\"position\":3,\"name\":\"Jazz-Dance\"}]},{\"@type\":\"WebSite\",\"@id\":\"https:\\\/\\\/substanz-schule.de\\\/cms\\\/#website\",\"url\":\"https:\\\/\\\/substanz-schule.de\\\/cms\\\/\",\"name\":\"Substanz-Weinheim\u00b4s moderne Ballettschule\",\"description\":\"- seit 1997 -\",\"publisher\":{\"@id\":\"https:\\\/\\\/substanz-schule.de\\\/cms\\\/#organization\"},\"potentialAction\":[{\"@type\":\"SearchAction\",\"target\":{\"@type\":\"EntryPoint\",\"urlTemplate\":\"https:\\\/\\\/substanz-schule.de\\\/cms\\\/?s={search_term_string}\"},\"query-input\":{\"@type\":\"PropertyValueSpecification\",\"valueRequired\":true,\"valueName\":\"search_term_string\"}}],\"inLanguage\":\"de\"},{\"@type\":\"Organization\",\"@id\":\"https:\\\/\\\/substanz-schule.de\\\/cms\\\/#organization\",\"name\":\"Substanz - Schule f\u00fcr modernen Tanz\",\"url\":\"https:\\\/\\\/substanz-schule.de\\\/cms\\\/\",\"logo\":{\"@type\":\"ImageObject\",\"inLanguage\":\"de\",\"@id\":\"https:\\\/\\\/substanz-schule.de\\\/cms\\\/#\\\/schema\\\/logo\\\/image\\\/\",\"url\":\"https:\\\/\\\/substanz-schule.de\\\/cms\\\/wp-content\\\/uploads\\\/2017\\\/08\\\/cropped-cropped-substanz_Logoneu.jpg\",\"contentUrl\":\"https:\\\/\\\/substanz-schule.de\\\/cms\\\/wp-content\\\/uploads\\\/2017\\\/08\\\/cropped-cropped-substanz_Logoneu.jpg\",\"width\":220,\"height\":173,\"caption\":\"Substanz - Schule f\u00fcr modernen Tanz\"},\"image\":{\"@id\":\"https:\\\/\\\/substanz-schule.de\\\/cms\\\/#\\\/schema\\\/logo\\\/image\\\/\"},\"sameAs\":[\"https:\\\/\\\/de-de.facebook.com\\\/pages\\\/Substanz-Schule-f\u00fcr-modernen-Tanz\\\/157581797588267\",\"https:\\\/\\\/www.instagram.com\\\/substanz_weinheim\\\/\"]}]}<\/script>\n<!-- \/ Yoast SEO plugin. -->","yoast_head_json":{"title":"Jazz-Dance","description":"contemporary, jazz-Dance, pilates-studio, pilates, tanzstudio, tanzen f\u00fcr kinder, Ballett f\u00fcr Kinder, ballett in Weinheim, ballett rhein-neckar, ballettschule, tanzschule, tanzen, beste Tanzschule in Weinheim, Kinderballett, hemsbach, weinheim, sulzbach, ballett, kinderballett,, Hip-Hop in Weinheim, kindertanz, rhein-neckar, pilates, online-unterricht, online, online trainieren, bergstrasse, stadthalle weinheim, Heidelberg, Mannheim, Viernheim, floor-barre, pr\u00e4senz und online, training in den ferien, tanzen macht gl\u00fccklich, ballett f\u00fcr Kindergarten, pilates online, tanzen online","robots":{"index":"index","follow":"follow","max-snippet":"max-snippet:-1","max-image-preview":"max-image-preview:large","max-video-preview":"max-video-preview:-1"},"canonical":"https:\/\/substanz-schule.de\/cms\/kursangebot\/jazz-dance\/","og_locale":"de_DE","og_type":"article","og_title":"Jazz-Dance","og_description":"contemporary, jazz-Dance, pilates-studio, pilates, tanzstudio, tanzen f\u00fcr kinder, Ballett f\u00fcr Kinder, ballett in Weinheim, ballett rhein-neckar, ballettschule, tanzschule, tanzen, beste Tanzschule in Weinheim, Kinderballett, hemsbach, weinheim, sulzbach, ballett, kinderballett,, Hip-Hop in Weinheim, kindertanz, rhein-neckar, pilates, online-unterricht, online, online trainieren, bergstrasse, stadthalle weinheim, Heidelberg, Mannheim, Viernheim, floor-barre, pr\u00e4senz und online, training in den ferien, tanzen macht gl\u00fccklich, ballett f\u00fcr Kindergarten, pilates online, tanzen online","og_url":"https:\/\/substanz-schule.de\/cms\/kursangebot\/jazz-dance\/","og_site_name":"Substanz-Weinheim\u00b4s moderne Ballettschule","article_publisher":"https:\/\/de-de.facebook.com\/pages\/Substanz-Schule-f%c3%bcr-modernen-Tanz\/157581797588267","article_modified_time":"2025-01-19T10:26:00+00:00","og_image":[{"width":1200,"height":800,"url":"https:\/\/substanz-schule.de\/cms\/wp-content\/uploads\/2019\/08\/sil-art.homepage-3.jpg","type":"image\/jpeg"}],"twitter_misc":{"Gesch\u00e4tzte Lesezeit":"1\u00a0Minute"},"schema":{"@context":"https:\/\/schema.org","@graph":[{"@type":"WebPage","@id":"https:\/\/substanz-schule.de\/cms\/kursangebot\/jazz-dance\/","url":"https:\/\/substanz-schule.de\/cms\/kursangebot\/jazz-dance\/","name":"Jazz-Dance","isPartOf":{"@id":"https:\/\/substanz-schule.de\/cms\/#website"},"primaryImageOfPage":{"@id":"https:\/\/substanz-schule.de\/cms\/kursangebot\/jazz-dance\/#primaryimage"},"image":{"@id":"https:\/\/substanz-schule.de\/cms\/kursangebot\/jazz-dance\/#primaryimage"},"thumbnailUrl":"https:\/\/substanz-schule.de\/cms\/wp-content\/uploads\/2019\/08\/sil-art.homepage-3.jpg","datePublished":"2015-01-16T11:54:50+00:00","dateModified":"2025-01-19T10:26:00+00:00","description":"contemporary, jazz-Dance, pilates-studio, pilates, tanzstudio, tanzen f\u00fcr kinder, Ballett f\u00fcr Kinder, ballett in Weinheim, ballett rhein-neckar, ballettschule, tanzschule, tanzen, beste Tanzschule in Weinheim, Kinderballett, hemsbach, weinheim, sulzbach, ballett, kinderballett,, Hip-Hop in Weinheim, kindertanz, rhein-neckar, pilates, online-unterricht, online, online trainieren, bergstrasse, stadthalle weinheim, Heidelberg, Mannheim, Viernheim, floor-barre, pr\u00e4senz und online, training in den ferien, tanzen macht gl\u00fccklich, ballett f\u00fcr Kindergarten, pilates online, tanzen online","breadcrumb":{"@id":"https:\/\/substanz-schule.de\/cms\/kursangebot\/jazz-dance\/#breadcrumb"},"inLanguage":"de","potentialAction":[{"@type":"ReadAction","target":["https:\/\/substanz-schule.de\/cms\/kursangebot\/jazz-dance\/"]}]},{"@type":"ImageObject","inLanguage":"de","@id":"https:\/\/substanz-schule.de\/cms\/kursangebot\/jazz-dance\/#primaryimage","url":"https:\/\/substanz-schule.de\/cms\/wp-content\/uploads\/2019\/08\/sil-art.homepage-3.jpg","contentUrl":"https:\/\/substanz-schule.de\/cms\/wp-content\/uploads\/2019\/08\/sil-art.homepage-3.jpg","width":1200,"height":800},{"@type":"BreadcrumbList","@id":"https:\/\/substanz-schule.de\/cms\/kursangebot\/jazz-dance\/#breadcrumb","itemListElement":[{"@type":"ListItem","position":1,"name":"Home","item":"https:\/\/substanz-schule.de\/cms\/"},{"@type":"ListItem","position":2,"name":"Kursangebot","item":"https:\/\/substanz-schule.de\/cms\/kursangebot\/"},{"@type":"ListItem","position":3,"name":"Jazz-Dance"}]},{"@type":"WebSite","@id":"https:\/\/substanz-schule.de\/cms\/#website","url":"https:\/\/substanz-schule.de\/cms\/","name":"Substanz-Weinheim\u00b4s moderne Ballettschule","description":"- seit 1997 -","publisher":{"@id":"https:\/\/substanz-schule.de\/cms\/#organization"},"potentialAction":[{"@type":"SearchAction","target":{"@type":"EntryPoint","urlTemplate":"https:\/\/substanz-schule.de\/cms\/?s={search_term_string}"},"query-input":{"@type":"PropertyValueSpecification","valueRequired":true,"valueName":"search_term_string"}}],"inLanguage":"de"},{"@type":"Organization","@id":"https:\/\/substanz-schule.de\/cms\/#organization","name":"Substanz - Schule f\u00fcr modernen Tanz","url":"https:\/\/substanz-schule.de\/cms\/","logo":{"@type":"ImageObject","inLanguage":"de","@id":"https:\/\/substanz-schule.de\/cms\/#\/schema\/logo\/image\/","url":"https:\/\/substanz-schule.de\/cms\/wp-content\/uploads\/2017\/08\/cropped-cropped-substanz_Logoneu.jpg","contentUrl":"https:\/\/substanz-schule.de\/cms\/wp-content\/uploads\/2017\/08\/cropped-cropped-substanz_Logoneu.jpg","width":220,"height":173,"caption":"Substanz - Schule f\u00fcr modernen Tanz"},"image":{"@id":"https:\/\/substanz-schule.de\/cms\/#\/schema\/logo\/image\/"},"sameAs":["https:\/\/de-de.facebook.com\/pages\/Substanz-Schule-f\u00fcr-modernen-Tanz\/157581797588267","https:\/\/www.instagram.com\/substanz_weinheim\/"]}]}},"_links":{"self":[{"href":"https:\/\/substanz-schule.de\/cms\/wp-json\/wp\/v2\/pages\/116","targetHints":{"allow":["GET"]}}],"collection":[{"href":"https:\/\/substanz-schule.de\/cms\/wp-json\/wp\/v2\/pages"}],"about":[{"href":"https:\/\/substanz-schule.de\/cms\/wp-json\/wp\/v2\/types\/page"}],"author":[{"embeddable":true,"href":"https:\/\/substanz-schule.de\/cms\/wp-json\/wp\/v2\/users\/1"}],"replies":[{"embeddable":true,"href":"https:\/\/substanz-schule.de\/cms\/wp-json\/wp\/v2\/comments?post=116"}],"version-history":[{"count":20,"href":"https:\/\/substanz-schule.de\/cms\/wp-json\/wp\/v2\/pages\/116\/revisions"}],"predecessor-version":[{"id":9856,"href":"https:\/\/substanz-schule.de\/cms\/wp-json\/wp\/v2\/pages\/116\/revisions\/9856"}],"up":[{"embeddable":true,"href":"https:\/\/substanz-schule.de\/cms\/wp-json\/wp\/v2\/pages\/108"}],"wp:featuredmedia":[{"embeddable":true,"href":"https:\/\/substanz-schule.de\/cms\/wp-json\/wp\/v2\/media\/2046"}],"wp:attachment":[{"href":"https:\/\/substanz-schule.de\/cms\/wp-json\/wp\/v2\/media?parent=116"}],"curies":[{"name":"wp","href":"https:\/\/api.w.org\/{rel}","templated":true}]}}