{"id":118,"date":"2015-01-16T13:56:07","date_gmt":"2015-01-16T11:56:07","guid":{"rendered":"http:\/\/substanz-schule.de\/cms\/?page_id=118"},"modified":"2022-03-14T12:03:36","modified_gmt":"2022-03-14T10:03:36","slug":"hipp-hopp","status":"publish","type":"page","link":"https:\/\/substanz-schule.de\/cms\/kursangebot\/hipp-hopp\/","title":{"rendered":"Hip-Hop"},"content":{"rendered":"<div data-colibri-id=\"118-c1\" class=\"style-864 style-local-118-c1 position-relative\">\r\n  <!---->\r\n  <div data-colibri-component=\"section\" data-colibri-id=\"118-c6\" id=\"about\" class=\"h-section h-section-global-spacing d-flex align-items-lg-center align-items-md-center align-items-center style-869 style-local-118-c6 position-relative\">\r\n    <!---->\r\n    <!---->\r\n    <div class=\"h-section-grid-container h-section-boxed-container\">\r\n      <!---->\r\n      <div data-colibri-id=\"118-c7\" class=\"h-row-container gutters-row-lg-2 gutters-row-md-2 gutters-row-2 gutters-row-v-lg-2 gutters-row-v-md-2 gutters-row-v-2 style-870 style-local-118-c7 position-relative\">\r\n        <!---->\r\n        <div class=\"h-row justify-content-lg-center justify-content-md-center justify-content-center align-items-lg-stretch align-items-md-stretch align-items-stretch gutters-col-lg-2 gutters-col-md-2 gutters-col-2 gutters-col-v-lg-2 gutters-col-v-md-2 gutters-col-v-2\">\r\n          <!---->\r\n          <div class=\"h-column h-column-container d-flex h-col-lg-auto h-col-md-auto h-col-auto style-871-outer style-local-118-c8-outer\">\r\n            <div data-colibri-id=\"118-c8\" class=\"d-flex h-flex-basis h-column__inner h-px-lg-2 h-px-md-2 h-px-2 v-inner-lg-2 v-inner-md-2 v-inner-2 style-871 style-local-118-c8 position-relative\">\r\n              <!---->\r\n              <!---->\r\n              <div class=\"w-100 h-y-container h-column__content h-column__v-align flex-basis-100 align-self-lg-center align-self-md-center align-self-center\">\r\n                <!---->\r\n                <div data-colibri-id=\"118-c9\" class=\"h-global-transition-all h-heading style-872 style-local-118-c9 position-relative h-element\">\r\n                  <!---->\r\n                  <div class=\"h-heading__outer style-872 style-local-118-c9\">\r\n                    <!---->\r\n                    <!---->\r\n                    <h5 class=\"\">LOCKING, POPPING, LADY-STYLE<\/h5>\r\n                  <\/div>\r\n                <\/div>\r\n                <div data-colibri-id=\"118-c10\" class=\"h-global-transition-all h-heading style-873 style-local-118-c10 position-relative h-element\">\r\n                  <!---->\r\n                  <div class=\"h-heading__outer style-873 style-local-118-c10\">\r\n                    <!---->\r\n                    <!---->\r\n                    <h2 class=\"\"><em style=\"color: rgb(247, 144, 7); font-family: &quot;Playfair Display&quot;;\">Hip-Hop<\/em><\/h2>\r\n                  <\/div>\r\n                <\/div>\r\n                <div data-colibri-id=\"118-c11\" class=\"h-text h-text-component style-874 style-local-118-c11 position-relative h-element\">\r\n                  <!---->\r\n                  <!---->\r\n                  <div class=\"\">\r\n                    <p>Samira macht diese Unterrichtstunde zum Erlebnis&nbsp;<\/p>\r\n                    <p>mit verschiedenen Hip-Hop-Tanzstilen und Free-Style-Moves.&nbsp;<\/p>\r\n                    <p>Last Euch \u00fcberraschen<\/p>\r\n                    <p><strong>Unterricht&nbsp; ab weiterf\u00fchrender Schule:<\/strong><\/p>\r\n                    <p>Montags 17:30 Uhr<\/p>\r\n                  <\/div>\r\n                <\/div>\r\n                <div data-colibri-id=\"118-c12\" class=\"h-x-container style-875 style-local-118-c12 position-relative h-element\">\r\n                  <!---->\r\n                  <div class=\"h-x-container-inner style-dynamic-118-c12-group style-875-spacing style-local-118-c12-spacing\"><span class=\"h-button__outer style-876-outer style-local-118-c13-outer d-inline-flex h-element\"><a h-use-smooth-scroll=\"true\" href=\"https:\/\/substanz.msvplus.de\/online-anmeldung\/\"  data-colibri-id=\"118-c13\" class=\"d-flex w-100 align-items-center h-button justify-content-lg-center justify-content-md-center justify-content-center style-876 style-local-118-c13 position-relative\"><!----><!----> <span>Hier zur kostenlosen Probestunde<\/span><\/a>\r\n                    <\/span>\r\n                  <\/div>\r\n                <\/div>\r\n              <\/div>\r\n            <\/div>\r\n          <\/div>\r\n          <div class=\"h-column h-column-container d-flex h-col-lg-auto h-col-md-auto h-col-auto style-877-outer style-local-118-c14-outer\">\r\n            <div data-colibri-id=\"118-c14\" class=\"d-flex h-flex-basis h-column__inner h-px-lg-2 h-px-md-2 h-px-2 v-inner-lg-2 v-inner-md-2 v-inner-2 style-877 style-local-118-c14 position-relative\">\r\n              <!---->\r\n              <!---->\r\n              <div class=\"w-100 h-y-container h-column__content h-column__v-align flex-basis-100 align-self-lg-center align-self-md-center align-self-center\">\r\n                <!---->\r\n                <div data-colibri-id=\"118-c15\" class=\"d-block style-878 style-local-118-c15 position-relative h-element\">\r\n                  <!---->\r\n                  <div class=\"h-image__frame-container-outer\">\r\n                    <div class=\"h-image__frame-container\">\r\n                      <!---->\r\n                      <!---->\r\n                      <img loading=\"lazy\" decoding=\"async\" width=\"425\" height=\"283\" src=\"https:\/\/substanz-schule.de\/cms\/wp-content\/uploads\/2015\/01\/IMG_8900_Haieweb.jpg\" class=\"wp-image-330 style-878-image style-local-118-c15-image\" alt=\"\" srcset=\"https:\/\/substanz-schule.de\/cms\/wp-content\/uploads\/2015\/01\/IMG_8900_Haieweb.jpg 425w, https:\/\/substanz-schule.de\/cms\/wp-content\/uploads\/2015\/01\/IMG_8900_Haieweb-300x200.jpg 300w\" sizes=\"auto, (max-width: 425px) 100vw, 425px\" \/>\r\n                      <div class=\"h-image__frame h-hide-sm style-878-frameImage style-local-118-c15-frameImage\"><\/div>\r\n                    <\/div>\r\n                  <\/div>\r\n                <\/div>\r\n              <\/div>\r\n            <\/div>\r\n          <\/div>\r\n        <\/div>\r\n      <\/div>\r\n      <div data-colibri-id=\"118-c16\" class=\"h-row-container gutters-row-lg-2 gutters-row-md-2 gutters-row-0 gutters-row-v-lg-2 gutters-row-v-md-2 gutters-row-v-2 style-879 style-local-118-c16 position-relative\">\r\n        <!---->\r\n        <div class=\"h-row justify-content-lg-center justify-content-md-center justify-content-center align-items-lg-stretch align-items-md-stretch align-items-stretch gutters-col-lg-2 gutters-col-md-2 gutters-col-0 gutters-col-v-lg-2 gutters-col-v-md-2 gutters-col-v-2\">\r\n          <!---->\r\n          <div class=\"h-column h-column-container d-flex h-col-lg-auto h-col-md-auto h-col-auto style-880-outer style-local-118-c17-outer\">\r\n            <div data-colibri-id=\"118-c17\" class=\"d-flex h-flex-basis h-column__inner h-px-lg-2 h-px-md-2 h-px-2 v-inner-lg-2 v-inner-md-2 v-inner-2 style-880 style-local-118-c17 position-relative\">\r\n              <!---->\r\n              <!---->\r\n              <div class=\"w-100 h-y-container h-column__content h-column__v-align flex-basis-100 align-self-lg-start align-self-md-start align-self-start\">\r\n                <!---->\r\n                <div data-colibri-id=\"118-c18\" class=\"h-x-container style-881 style-local-118-c18 position-relative h-element\">\r\n                  <!---->\r\n                  <div class=\"h-x-container-inner style-dynamic-118-c18-group style-881-spacing style-local-118-c18-spacing\"><span class=\"h-link__outer style-882-outer style-local-118-c19-outer d-inline-flex h-element\"><a h-use-smooth-scroll=\"true\" href=\"<iframe src=&quot;https:\/\/www.facebook.com\/plugins\/video.php?height=476&amp;href=https%3A%2F%2Fwww.facebook.com%2Fsubstanzweinheim%2Fvideos%2F486390849196770%2F&amp;show_text=false&amp;width=476&quot; width=&quot;476&quot; height=&quot;476&quot; style=&quot;border:none;overflow:hidden&quot; scrolling=&quot;no&quot; frameborder=&quot;0&quot; allowfullscreen=&quot;true&quot; allow=&quot;autoplay; clipboard-write; encrypted-media; picture-in-picture; web-share&quot; allowFullScreen=&quot;true&quot;><\/iframe>&#8220;  data-colibri-id=&#8220;118-c19&#8243; class=&#8220;d-flex w-100 align-items-center h-link style-882 style-local-118-c19 position-relative&#8220;><!----><!----> <span><iframe loading=\"lazy\" src=\"https:\/\/www.facebook.com\/plugins\/video.php?height=476&amp;href=https%3A%2F%2Fwww.facebook.com%2Fsubstanzweinheim%2Fvideos%2F486390849196770%2F&amp;show_text=false&amp;width=476\" width=\"476\" height=\"476\" style=\"border:none;overflow:hidden\" scrolling=\"no\" frameborder=\"0\" allowfullscreen=\"true\" allow=\"autoplay; clipboard-write; encrypted-media; picture-in-picture; web-share\"><\/iframe><\/span><\/a>\r\n                    <\/span>\r\n                  <\/div>\r\n                <\/div>\r\n              <\/div>\r\n            <\/div>\r\n          <\/div>\r\n        <\/div>\r\n      <\/div>\r\n    <\/div>\r\n  <\/div>\r\n<\/div>","protected":false},"excerpt":{"rendered":"<p>LOCKING, POPPING, LADY-STYLE Hip-Hop Samira macht diese Unterrichtstunde zum Erlebnis&nbsp; mit verschiedenen Hip-Hop-Tanzstilen und Free-Style-Moves.&nbsp; Last Euch \u00fcberraschen Unterricht&nbsp; ab weiterf\u00fchrender Schule: Montags 17:30 Uhr Hier zur kostenlosen Probestunde<\/p>\n","protected":false},"author":1,"featured_media":0,"parent":108,"menu_order":4,"comment_status":"closed","ping_status":"closed","template":"page-templates\/full-width-page.php","meta":{"footnotes":""},"class_list":["post-118","page","type-page","status-publish","hentry"],"yoast_head":"<!-- This site is optimized with the Yoast SEO plugin v27.4 - https:\/\/yoast.com\/product\/yoast-seo-wordpress\/ -->\n<title>Hip-Hop<\/title>\n<meta name=\"description\" content=\"contemporary, jazz-Dance, pilates-studio, pilates, tanzstudio, tanzen f\u00fcr kinder, Ballett f\u00fcr Kinder, ballett in Weinheim, ballett rhein-neckar, ballettschule, tanzschule, tanzen, beste Tanzschule in Weinheim, Kinderballett, hemsbach, weinheim, sulzbach, ballett, kinderballett,, Hip-Hop in Weinheim, kindertanz, rhein-neckar, pilates, online-unterricht, online, online trainieren, bergstrasse, stadthalle weinheim, Heidelberg, Mannheim, Viernheim, floor-barre, pr\u00e4senz und online, training in den ferien, tanzen macht gl\u00fccklich, ballett f\u00fcr Kindergarten, pilates online, tanzen online\" \/>\n<meta name=\"robots\" content=\"index, follow, max-snippet:-1, max-image-preview:large, max-video-preview:-1\" \/>\n<link rel=\"canonical\" href=\"https:\/\/substanz-schule.de\/cms\/kursangebot\/hipp-hopp\/\" \/>\n<meta property=\"og:locale\" content=\"de_DE\" \/>\n<meta property=\"og:type\" content=\"article\" \/>\n<meta property=\"og:title\" content=\"Hip-Hop\" \/>\n<meta property=\"og:description\" content=\"contemporary, jazz-Dance, pilates-studio, pilates, tanzstudio, tanzen f\u00fcr kinder, Ballett f\u00fcr Kinder, ballett in Weinheim, ballett rhein-neckar, ballettschule, tanzschule, tanzen, beste Tanzschule in Weinheim, Kinderballett, hemsbach, weinheim, sulzbach, ballett, kinderballett,, Hip-Hop in Weinheim, kindertanz, rhein-neckar, pilates, online-unterricht, online, online trainieren, bergstrasse, stadthalle weinheim, Heidelberg, Mannheim, Viernheim, floor-barre, pr\u00e4senz und online, training in den ferien, tanzen macht gl\u00fccklich, ballett f\u00fcr Kindergarten, pilates online, tanzen online\" \/>\n<meta property=\"og:url\" content=\"https:\/\/substanz-schule.de\/cms\/kursangebot\/hipp-hopp\/\" \/>\n<meta property=\"og:site_name\" content=\"Substanz-Weinheim\u00b4s moderne Ballettschule\" \/>\n<meta property=\"article:publisher\" content=\"https:\/\/de-de.facebook.com\/pages\/Substanz-Schule-f%c3%bcr-modernen-Tanz\/157581797588267\" \/>\n<meta property=\"article:modified_time\" content=\"2022-03-14T10:03:36+00:00\" \/>\n<meta property=\"og:image\" content=\"https:\/\/substanz-schule.de\/cms\/wp-content\/uploads\/2015\/01\/IMG_8900_Haieweb.jpg\" \/>\n<script type=\"application\/ld+json\" class=\"yoast-schema-graph\">{\"@context\":\"https:\\\/\\\/schema.org\",\"@graph\":[{\"@type\":\"WebPage\",\"@id\":\"https:\\\/\\\/substanz-schule.de\\\/cms\\\/kursangebot\\\/hipp-hopp\\\/\",\"url\":\"https:\\\/\\\/substanz-schule.de\\\/cms\\\/kursangebot\\\/hipp-hopp\\\/\",\"name\":\"Hip-Hop\",\"isPartOf\":{\"@id\":\"https:\\\/\\\/substanz-schule.de\\\/cms\\\/#website\"},\"primaryImageOfPage\":{\"@id\":\"https:\\\/\\\/substanz-schule.de\\\/cms\\\/kursangebot\\\/hipp-hopp\\\/#primaryimage\"},\"image\":{\"@id\":\"https:\\\/\\\/substanz-schule.de\\\/cms\\\/kursangebot\\\/hipp-hopp\\\/#primaryimage\"},\"thumbnailUrl\":\"https:\\\/\\\/substanz-schule.de\\\/cms\\\/wp-content\\\/uploads\\\/2015\\\/01\\\/IMG_8900_Haieweb.jpg\",\"datePublished\":\"2015-01-16T11:56:07+00:00\",\"dateModified\":\"2022-03-14T10:03:36+00:00\",\"description\":\"contemporary, jazz-Dance, pilates-studio, pilates, tanzstudio, tanzen f\u00fcr kinder, Ballett f\u00fcr Kinder, ballett in Weinheim, ballett rhein-neckar, ballettschule, tanzschule, tanzen, beste Tanzschule in Weinheim, Kinderballett, hemsbach, weinheim, sulzbach, ballett, kinderballett,, Hip-Hop in Weinheim, kindertanz, rhein-neckar, pilates, online-unterricht, online, online trainieren, bergstrasse, stadthalle weinheim, Heidelberg, Mannheim, Viernheim, floor-barre, pr\u00e4senz und online, training in den ferien, tanzen macht gl\u00fccklich, ballett f\u00fcr Kindergarten, pilates online, tanzen online\",\"breadcrumb\":{\"@id\":\"https:\\\/\\\/substanz-schule.de\\\/cms\\\/kursangebot\\\/hipp-hopp\\\/#breadcrumb\"},\"inLanguage\":\"de\",\"potentialAction\":[{\"@type\":\"ReadAction\",\"target\":[\"https:\\\/\\\/substanz-schule.de\\\/cms\\\/kursangebot\\\/hipp-hopp\\\/\"]}]},{\"@type\":\"ImageObject\",\"inLanguage\":\"de\",\"@id\":\"https:\\\/\\\/substanz-schule.de\\\/cms\\\/kursangebot\\\/hipp-hopp\\\/#primaryimage\",\"url\":\"https:\\\/\\\/substanz-schule.de\\\/cms\\\/wp-content\\\/uploads\\\/2015\\\/01\\\/IMG_8900_Haieweb.jpg\",\"contentUrl\":\"https:\\\/\\\/substanz-schule.de\\\/cms\\\/wp-content\\\/uploads\\\/2015\\\/01\\\/IMG_8900_Haieweb.jpg\",\"width\":425,\"height\":283},{\"@type\":\"BreadcrumbList\",\"@id\":\"https:\\\/\\\/substanz-schule.de\\\/cms\\\/kursangebot\\\/hipp-hopp\\\/#breadcrumb\",\"itemListElement\":[{\"@type\":\"ListItem\",\"position\":1,\"name\":\"Home\",\"item\":\"https:\\\/\\\/substanz-schule.de\\\/cms\\\/\"},{\"@type\":\"ListItem\",\"position\":2,\"name\":\"Kursangebot\",\"item\":\"https:\\\/\\\/substanz-schule.de\\\/cms\\\/kursangebot\\\/\"},{\"@type\":\"ListItem\",\"position\":3,\"name\":\"Hip-Hop\"}]},{\"@type\":\"WebSite\",\"@id\":\"https:\\\/\\\/substanz-schule.de\\\/cms\\\/#website\",\"url\":\"https:\\\/\\\/substanz-schule.de\\\/cms\\\/\",\"name\":\"Substanz-Weinheim\u00b4s moderne Ballettschule\",\"description\":\"- seit 1997 -\",\"publisher\":{\"@id\":\"https:\\\/\\\/substanz-schule.de\\\/cms\\\/#organization\"},\"potentialAction\":[{\"@type\":\"SearchAction\",\"target\":{\"@type\":\"EntryPoint\",\"urlTemplate\":\"https:\\\/\\\/substanz-schule.de\\\/cms\\\/?s={search_term_string}\"},\"query-input\":{\"@type\":\"PropertyValueSpecification\",\"valueRequired\":true,\"valueName\":\"search_term_string\"}}],\"inLanguage\":\"de\"},{\"@type\":\"Organization\",\"@id\":\"https:\\\/\\\/substanz-schule.de\\\/cms\\\/#organization\",\"name\":\"Substanz - Schule f\u00fcr modernen Tanz\",\"url\":\"https:\\\/\\\/substanz-schule.de\\\/cms\\\/\",\"logo\":{\"@type\":\"ImageObject\",\"inLanguage\":\"de\",\"@id\":\"https:\\\/\\\/substanz-schule.de\\\/cms\\\/#\\\/schema\\\/logo\\\/image\\\/\",\"url\":\"https:\\\/\\\/substanz-schule.de\\\/cms\\\/wp-content\\\/uploads\\\/2017\\\/08\\\/cropped-cropped-substanz_Logoneu.jpg\",\"contentUrl\":\"https:\\\/\\\/substanz-schule.de\\\/cms\\\/wp-content\\\/uploads\\\/2017\\\/08\\\/cropped-cropped-substanz_Logoneu.jpg\",\"width\":220,\"height\":173,\"caption\":\"Substanz - Schule f\u00fcr modernen Tanz\"},\"image\":{\"@id\":\"https:\\\/\\\/substanz-schule.de\\\/cms\\\/#\\\/schema\\\/logo\\\/image\\\/\"},\"sameAs\":[\"https:\\\/\\\/de-de.facebook.com\\\/pages\\\/Substanz-Schule-f\u00fcr-modernen-Tanz\\\/157581797588267\",\"https:\\\/\\\/www.instagram.com\\\/substanz_weinheim\\\/\"]}]}<\/script>\n<!-- \/ Yoast SEO plugin. -->","yoast_head_json":{"title":"Hip-Hop","description":"contemporary, jazz-Dance, pilates-studio, pilates, tanzstudio, tanzen f\u00fcr kinder, Ballett f\u00fcr Kinder, ballett in Weinheim, ballett rhein-neckar, ballettschule, tanzschule, tanzen, beste Tanzschule in Weinheim, Kinderballett, hemsbach, weinheim, sulzbach, ballett, kinderballett,, Hip-Hop in Weinheim, kindertanz, rhein-neckar, pilates, online-unterricht, online, online trainieren, bergstrasse, stadthalle weinheim, Heidelberg, Mannheim, Viernheim, floor-barre, pr\u00e4senz und online, training in den ferien, tanzen macht gl\u00fccklich, ballett f\u00fcr Kindergarten, pilates online, tanzen online","robots":{"index":"index","follow":"follow","max-snippet":"max-snippet:-1","max-image-preview":"max-image-preview:large","max-video-preview":"max-video-preview:-1"},"canonical":"https:\/\/substanz-schule.de\/cms\/kursangebot\/hipp-hopp\/","og_locale":"de_DE","og_type":"article","og_title":"Hip-Hop","og_description":"contemporary, jazz-Dance, pilates-studio, pilates, tanzstudio, tanzen f\u00fcr kinder, Ballett f\u00fcr Kinder, ballett in Weinheim, ballett rhein-neckar, ballettschule, tanzschule, tanzen, beste Tanzschule in Weinheim, Kinderballett, hemsbach, weinheim, sulzbach, ballett, kinderballett,, Hip-Hop in Weinheim, kindertanz, rhein-neckar, pilates, online-unterricht, online, online trainieren, bergstrasse, stadthalle weinheim, Heidelberg, Mannheim, Viernheim, floor-barre, pr\u00e4senz und online, training in den ferien, tanzen macht gl\u00fccklich, ballett f\u00fcr Kindergarten, pilates online, tanzen online","og_url":"https:\/\/substanz-schule.de\/cms\/kursangebot\/hipp-hopp\/","og_site_name":"Substanz-Weinheim\u00b4s moderne Ballettschule","article_publisher":"https:\/\/de-de.facebook.com\/pages\/Substanz-Schule-f%c3%bcr-modernen-Tanz\/157581797588267","article_modified_time":"2022-03-14T10:03:36+00:00","og_image":[{"url":"https:\/\/substanz-schule.de\/cms\/wp-content\/uploads\/2015\/01\/IMG_8900_Haieweb.jpg","type":"","width":"","height":""}],"schema":{"@context":"https:\/\/schema.org","@graph":[{"@type":"WebPage","@id":"https:\/\/substanz-schule.de\/cms\/kursangebot\/hipp-hopp\/","url":"https:\/\/substanz-schule.de\/cms\/kursangebot\/hipp-hopp\/","name":"Hip-Hop","isPartOf":{"@id":"https:\/\/substanz-schule.de\/cms\/#website"},"primaryImageOfPage":{"@id":"https:\/\/substanz-schule.de\/cms\/kursangebot\/hipp-hopp\/#primaryimage"},"image":{"@id":"https:\/\/substanz-schule.de\/cms\/kursangebot\/hipp-hopp\/#primaryimage"},"thumbnailUrl":"https:\/\/substanz-schule.de\/cms\/wp-content\/uploads\/2015\/01\/IMG_8900_Haieweb.jpg","datePublished":"2015-01-16T11:56:07+00:00","dateModified":"2022-03-14T10:03:36+00:00","description":"contemporary, jazz-Dance, pilates-studio, pilates, tanzstudio, tanzen f\u00fcr kinder, Ballett f\u00fcr Kinder, ballett in Weinheim, ballett rhein-neckar, ballettschule, tanzschule, tanzen, beste Tanzschule in Weinheim, Kinderballett, hemsbach, weinheim, sulzbach, ballett, kinderballett,, Hip-Hop in Weinheim, kindertanz, rhein-neckar, pilates, online-unterricht, online, online trainieren, bergstrasse, stadthalle weinheim, Heidelberg, Mannheim, Viernheim, floor-barre, pr\u00e4senz und online, training in den ferien, tanzen macht gl\u00fccklich, ballett f\u00fcr Kindergarten, pilates online, tanzen online","breadcrumb":{"@id":"https:\/\/substanz-schule.de\/cms\/kursangebot\/hipp-hopp\/#breadcrumb"},"inLanguage":"de","potentialAction":[{"@type":"ReadAction","target":["https:\/\/substanz-schule.de\/cms\/kursangebot\/hipp-hopp\/"]}]},{"@type":"ImageObject","inLanguage":"de","@id":"https:\/\/substanz-schule.de\/cms\/kursangebot\/hipp-hopp\/#primaryimage","url":"https:\/\/substanz-schule.de\/cms\/wp-content\/uploads\/2015\/01\/IMG_8900_Haieweb.jpg","contentUrl":"https:\/\/substanz-schule.de\/cms\/wp-content\/uploads\/2015\/01\/IMG_8900_Haieweb.jpg","width":425,"height":283},{"@type":"BreadcrumbList","@id":"https:\/\/substanz-schule.de\/cms\/kursangebot\/hipp-hopp\/#breadcrumb","itemListElement":[{"@type":"ListItem","position":1,"name":"Home","item":"https:\/\/substanz-schule.de\/cms\/"},{"@type":"ListItem","position":2,"name":"Kursangebot","item":"https:\/\/substanz-schule.de\/cms\/kursangebot\/"},{"@type":"ListItem","position":3,"name":"Hip-Hop"}]},{"@type":"WebSite","@id":"https:\/\/substanz-schule.de\/cms\/#website","url":"https:\/\/substanz-schule.de\/cms\/","name":"Substanz-Weinheim\u00b4s moderne Ballettschule","description":"- seit 1997 -","publisher":{"@id":"https:\/\/substanz-schule.de\/cms\/#organization"},"potentialAction":[{"@type":"SearchAction","target":{"@type":"EntryPoint","urlTemplate":"https:\/\/substanz-schule.de\/cms\/?s={search_term_string}"},"query-input":{"@type":"PropertyValueSpecification","valueRequired":true,"valueName":"search_term_string"}}],"inLanguage":"de"},{"@type":"Organization","@id":"https:\/\/substanz-schule.de\/cms\/#organization","name":"Substanz - Schule f\u00fcr modernen Tanz","url":"https:\/\/substanz-schule.de\/cms\/","logo":{"@type":"ImageObject","inLanguage":"de","@id":"https:\/\/substanz-schule.de\/cms\/#\/schema\/logo\/image\/","url":"https:\/\/substanz-schule.de\/cms\/wp-content\/uploads\/2017\/08\/cropped-cropped-substanz_Logoneu.jpg","contentUrl":"https:\/\/substanz-schule.de\/cms\/wp-content\/uploads\/2017\/08\/cropped-cropped-substanz_Logoneu.jpg","width":220,"height":173,"caption":"Substanz - Schule f\u00fcr modernen Tanz"},"image":{"@id":"https:\/\/substanz-schule.de\/cms\/#\/schema\/logo\/image\/"},"sameAs":["https:\/\/de-de.facebook.com\/pages\/Substanz-Schule-f\u00fcr-modernen-Tanz\/157581797588267","https:\/\/www.instagram.com\/substanz_weinheim\/"]}]}},"_links":{"self":[{"href":"https:\/\/substanz-schule.de\/cms\/wp-json\/wp\/v2\/pages\/118","targetHints":{"allow":["GET"]}}],"collection":[{"href":"https:\/\/substanz-schule.de\/cms\/wp-json\/wp\/v2\/pages"}],"about":[{"href":"https:\/\/substanz-schule.de\/cms\/wp-json\/wp\/v2\/types\/page"}],"author":[{"embeddable":true,"href":"https:\/\/substanz-schule.de\/cms\/wp-json\/wp\/v2\/users\/1"}],"replies":[{"embeddable":true,"href":"https:\/\/substanz-schule.de\/cms\/wp-json\/wp\/v2\/comments?post=118"}],"version-history":[{"count":20,"href":"https:\/\/substanz-schule.de\/cms\/wp-json\/wp\/v2\/pages\/118\/revisions"}],"predecessor-version":[{"id":4148,"href":"https:\/\/substanz-schule.de\/cms\/wp-json\/wp\/v2\/pages\/118\/revisions\/4148"}],"up":[{"embeddable":true,"href":"https:\/\/substanz-schule.de\/cms\/wp-json\/wp\/v2\/pages\/108"}],"wp:attachment":[{"href":"https:\/\/substanz-schule.de\/cms\/wp-json\/wp\/v2\/media?parent=118"}],"curies":[{"name":"wp","href":"https:\/\/api.w.org\/{rel}","templated":true}]}}