{"id":2084,"date":"2019-08-16T17:40:36","date_gmt":"2019-08-16T15:40:36","guid":{"rendered":"http:\/\/substanz-schule.de\/cms\/?page_id=2084"},"modified":"2025-01-19T11:21:35","modified_gmt":"2025-01-19T10:21:35","slug":"ballett-jugendliche-erwachsene","status":"publish","type":"page","link":"https:\/\/substanz-schule.de\/cms\/ballett-jugendliche-erwachsene\/","title":{"rendered":"Ballett- Jugendliche &#038; Erwachsene"},"content":{"rendered":"<div data-colibri-id=\"2084-c1\" class=\"style-991 style-local-2084-c1 position-relative\">\n  <!---->\n  <div data-colibri-component=\"section\" data-colibri-id=\"2084-c2\" id=\"about\" class=\"h-section h-section-global-spacing d-flex align-items-lg-center align-items-md-center align-items-center style-996 style-local-2084-c2 position-relative\">\n    <!---->\n    <!---->\n    <div class=\"h-section-grid-container h-section-boxed-container\">\n      <!---->\n      <div data-colibri-id=\"2084-c3\" class=\"h-row-container gutters-row-lg-2 gutters-row-md-2 gutters-row-2 gutters-row-v-lg-2 gutters-row-v-md-2 gutters-row-v-2 style-997 style-local-2084-c3 position-relative\">\n        <!---->\n        <div class=\"h-row justify-content-lg-center justify-content-md-center justify-content-center align-items-lg-stretch align-items-md-stretch align-items-stretch gutters-col-lg-2 gutters-col-md-2 gutters-col-2 gutters-col-v-lg-2 gutters-col-v-md-2 gutters-col-v-2\">\n          <!---->\n          <div class=\"h-column h-column-container d-flex h-col-lg-auto h-col-md-auto h-col-auto style-998-outer style-local-2084-c4-outer\">\n            <div data-colibri-id=\"2084-c4\" class=\"d-flex h-flex-basis h-column__inner h-px-lg-2 h-px-md-2 h-px-2 v-inner-lg-2 v-inner-md-2 v-inner-2 style-998 style-local-2084-c4 position-relative\">\n              <!---->\n              <!---->\n              <div class=\"w-100 h-y-container h-column__content h-column__v-align flex-basis-100 align-self-lg-center align-self-md-center align-self-center\">\n                <!---->\n                <div data-colibri-id=\"2084-c5\" class=\"h-global-transition-all h-heading style-999 style-local-2084-c5 position-relative h-element\">\n                  <!---->\n                  <div class=\"h-heading__outer style-999 style-local-2084-c5\">\n                    <!---->\n                    <!---->\n                    <h5 class=\"\">Der Ursprung des&nbsp; B\u00fchnentanzes<\/h5>\n                  <\/div>\n                <\/div>\n                <div data-colibri-id=\"2084-c6\" class=\"h-global-transition-all h-heading style-1000 style-local-2084-c6 position-relative h-element\">\n                  <!---->\n                  <div class=\"h-heading__outer style-1000 style-local-2084-c6\">\n                    <!---->\n                    <!---->\n                    <h2 class=\"\"><em style=\"color: rgb(247, 144, 7); font-family: &quot;Playfair Display&quot;;\">Klassisches Ballett<\/em><\/h2>\n                  <\/div>\n                <\/div>\n                <div data-colibri-id=\"2084-c7\" class=\"h-text h-text-component style-1001 style-local-2084-c7 position-relative h-element\">\n                  <!---->\n                  <!---->\n                  <div class=\"\">\n                    <p>Jugendliche ab 10.Klasse : <\/p>\n                    <p>Montag 18:30 Uhr<\/p>\n                    <p>\n                      <br>\n                    <\/p>\n                    <p>Erwachsene:<\/p>\n                    <p>Montag 19:30 Uhr (Floor-Barre)<\/p>\n                    <p>Mittwoch 19:30 Uhr<\/p>\n                    <p>Donnerstag 20:30 Uhr<\/p>\n                    <p>\n                      <br>\n                    <\/p>\n                  <\/div>\n                <\/div>\n                <div data-colibri-id=\"2084-c8\" class=\"h-x-container style-1002 style-local-2084-c8 position-relative h-element\">\n                  <!---->\n                  <div class=\"h-x-container-inner style-dynamic-2084-c8-group style-1002-spacing style-local-2084-c8-spacing\"><span class=\"h-button__outer style-1003-outer style-local-2084-c9-outer d-inline-flex h-element\"><a h-use-smooth-scroll=\"true\" href=\"https:\/\/substanz.msvplus.de\/online-anmeldung\/\"  data-colibri-id=\"2084-c9\" class=\"d-flex w-100 align-items-center h-button justify-content-lg-center justify-content-md-center justify-content-center style-1003 style-local-2084-c9 position-relative\"><!----><!----> <span>Zur kostenlosen Probestunde<\/span><\/a>\n                    <\/span>\n                  <\/div>\n                <\/div>\n              <\/div>\n            <\/div>\n          <\/div>\n          <div class=\"h-column h-column-container d-flex h-col-lg-auto h-col-md-auto h-col-auto style-1004-outer style-local-2084-c10-outer\">\n            <div data-colibri-id=\"2084-c10\" class=\"d-flex h-flex-basis h-column__inner h-px-lg-2 h-px-md-2 h-px-2 v-inner-lg-2 v-inner-md-2 v-inner-2 style-1004 style-local-2084-c10 position-relative\">\n              <!---->\n              <!---->\n              <div class=\"w-100 h-y-container h-column__content h-column__v-align flex-basis-100 align-self-lg-center align-self-md-center align-self-center\">\n                <!---->\n                <div data-colibri-id=\"2084-c11\" class=\"d-block style-1005 style-local-2084-c11 position-relative h-element\">\n                  <!---->\n                  <div class=\"h-image__frame-container-outer\">\n                    <div class=\"h-image__frame-container\">\n                      <!---->\n                      <!---->\n                      <img loading=\"lazy\" decoding=\"async\" width=\"1199\" height=\"1495\" src=\"https:\/\/substanz-schule.de\/cms\/wp-content\/uploads\/2020\/07\/cropped-sil-art.de_substanz-10-1-1.jpg\" class=\"wp-image-4260 style-1005-image style-local-2084-c11-image\" alt=\"\" srcset=\"https:\/\/substanz-schule.de\/cms\/wp-content\/uploads\/2020\/07\/cropped-sil-art.de_substanz-10-1-1.jpg 1199w, https:\/\/substanz-schule.de\/cms\/wp-content\/uploads\/2020\/07\/cropped-sil-art.de_substanz-10-1-1-241x300.jpg 241w, https:\/\/substanz-schule.de\/cms\/wp-content\/uploads\/2020\/07\/cropped-sil-art.de_substanz-10-1-1-821x1024.jpg 821w, https:\/\/substanz-schule.de\/cms\/wp-content\/uploads\/2020\/07\/cropped-sil-art.de_substanz-10-1-1-768x958.jpg 768w\" sizes=\"auto, (max-width: 1199px) 100vw, 1199px\" \/>\n                      <div class=\"h-image__frame h-hide-sm style-1005-frameImage style-local-2084-c11-frameImage\"><\/div>\n                    <\/div>\n                  <\/div>\n                <\/div>\n              <\/div>\n            <\/div>\n          <\/div>\n        <\/div>\n      <\/div>\n    <\/div>\n  <\/div>\n<\/div>","protected":false},"excerpt":{"rendered":"<p>Der Ursprung des&nbsp; B\u00fchnentanzes Klassisches Ballett Jugendliche ab 10.Klasse : Montag 18:30 Uhr Erwachsene: Montag 19:30 Uhr (Floor-Barre) Mittwoch 19:30 Uhr Donnerstag 20:30 Uhr Zur kostenlosen Probestunde<\/p>\n","protected":false},"author":3,"featured_media":0,"parent":0,"menu_order":0,"comment_status":"closed","ping_status":"closed","template":"page-templates\/full-width-page.php","meta":{"footnotes":""},"class_list":["post-2084","page","type-page","status-publish","hentry"],"yoast_head":"<!-- This site is optimized with the Yoast SEO plugin v27.4 - https:\/\/yoast.com\/product\/yoast-seo-wordpress\/ -->\n<title>Ballett- Jugendliche &amp; Erwachsene - Substanz-Weinheim\u00b4s moderne Ballettschule<\/title>\n<meta name=\"description\" content=\"Ballettschule, contemporary, modern dance, jazzdance, jazz-Dance, tanzschule, tanzen, hemsbach, weinheim, sulzbach, ballett, kinderballett, kindertanz, Ballett f\u00fcr Kinder, modern, dance, pilates, Ballett Erwachsene, bergstrasse, Heidelberg, Mannheim, Viernheimpilates, tanzstudio, tanzen f\u00fcr kinder, Ballett Kinder, ballett Erwachsene, ballett Weinheim, ballett rhein-neckar, ballettschule, tanzschule, tanzen, beste Tanzschule, Kinderballett, hemsbach, weinheim, sulzbach, ballett, kinderballett,, Hip-Hop in Weinheim, kindertanz, rhein-neckar, pilates, online-unterricht, online, bergstrasse, stadthalle weinheim, Heidelberg, Mannheim, Viernheim, floor-barre, pr\u00e4senz und online, tanzen macht gl\u00fccklich, ballett f\u00fcr Kindergarten, pilates online, tanzen online, tanzen in weinheim, tango in weinheim, tango argentino,Tango Argentino Weinheim, tango, tango lernen, tango argentino lernen, Tango Anf\u00e4ngerkurs, tango argentino anf\u00e4ngerkurs, tango Mannheim, Tango argentino Mannheim, tango argentino heidelberg, tango argentino Worms, tango argentino Odenwald, Tango argentino Bensheim, tango argentino Heppenheim, tango Argentino Speyer, Tango argentino Rhein-Neckar, ballet, Paartanz, Tango Argentino Darmstadt, Tango Argentino Birkenau, Tango rhein-neckar , tango odenwald, Tango Hessen\" \/>\n<meta name=\"robots\" content=\"index, follow, max-snippet:-1, max-image-preview:large, max-video-preview:-1\" \/>\n<link rel=\"canonical\" href=\"https:\/\/substanz-schule.de\/cms\/ballett-jugendliche-erwachsene\/\" \/>\n<meta property=\"og:locale\" content=\"de_DE\" \/>\n<meta property=\"og:type\" content=\"article\" \/>\n<meta property=\"og:title\" content=\"Ballett- Jugendliche &amp; Erwachsene - Substanz-Weinheim\u00b4s moderne Ballettschule\" \/>\n<meta property=\"og:description\" content=\"Ballettschule, contemporary, modern dance, jazzdance, jazz-Dance, tanzschule, tanzen, hemsbach, weinheim, sulzbach, ballett, kinderballett, kindertanz, Ballett f\u00fcr Kinder, modern, dance, pilates, Ballett Erwachsene, bergstrasse, Heidelberg, Mannheim, Viernheimpilates, tanzstudio, tanzen f\u00fcr kinder, Ballett Kinder, ballett Erwachsene, ballett Weinheim, ballett rhein-neckar, ballettschule, tanzschule, tanzen, beste Tanzschule, Kinderballett, hemsbach, weinheim, sulzbach, ballett, kinderballett,, Hip-Hop in Weinheim, kindertanz, rhein-neckar, pilates, online-unterricht, online, bergstrasse, stadthalle weinheim, Heidelberg, Mannheim, Viernheim, floor-barre, pr\u00e4senz und online, tanzen macht gl\u00fccklich, ballett f\u00fcr Kindergarten, pilates online, tanzen online, tanzen in weinheim, tango in weinheim, tango argentino,Tango Argentino Weinheim, tango, tango lernen, tango argentino lernen, Tango Anf\u00e4ngerkurs, tango argentino anf\u00e4ngerkurs, tango Mannheim, Tango argentino Mannheim, tango argentino heidelberg, tango argentino Worms, tango argentino Odenwald, Tango argentino Bensheim, tango argentino Heppenheim, tango Argentino Speyer, Tango argentino Rhein-Neckar, ballet, Paartanz, Tango Argentino Darmstadt, Tango Argentino Birkenau, Tango rhein-neckar , tango odenwald, Tango Hessen\" \/>\n<meta property=\"og:url\" content=\"https:\/\/substanz-schule.de\/cms\/ballett-jugendliche-erwachsene\/\" \/>\n<meta property=\"og:site_name\" content=\"Substanz-Weinheim\u00b4s moderne Ballettschule\" \/>\n<meta property=\"article:publisher\" content=\"https:\/\/de-de.facebook.com\/pages\/Substanz-Schule-f%c3%bcr-modernen-Tanz\/157581797588267\" \/>\n<meta property=\"article:modified_time\" content=\"2025-01-19T10:21:35+00:00\" \/>\n<meta property=\"og:image\" content=\"https:\/\/substanz-schule.de\/cms\/wp-content\/uploads\/2020\/07\/cropped-sil-art.de_substanz-10-1-1.jpg\" \/>\n\t<meta property=\"og:image:width\" content=\"1199\" \/>\n\t<meta property=\"og:image:height\" content=\"1495\" \/>\n\t<meta property=\"og:image:type\" content=\"image\/jpeg\" \/>\n<meta name=\"twitter:label1\" content=\"Gesch\u00e4tzte Lesezeit\" \/>\n\t<meta name=\"twitter:data1\" content=\"1\u00a0Minute\" \/>\n<script type=\"application\/ld+json\" class=\"yoast-schema-graph\">{\"@context\":\"https:\\\/\\\/schema.org\",\"@graph\":[{\"@type\":\"WebPage\",\"@id\":\"https:\\\/\\\/substanz-schule.de\\\/cms\\\/ballett-jugendliche-erwachsene\\\/\",\"url\":\"https:\\\/\\\/substanz-schule.de\\\/cms\\\/ballett-jugendliche-erwachsene\\\/\",\"name\":\"Ballett- Jugendliche & Erwachsene - Substanz-Weinheim\u00b4s moderne Ballettschule\",\"isPartOf\":{\"@id\":\"https:\\\/\\\/substanz-schule.de\\\/cms\\\/#website\"},\"primaryImageOfPage\":{\"@id\":\"https:\\\/\\\/substanz-schule.de\\\/cms\\\/ballett-jugendliche-erwachsene\\\/#primaryimage\"},\"image\":{\"@id\":\"https:\\\/\\\/substanz-schule.de\\\/cms\\\/ballett-jugendliche-erwachsene\\\/#primaryimage\"},\"thumbnailUrl\":\"https:\\\/\\\/substanz-schule.de\\\/cms\\\/wp-content\\\/uploads\\\/2020\\\/07\\\/cropped-sil-art.de_substanz-10-1-1.jpg\",\"datePublished\":\"2019-08-16T15:40:36+00:00\",\"dateModified\":\"2025-01-19T10:21:35+00:00\",\"description\":\"Ballettschule, contemporary, modern dance, jazzdance, jazz-Dance, tanzschule, tanzen, hemsbach, weinheim, sulzbach, ballett, kinderballett, kindertanz, Ballett f\u00fcr Kinder, modern, dance, pilates, Ballett Erwachsene, bergstrasse, Heidelberg, Mannheim, Viernheimpilates, tanzstudio, tanzen f\u00fcr kinder, Ballett Kinder, ballett Erwachsene, ballett Weinheim, ballett rhein-neckar, ballettschule, tanzschule, tanzen, beste Tanzschule, Kinderballett, hemsbach, weinheim, sulzbach, ballett, kinderballett,, Hip-Hop in Weinheim, kindertanz, rhein-neckar, pilates, online-unterricht, online, bergstrasse, stadthalle weinheim, Heidelberg, Mannheim, Viernheim, floor-barre, pr\u00e4senz und online, tanzen macht gl\u00fccklich, ballett f\u00fcr Kindergarten, pilates online, tanzen online, tanzen in weinheim, tango in weinheim, tango argentino,Tango Argentino Weinheim, tango, tango lernen, tango argentino lernen, Tango Anf\u00e4ngerkurs, tango argentino anf\u00e4ngerkurs, tango Mannheim, Tango argentino Mannheim, tango argentino heidelberg, tango argentino Worms, tango argentino Odenwald, Tango argentino Bensheim, tango argentino Heppenheim, tango Argentino Speyer, Tango argentino Rhein-Neckar, ballet, Paartanz, Tango Argentino Darmstadt, Tango Argentino Birkenau, Tango rhein-neckar , tango odenwald, Tango Hessen\",\"breadcrumb\":{\"@id\":\"https:\\\/\\\/substanz-schule.de\\\/cms\\\/ballett-jugendliche-erwachsene\\\/#breadcrumb\"},\"inLanguage\":\"de\",\"potentialAction\":[{\"@type\":\"ReadAction\",\"target\":[\"https:\\\/\\\/substanz-schule.de\\\/cms\\\/ballett-jugendliche-erwachsene\\\/\"]}]},{\"@type\":\"ImageObject\",\"inLanguage\":\"de\",\"@id\":\"https:\\\/\\\/substanz-schule.de\\\/cms\\\/ballett-jugendliche-erwachsene\\\/#primaryimage\",\"url\":\"https:\\\/\\\/substanz-schule.de\\\/cms\\\/wp-content\\\/uploads\\\/2020\\\/07\\\/cropped-sil-art.de_substanz-10-1-1.jpg\",\"contentUrl\":\"https:\\\/\\\/substanz-schule.de\\\/cms\\\/wp-content\\\/uploads\\\/2020\\\/07\\\/cropped-sil-art.de_substanz-10-1-1.jpg\",\"width\":1199,\"height\":1495},{\"@type\":\"BreadcrumbList\",\"@id\":\"https:\\\/\\\/substanz-schule.de\\\/cms\\\/ballett-jugendliche-erwachsene\\\/#breadcrumb\",\"itemListElement\":[{\"@type\":\"ListItem\",\"position\":1,\"name\":\"Home\",\"item\":\"https:\\\/\\\/substanz-schule.de\\\/cms\\\/\"},{\"@type\":\"ListItem\",\"position\":2,\"name\":\"Ballett- Jugendliche &#038; Erwachsene\"}]},{\"@type\":\"WebSite\",\"@id\":\"https:\\\/\\\/substanz-schule.de\\\/cms\\\/#website\",\"url\":\"https:\\\/\\\/substanz-schule.de\\\/cms\\\/\",\"name\":\"Substanz-Weinheim\u00b4s moderne Ballettschule\",\"description\":\"- seit 1997 -\",\"publisher\":{\"@id\":\"https:\\\/\\\/substanz-schule.de\\\/cms\\\/#organization\"},\"potentialAction\":[{\"@type\":\"SearchAction\",\"target\":{\"@type\":\"EntryPoint\",\"urlTemplate\":\"https:\\\/\\\/substanz-schule.de\\\/cms\\\/?s={search_term_string}\"},\"query-input\":{\"@type\":\"PropertyValueSpecification\",\"valueRequired\":true,\"valueName\":\"search_term_string\"}}],\"inLanguage\":\"de\"},{\"@type\":\"Organization\",\"@id\":\"https:\\\/\\\/substanz-schule.de\\\/cms\\\/#organization\",\"name\":\"Substanz - Schule f\u00fcr modernen Tanz\",\"url\":\"https:\\\/\\\/substanz-schule.de\\\/cms\\\/\",\"logo\":{\"@type\":\"ImageObject\",\"inLanguage\":\"de\",\"@id\":\"https:\\\/\\\/substanz-schule.de\\\/cms\\\/#\\\/schema\\\/logo\\\/image\\\/\",\"url\":\"https:\\\/\\\/substanz-schule.de\\\/cms\\\/wp-content\\\/uploads\\\/2017\\\/08\\\/cropped-cropped-substanz_Logoneu.jpg\",\"contentUrl\":\"https:\\\/\\\/substanz-schule.de\\\/cms\\\/wp-content\\\/uploads\\\/2017\\\/08\\\/cropped-cropped-substanz_Logoneu.jpg\",\"width\":220,\"height\":173,\"caption\":\"Substanz - Schule f\u00fcr modernen Tanz\"},\"image\":{\"@id\":\"https:\\\/\\\/substanz-schule.de\\\/cms\\\/#\\\/schema\\\/logo\\\/image\\\/\"},\"sameAs\":[\"https:\\\/\\\/de-de.facebook.com\\\/pages\\\/Substanz-Schule-f\u00fcr-modernen-Tanz\\\/157581797588267\",\"https:\\\/\\\/www.instagram.com\\\/substanz_weinheim\\\/\"]}]}<\/script>\n<!-- \/ Yoast SEO plugin. -->","yoast_head_json":{"title":"Ballett- Jugendliche & Erwachsene - Substanz-Weinheim\u00b4s moderne Ballettschule","description":"Ballettschule, contemporary, modern dance, jazzdance, jazz-Dance, tanzschule, tanzen, hemsbach, weinheim, sulzbach, ballett, kinderballett, kindertanz, Ballett f\u00fcr Kinder, modern, dance, pilates, Ballett Erwachsene, bergstrasse, Heidelberg, Mannheim, Viernheimpilates, tanzstudio, tanzen f\u00fcr kinder, Ballett Kinder, ballett Erwachsene, ballett Weinheim, ballett rhein-neckar, ballettschule, tanzschule, tanzen, beste Tanzschule, Kinderballett, hemsbach, weinheim, sulzbach, ballett, kinderballett,, Hip-Hop in Weinheim, kindertanz, rhein-neckar, pilates, online-unterricht, online, bergstrasse, stadthalle weinheim, Heidelberg, Mannheim, Viernheim, floor-barre, pr\u00e4senz und online, tanzen macht gl\u00fccklich, ballett f\u00fcr Kindergarten, pilates online, tanzen online, tanzen in weinheim, tango in weinheim, tango argentino,Tango Argentino Weinheim, tango, tango lernen, tango argentino lernen, Tango Anf\u00e4ngerkurs, tango argentino anf\u00e4ngerkurs, tango Mannheim, Tango argentino Mannheim, tango argentino heidelberg, tango argentino Worms, tango argentino Odenwald, Tango argentino Bensheim, tango argentino Heppenheim, tango Argentino Speyer, Tango argentino Rhein-Neckar, ballet, Paartanz, Tango Argentino Darmstadt, Tango Argentino Birkenau, Tango rhein-neckar , tango odenwald, Tango Hessen","robots":{"index":"index","follow":"follow","max-snippet":"max-snippet:-1","max-image-preview":"max-image-preview:large","max-video-preview":"max-video-preview:-1"},"canonical":"https:\/\/substanz-schule.de\/cms\/ballett-jugendliche-erwachsene\/","og_locale":"de_DE","og_type":"article","og_title":"Ballett- Jugendliche & Erwachsene - Substanz-Weinheim\u00b4s moderne Ballettschule","og_description":"Ballettschule, contemporary, modern dance, jazzdance, jazz-Dance, tanzschule, tanzen, hemsbach, weinheim, sulzbach, ballett, kinderballett, kindertanz, Ballett f\u00fcr Kinder, modern, dance, pilates, Ballett Erwachsene, bergstrasse, Heidelberg, Mannheim, Viernheimpilates, tanzstudio, tanzen f\u00fcr kinder, Ballett Kinder, ballett Erwachsene, ballett Weinheim, ballett rhein-neckar, ballettschule, tanzschule, tanzen, beste Tanzschule, Kinderballett, hemsbach, weinheim, sulzbach, ballett, kinderballett,, Hip-Hop in Weinheim, kindertanz, rhein-neckar, pilates, online-unterricht, online, bergstrasse, stadthalle weinheim, Heidelberg, Mannheim, Viernheim, floor-barre, pr\u00e4senz und online, tanzen macht gl\u00fccklich, ballett f\u00fcr Kindergarten, pilates online, tanzen online, tanzen in weinheim, tango in weinheim, tango argentino,Tango Argentino Weinheim, tango, tango lernen, tango argentino lernen, Tango Anf\u00e4ngerkurs, tango argentino anf\u00e4ngerkurs, tango Mannheim, Tango argentino Mannheim, tango argentino heidelberg, tango argentino Worms, tango argentino Odenwald, Tango argentino Bensheim, tango argentino Heppenheim, tango Argentino Speyer, Tango argentino Rhein-Neckar, ballet, Paartanz, Tango Argentino Darmstadt, Tango Argentino Birkenau, Tango rhein-neckar , tango odenwald, Tango Hessen","og_url":"https:\/\/substanz-schule.de\/cms\/ballett-jugendliche-erwachsene\/","og_site_name":"Substanz-Weinheim\u00b4s moderne Ballettschule","article_publisher":"https:\/\/de-de.facebook.com\/pages\/Substanz-Schule-f%c3%bcr-modernen-Tanz\/157581797588267","article_modified_time":"2025-01-19T10:21:35+00:00","og_image":[{"width":1199,"height":1495,"url":"https:\/\/substanz-schule.de\/cms\/wp-content\/uploads\/2020\/07\/cropped-sil-art.de_substanz-10-1-1.jpg","type":"image\/jpeg"}],"twitter_misc":{"Gesch\u00e4tzte Lesezeit":"1\u00a0Minute"},"schema":{"@context":"https:\/\/schema.org","@graph":[{"@type":"WebPage","@id":"https:\/\/substanz-schule.de\/cms\/ballett-jugendliche-erwachsene\/","url":"https:\/\/substanz-schule.de\/cms\/ballett-jugendliche-erwachsene\/","name":"Ballett- Jugendliche & Erwachsene - Substanz-Weinheim\u00b4s moderne Ballettschule","isPartOf":{"@id":"https:\/\/substanz-schule.de\/cms\/#website"},"primaryImageOfPage":{"@id":"https:\/\/substanz-schule.de\/cms\/ballett-jugendliche-erwachsene\/#primaryimage"},"image":{"@id":"https:\/\/substanz-schule.de\/cms\/ballett-jugendliche-erwachsene\/#primaryimage"},"thumbnailUrl":"https:\/\/substanz-schule.de\/cms\/wp-content\/uploads\/2020\/07\/cropped-sil-art.de_substanz-10-1-1.jpg","datePublished":"2019-08-16T15:40:36+00:00","dateModified":"2025-01-19T10:21:35+00:00","description":"Ballettschule, contemporary, modern dance, jazzdance, jazz-Dance, tanzschule, tanzen, hemsbach, weinheim, sulzbach, ballett, kinderballett, kindertanz, Ballett f\u00fcr Kinder, modern, dance, pilates, Ballett Erwachsene, bergstrasse, Heidelberg, Mannheim, Viernheimpilates, tanzstudio, tanzen f\u00fcr kinder, Ballett Kinder, ballett Erwachsene, ballett Weinheim, ballett rhein-neckar, ballettschule, tanzschule, tanzen, beste Tanzschule, Kinderballett, hemsbach, weinheim, sulzbach, ballett, kinderballett,, Hip-Hop in Weinheim, kindertanz, rhein-neckar, pilates, online-unterricht, online, bergstrasse, stadthalle weinheim, Heidelberg, Mannheim, Viernheim, floor-barre, pr\u00e4senz und online, tanzen macht gl\u00fccklich, ballett f\u00fcr Kindergarten, pilates online, tanzen online, tanzen in weinheim, tango in weinheim, tango argentino,Tango Argentino Weinheim, tango, tango lernen, tango argentino lernen, Tango Anf\u00e4ngerkurs, tango argentino anf\u00e4ngerkurs, tango Mannheim, Tango argentino Mannheim, tango argentino heidelberg, tango argentino Worms, tango argentino Odenwald, Tango argentino Bensheim, tango argentino Heppenheim, tango Argentino Speyer, Tango argentino Rhein-Neckar, ballet, Paartanz, Tango Argentino Darmstadt, Tango Argentino Birkenau, Tango rhein-neckar , tango odenwald, Tango Hessen","breadcrumb":{"@id":"https:\/\/substanz-schule.de\/cms\/ballett-jugendliche-erwachsene\/#breadcrumb"},"inLanguage":"de","potentialAction":[{"@type":"ReadAction","target":["https:\/\/substanz-schule.de\/cms\/ballett-jugendliche-erwachsene\/"]}]},{"@type":"ImageObject","inLanguage":"de","@id":"https:\/\/substanz-schule.de\/cms\/ballett-jugendliche-erwachsene\/#primaryimage","url":"https:\/\/substanz-schule.de\/cms\/wp-content\/uploads\/2020\/07\/cropped-sil-art.de_substanz-10-1-1.jpg","contentUrl":"https:\/\/substanz-schule.de\/cms\/wp-content\/uploads\/2020\/07\/cropped-sil-art.de_substanz-10-1-1.jpg","width":1199,"height":1495},{"@type":"BreadcrumbList","@id":"https:\/\/substanz-schule.de\/cms\/ballett-jugendliche-erwachsene\/#breadcrumb","itemListElement":[{"@type":"ListItem","position":1,"name":"Home","item":"https:\/\/substanz-schule.de\/cms\/"},{"@type":"ListItem","position":2,"name":"Ballett- Jugendliche &#038; Erwachsene"}]},{"@type":"WebSite","@id":"https:\/\/substanz-schule.de\/cms\/#website","url":"https:\/\/substanz-schule.de\/cms\/","name":"Substanz-Weinheim\u00b4s moderne Ballettschule","description":"- seit 1997 -","publisher":{"@id":"https:\/\/substanz-schule.de\/cms\/#organization"},"potentialAction":[{"@type":"SearchAction","target":{"@type":"EntryPoint","urlTemplate":"https:\/\/substanz-schule.de\/cms\/?s={search_term_string}"},"query-input":{"@type":"PropertyValueSpecification","valueRequired":true,"valueName":"search_term_string"}}],"inLanguage":"de"},{"@type":"Organization","@id":"https:\/\/substanz-schule.de\/cms\/#organization","name":"Substanz - Schule f\u00fcr modernen Tanz","url":"https:\/\/substanz-schule.de\/cms\/","logo":{"@type":"ImageObject","inLanguage":"de","@id":"https:\/\/substanz-schule.de\/cms\/#\/schema\/logo\/image\/","url":"https:\/\/substanz-schule.de\/cms\/wp-content\/uploads\/2017\/08\/cropped-cropped-substanz_Logoneu.jpg","contentUrl":"https:\/\/substanz-schule.de\/cms\/wp-content\/uploads\/2017\/08\/cropped-cropped-substanz_Logoneu.jpg","width":220,"height":173,"caption":"Substanz - Schule f\u00fcr modernen Tanz"},"image":{"@id":"https:\/\/substanz-schule.de\/cms\/#\/schema\/logo\/image\/"},"sameAs":["https:\/\/de-de.facebook.com\/pages\/Substanz-Schule-f\u00fcr-modernen-Tanz\/157581797588267","https:\/\/www.instagram.com\/substanz_weinheim\/"]}]}},"_links":{"self":[{"href":"https:\/\/substanz-schule.de\/cms\/wp-json\/wp\/v2\/pages\/2084","targetHints":{"allow":["GET"]}}],"collection":[{"href":"https:\/\/substanz-schule.de\/cms\/wp-json\/wp\/v2\/pages"}],"about":[{"href":"https:\/\/substanz-schule.de\/cms\/wp-json\/wp\/v2\/types\/page"}],"author":[{"embeddable":true,"href":"https:\/\/substanz-schule.de\/cms\/wp-json\/wp\/v2\/users\/3"}],"replies":[{"embeddable":true,"href":"https:\/\/substanz-schule.de\/cms\/wp-json\/wp\/v2\/comments?post=2084"}],"version-history":[{"count":14,"href":"https:\/\/substanz-schule.de\/cms\/wp-json\/wp\/v2\/pages\/2084\/revisions"}],"predecessor-version":[{"id":9842,"href":"https:\/\/substanz-schule.de\/cms\/wp-json\/wp\/v2\/pages\/2084\/revisions\/9842"}],"wp:attachment":[{"href":"https:\/\/substanz-schule.de\/cms\/wp-json\/wp\/v2\/media?parent=2084"}],"curies":[{"name":"wp","href":"https:\/\/api.w.org\/{rel}","templated":true}]}}