{"id":2088,"date":"2019-08-16T17:49:52","date_gmt":"2019-08-16T15:49:52","guid":{"rendered":"http:\/\/substanz-schule.de\/cms\/?page_id=2088"},"modified":"2021-04-11T08:26:49","modified_gmt":"2021-04-11T06:26:49","slug":"silvia-kubasch","status":"publish","type":"page","link":"https:\/\/substanz-schule.de\/cms\/silvia-kubasch\/","title":{"rendered":"Silvia Kubasch &#8211; Inhaberin &#038; Schulleiterin"},"content":{"rendered":"<div data-colibri-id=\"2088-c1\" class=\"style-599 style-local-2088-c1 position-relative\">\n  <!---->\n  <div data-colibri-component=\"section\" data-colibri-id=\"2088-c2\" id=\"about\" class=\"h-section h-section-global-spacing d-flex align-items-lg-center align-items-md-center align-items-center style-604 style-local-2088-c2 position-relative\">\n    <!---->\n    <!---->\n    <div class=\"h-section-grid-container h-section-boxed-container\">\n      <!---->\n      <div data-colibri-id=\"2088-c3\" class=\"h-row-container gutters-row-lg-2 gutters-row-md-2 gutters-row-2 gutters-row-v-lg-2 gutters-row-v-md-2 gutters-row-v-2 style-605 style-local-2088-c3 position-relative\">\n        <!---->\n        <div class=\"h-row justify-content-lg-center justify-content-md-center justify-content-center align-items-lg-stretch align-items-md-stretch align-items-stretch gutters-col-lg-2 gutters-col-md-2 gutters-col-2 gutters-col-v-lg-2 gutters-col-v-md-2 gutters-col-v-2\">\n          <!---->\n          <div class=\"h-column h-column-container d-flex h-col-lg-auto h-col-md-auto h-col-auto style-606-outer style-local-2088-c4-outer\">\n            <div data-colibri-id=\"2088-c4\" class=\"d-flex h-flex-basis h-column__inner h-px-lg-2 h-px-md-2 h-px-2 v-inner-lg-2 v-inner-md-2 v-inner-2 style-606 style-local-2088-c4 position-relative\">\n              <!---->\n              <!---->\n              <div class=\"w-100 h-y-container h-column__content h-column__v-align flex-basis-100 align-self-lg-center align-self-md-center align-self-center\">\n                <!---->\n                <div data-colibri-id=\"2088-c5\" class=\"h-global-transition-all h-heading style-607 style-local-2088-c5 position-relative h-element\">\n                  <!---->\n                  <div class=\"h-heading__outer style-607 style-local-2088-c5\">\n                    <!---->\n                    <!---->\n                    <h5 class=\"\">Schulleiterin &amp; Inhaberin<\/h5>\n                  <\/div>\n                <\/div>\n                <div data-colibri-id=\"2088-c6\" class=\"h-global-transition-all h-heading style-608 style-local-2088-c6 position-relative h-element\">\n                  <!---->\n                  <div class=\"h-heading__outer style-608 style-local-2088-c6\">\n                    <!---->\n                    <!---->\n                    <h2 class=\"\"><em style=\"color: rgb(247, 144, 7); font-family: &quot;Playfair Display&quot;;\">Silvia Kubasch<\/em> <\/h2>\n                  <\/div>\n                <\/div>\n                <div data-colibri-id=\"2088-c7\" class=\"h-text h-text-component style-609 style-local-2088-c7 position-relative h-element\">\n                  <!---->\n                  <!---->\n                  <div class=\"\">\n                    <p>ist seit 1994&nbsp;<strong>diplomierte B\u00fchnent\u00e4nzerin und Tanzp\u00e4dagogin.<\/strong><\/p>\n                    <p>Sie absolvierte ihre 3-j\u00e4hrige Ausbildung an der Iwanson-Schule f\u00fcr zeitgen\u00f6ssischen Tanz in M\u00fcnchen.<\/p>\n                    <p>Nach&nbsp;einer weiteren Fortbildung in Los Angeles und New York, war sie Fakult\u00e4tsmitglied der Iwanson-Schule&nbsp;und Dozent&nbsp;sowohl&nbsp;im Kinder- und Jugend- , als auch im Erwachsenen-Bereich (P\u00e4dagogen-Fortbildung).<\/p>\n                    <p>Neben der p\u00e4dagogischen Arbeit an der von ihr 1997 gegr\u00fcndeten Schule \u201eSubstanz\u201c organisiert Sie regelm\u00e4\u00dfig gro\u00dfe Tanzvorstellungen und f\u00f6rdert begabte Kinder.<\/p>\n                    <p>1999 bis 2009&nbsp;choreografierte Sie Tanzst\u00fccke&nbsp;f\u00fcr verschiedene Formationen&nbsp;von der Oberliga \u00fcber die Regionalliga&nbsp;bis zur 2. Bundesliga im Jazz- und Modern-Dance-Bereich.<\/p>\n                    <p>Die meisten Gruppen etablierten sich auf den vordersten Pl\u00e4tzen, qualifizierten sich&nbsp;f\u00fcr die Deutsche Meisterschaft und&nbsp;gewannen&nbsp;sogar den hei\u00dfbegehrten Hessenpokal.<\/p>\n                    <p>Durch Fortbildungen entdeckte Sie Ihr starkes Interesse an Pilates und vertiefte Ihre Kenntnisse in einer intensiven Ausbildung im Jahr 2002.<\/p>\n                    <p>Sie entwickelte mit den Jahren ihren eigenen Pilates-Stil, den ihre Sch\u00fcler zu sch\u00e4tzen wissen.<\/p>\n                    <p>Mit Ihrer Fortbildung f\u00fcr Sport-Taping (Kinesiologisches Taping) bietet sie ihren Sch\u00fclern eine zus\u00e4tzliche Unterst\u00fctzung au\u00dferhalb ihres Unterrichts.&nbsp;&nbsp;<\/p>\n                    <p>\n                      <br>\n                    <\/p>\n                    <p>Silvia unterrichtet bei Substanz:<\/p>\n                    <p>Ballett<\/p>\n                    <p>Contemporary<\/p>\n                    <p>Jazz Dance<\/p>\n                    <p>Pilates<\/p>\n                    <p>\n                      <br>\n                    <\/p>\n                  <\/div>\n                <\/div>\n                <div data-colibri-id=\"2088-c8\" class=\"h-x-container style-610 style-local-2088-c8 position-relative h-element\">\n                  <!---->\n                  <div class=\"h-x-container-inner style-dynamic-2088-c8-group style-610-spacing style-local-2088-c8-spacing\"><span class=\"h-button__outer style-611-outer style-local-2088-c9-outer d-inline-flex h-element\"><a h-use-smooth-scroll=\"true\" href=\"https:\/\/substanz.msvplus.de\/online-anmeldung\/\"  data-colibri-id=\"2088-c9\" class=\"d-flex w-100 align-items-center h-button justify-content-lg-center justify-content-md-center justify-content-center style-611 style-local-2088-c9 position-relative\"><!----><!----> <span>Probestunde vereinbaren<\/span><\/a>\n                    <\/span>\n                  <\/div>\n                <\/div>\n              <\/div>\n            <\/div>\n          <\/div>\n          <div class=\"h-column h-column-container d-flex h-col-lg-auto h-col-md-auto h-col-auto style-612-outer style-local-2088-c10-outer\">\n            <div data-colibri-id=\"2088-c10\" class=\"d-flex h-flex-basis h-column__inner h-px-lg-2 h-px-md-2 h-px-2 v-inner-lg-2 v-inner-md-2 v-inner-2 style-612 style-local-2088-c10 position-relative\">\n              <!---->\n              <!---->\n              <div class=\"w-100 h-y-container h-column__content h-column__v-align flex-basis-100 align-self-lg-center align-self-md-center align-self-center\">\n                <!---->\n                <div data-colibri-id=\"2088-c11\" class=\"d-block style-613 style-local-2088-c11 position-relative h-element\">\n                  <!---->\n                  <div class=\"h-image__frame-container-outer\">\n                    <div class=\"h-image__frame-container\">\n                      <!---->\n                      <!---->\n                      <img loading=\"lazy\" decoding=\"async\" width=\"1200\" height=\"1200\" src=\"https:\/\/substanz-schule.de\/cms\/wp-content\/uploads\/2019\/08\/sil-art.silvia-2.jpg\" class=\"wp-image-2030 style-613-image style-local-2088-c11-image\" alt=\"\" srcset=\"https:\/\/substanz-schule.de\/cms\/wp-content\/uploads\/2019\/08\/sil-art.silvia-2.jpg 1200w, https:\/\/substanz-schule.de\/cms\/wp-content\/uploads\/2019\/08\/sil-art.silvia-2-150x150.jpg 150w, https:\/\/substanz-schule.de\/cms\/wp-content\/uploads\/2019\/08\/sil-art.silvia-2-300x300.jpg 300w, https:\/\/substanz-schule.de\/cms\/wp-content\/uploads\/2019\/08\/sil-art.silvia-2-768x768.jpg 768w, https:\/\/substanz-schule.de\/cms\/wp-content\/uploads\/2019\/08\/sil-art.silvia-2-1024x1024.jpg 1024w\" sizes=\"auto, (max-width: 1200px) 100vw, 1200px\" \/>\n                      <div class=\"h-image__frame h-hide-sm style-613-frameImage style-local-2088-c11-frameImage\"><\/div>\n                    <\/div>\n                  <\/div>\n                <\/div>\n              <\/div>\n            <\/div>\n          <\/div>\n        <\/div>\n      <\/div>\n    <\/div>\n  <\/div>\n<\/div>","protected":false},"excerpt":{"rendered":"<p>Schulleiterin &amp; Inhaberin Silvia Kubasch ist seit 1994&nbsp;diplomierte B\u00fchnent\u00e4nzerin und Tanzp\u00e4dagogin. Sie absolvierte ihre 3-j\u00e4hrige Ausbildung an der Iwanson-Schule f\u00fcr zeitgen\u00f6ssischen Tanz in M\u00fcnchen. Nach&nbsp;einer weiteren Fortbildung in Los Angeles und New York, war sie Fakult\u00e4tsmitglied der Iwanson-Schule&nbsp;und Dozent&nbsp;sowohl&nbsp;im Kinder- und Jugend- , als auch im Erwachsenen-Bereich (P\u00e4dagogen-Fortbildung). Neben der p\u00e4dagogischen Arbeit an der von [&hellip;]<\/p>\n","protected":false},"author":3,"featured_media":0,"parent":0,"menu_order":0,"comment_status":"closed","ping_status":"closed","template":"page-templates\/full-width-page.php","meta":{"footnotes":""},"class_list":["post-2088","page","type-page","status-publish","hentry"],"yoast_head":"<!-- This site is optimized with the Yoast SEO plugin v27.4 - https:\/\/yoast.com\/product\/yoast-seo-wordpress\/ -->\n<title>Silvia Kubasch - Inhaberin &amp; Schulleiterin - Substanz-Weinheim\u00b4s moderne Ballettschule<\/title>\n<meta name=\"description\" content=\"modern dance, jazzdance, jazz-Dance, ballettschule, tanzschule, tanzen, hemsbach, weinheim, sulzbach, ballett, kinderballett, modern, dance, classic, pilates, jazz, iwanson, lippick, bergstrasse, jazzdance, stadthalle weinheim, Heidelberg, Mannheim, Viernheim\" \/>\n<meta name=\"robots\" content=\"index, follow, max-snippet:-1, max-image-preview:large, max-video-preview:-1\" \/>\n<link rel=\"canonical\" href=\"https:\/\/substanz-schule.de\/cms\/silvia-kubasch\/\" \/>\n<meta property=\"og:locale\" content=\"de_DE\" \/>\n<meta property=\"og:type\" content=\"article\" \/>\n<meta property=\"og:title\" content=\"Silvia Kubasch - Inhaberin &amp; Schulleiterin - Substanz-Weinheim\u00b4s moderne Ballettschule\" \/>\n<meta property=\"og:description\" content=\"modern dance, jazzdance, jazz-Dance, ballettschule, tanzschule, tanzen, hemsbach, weinheim, sulzbach, ballett, kinderballett, modern, dance, classic, pilates, jazz, iwanson, lippick, bergstrasse, jazzdance, stadthalle weinheim, Heidelberg, Mannheim, Viernheim\" \/>\n<meta property=\"og:url\" content=\"https:\/\/substanz-schule.de\/cms\/silvia-kubasch\/\" \/>\n<meta property=\"og:site_name\" content=\"Substanz-Weinheim\u00b4s moderne Ballettschule\" \/>\n<meta property=\"article:publisher\" content=\"https:\/\/de-de.facebook.com\/pages\/Substanz-Schule-f%c3%bcr-modernen-Tanz\/157581797588267\" \/>\n<meta property=\"article:modified_time\" content=\"2021-04-11T06:26:49+00:00\" \/>\n<meta property=\"og:image\" content=\"https:\/\/substanz-schule.de\/cms\/wp-content\/uploads\/2019\/08\/sil-art.silvia-2.jpg\" \/>\n<meta name=\"twitter:label1\" content=\"Gesch\u00e4tzte Lesezeit\" \/>\n\t<meta name=\"twitter:data1\" content=\"1\u00a0Minute\" \/>\n<script type=\"application\/ld+json\" class=\"yoast-schema-graph\">{\"@context\":\"https:\\\/\\\/schema.org\",\"@graph\":[{\"@type\":\"WebPage\",\"@id\":\"https:\\\/\\\/substanz-schule.de\\\/cms\\\/silvia-kubasch\\\/\",\"url\":\"https:\\\/\\\/substanz-schule.de\\\/cms\\\/silvia-kubasch\\\/\",\"name\":\"Silvia Kubasch - Inhaberin & Schulleiterin - Substanz-Weinheim\u00b4s moderne Ballettschule\",\"isPartOf\":{\"@id\":\"https:\\\/\\\/substanz-schule.de\\\/cms\\\/#website\"},\"primaryImageOfPage\":{\"@id\":\"https:\\\/\\\/substanz-schule.de\\\/cms\\\/silvia-kubasch\\\/#primaryimage\"},\"image\":{\"@id\":\"https:\\\/\\\/substanz-schule.de\\\/cms\\\/silvia-kubasch\\\/#primaryimage\"},\"thumbnailUrl\":\"https:\\\/\\\/substanz-schule.de\\\/cms\\\/wp-content\\\/uploads\\\/2019\\\/08\\\/sil-art.silvia-2.jpg\",\"datePublished\":\"2019-08-16T15:49:52+00:00\",\"dateModified\":\"2021-04-11T06:26:49+00:00\",\"description\":\"modern dance, jazzdance, jazz-Dance, ballettschule, tanzschule, tanzen, hemsbach, weinheim, sulzbach, ballett, kinderballett, modern, dance, classic, pilates, jazz, iwanson, lippick, bergstrasse, jazzdance, stadthalle weinheim, Heidelberg, Mannheim, Viernheim\",\"breadcrumb\":{\"@id\":\"https:\\\/\\\/substanz-schule.de\\\/cms\\\/silvia-kubasch\\\/#breadcrumb\"},\"inLanguage\":\"de\",\"potentialAction\":[{\"@type\":\"ReadAction\",\"target\":[\"https:\\\/\\\/substanz-schule.de\\\/cms\\\/silvia-kubasch\\\/\"]}]},{\"@type\":\"ImageObject\",\"inLanguage\":\"de\",\"@id\":\"https:\\\/\\\/substanz-schule.de\\\/cms\\\/silvia-kubasch\\\/#primaryimage\",\"url\":\"https:\\\/\\\/substanz-schule.de\\\/cms\\\/wp-content\\\/uploads\\\/2019\\\/08\\\/sil-art.silvia-2.jpg\",\"contentUrl\":\"https:\\\/\\\/substanz-schule.de\\\/cms\\\/wp-content\\\/uploads\\\/2019\\\/08\\\/sil-art.silvia-2.jpg\",\"width\":1200,\"height\":1200},{\"@type\":\"BreadcrumbList\",\"@id\":\"https:\\\/\\\/substanz-schule.de\\\/cms\\\/silvia-kubasch\\\/#breadcrumb\",\"itemListElement\":[{\"@type\":\"ListItem\",\"position\":1,\"name\":\"Home\",\"item\":\"https:\\\/\\\/substanz-schule.de\\\/cms\\\/\"},{\"@type\":\"ListItem\",\"position\":2,\"name\":\"Silvia Kubasch &#8211; Inhaberin &#038; Schulleiterin\"}]},{\"@type\":\"WebSite\",\"@id\":\"https:\\\/\\\/substanz-schule.de\\\/cms\\\/#website\",\"url\":\"https:\\\/\\\/substanz-schule.de\\\/cms\\\/\",\"name\":\"Substanz-Weinheim\u00b4s moderne Ballettschule\",\"description\":\"- seit 1997 -\",\"publisher\":{\"@id\":\"https:\\\/\\\/substanz-schule.de\\\/cms\\\/#organization\"},\"potentialAction\":[{\"@type\":\"SearchAction\",\"target\":{\"@type\":\"EntryPoint\",\"urlTemplate\":\"https:\\\/\\\/substanz-schule.de\\\/cms\\\/?s={search_term_string}\"},\"query-input\":{\"@type\":\"PropertyValueSpecification\",\"valueRequired\":true,\"valueName\":\"search_term_string\"}}],\"inLanguage\":\"de\"},{\"@type\":\"Organization\",\"@id\":\"https:\\\/\\\/substanz-schule.de\\\/cms\\\/#organization\",\"name\":\"Substanz - Schule f\u00fcr modernen Tanz\",\"url\":\"https:\\\/\\\/substanz-schule.de\\\/cms\\\/\",\"logo\":{\"@type\":\"ImageObject\",\"inLanguage\":\"de\",\"@id\":\"https:\\\/\\\/substanz-schule.de\\\/cms\\\/#\\\/schema\\\/logo\\\/image\\\/\",\"url\":\"https:\\\/\\\/substanz-schule.de\\\/cms\\\/wp-content\\\/uploads\\\/2017\\\/08\\\/cropped-cropped-substanz_Logoneu.jpg\",\"contentUrl\":\"https:\\\/\\\/substanz-schule.de\\\/cms\\\/wp-content\\\/uploads\\\/2017\\\/08\\\/cropped-cropped-substanz_Logoneu.jpg\",\"width\":220,\"height\":173,\"caption\":\"Substanz - Schule f\u00fcr modernen Tanz\"},\"image\":{\"@id\":\"https:\\\/\\\/substanz-schule.de\\\/cms\\\/#\\\/schema\\\/logo\\\/image\\\/\"},\"sameAs\":[\"https:\\\/\\\/de-de.facebook.com\\\/pages\\\/Substanz-Schule-f\u00fcr-modernen-Tanz\\\/157581797588267\",\"https:\\\/\\\/www.instagram.com\\\/substanz_weinheim\\\/\"]}]}<\/script>\n<!-- \/ Yoast SEO plugin. -->","yoast_head_json":{"title":"Silvia Kubasch - Inhaberin & Schulleiterin - Substanz-Weinheim\u00b4s moderne Ballettschule","description":"modern dance, jazzdance, jazz-Dance, ballettschule, tanzschule, tanzen, hemsbach, weinheim, sulzbach, ballett, kinderballett, modern, dance, classic, pilates, jazz, iwanson, lippick, bergstrasse, jazzdance, stadthalle weinheim, Heidelberg, Mannheim, Viernheim","robots":{"index":"index","follow":"follow","max-snippet":"max-snippet:-1","max-image-preview":"max-image-preview:large","max-video-preview":"max-video-preview:-1"},"canonical":"https:\/\/substanz-schule.de\/cms\/silvia-kubasch\/","og_locale":"de_DE","og_type":"article","og_title":"Silvia Kubasch - Inhaberin & Schulleiterin - Substanz-Weinheim\u00b4s moderne Ballettschule","og_description":"modern dance, jazzdance, jazz-Dance, ballettschule, tanzschule, tanzen, hemsbach, weinheim, sulzbach, ballett, kinderballett, modern, dance, classic, pilates, jazz, iwanson, lippick, bergstrasse, jazzdance, stadthalle weinheim, Heidelberg, Mannheim, Viernheim","og_url":"https:\/\/substanz-schule.de\/cms\/silvia-kubasch\/","og_site_name":"Substanz-Weinheim\u00b4s moderne Ballettschule","article_publisher":"https:\/\/de-de.facebook.com\/pages\/Substanz-Schule-f%c3%bcr-modernen-Tanz\/157581797588267","article_modified_time":"2021-04-11T06:26:49+00:00","og_image":[{"url":"https:\/\/substanz-schule.de\/cms\/wp-content\/uploads\/2019\/08\/sil-art.silvia-2.jpg","type":"","width":"","height":""}],"twitter_misc":{"Gesch\u00e4tzte Lesezeit":"1\u00a0Minute"},"schema":{"@context":"https:\/\/schema.org","@graph":[{"@type":"WebPage","@id":"https:\/\/substanz-schule.de\/cms\/silvia-kubasch\/","url":"https:\/\/substanz-schule.de\/cms\/silvia-kubasch\/","name":"Silvia Kubasch - Inhaberin & Schulleiterin - Substanz-Weinheim\u00b4s moderne Ballettschule","isPartOf":{"@id":"https:\/\/substanz-schule.de\/cms\/#website"},"primaryImageOfPage":{"@id":"https:\/\/substanz-schule.de\/cms\/silvia-kubasch\/#primaryimage"},"image":{"@id":"https:\/\/substanz-schule.de\/cms\/silvia-kubasch\/#primaryimage"},"thumbnailUrl":"https:\/\/substanz-schule.de\/cms\/wp-content\/uploads\/2019\/08\/sil-art.silvia-2.jpg","datePublished":"2019-08-16T15:49:52+00:00","dateModified":"2021-04-11T06:26:49+00:00","description":"modern dance, jazzdance, jazz-Dance, ballettschule, tanzschule, tanzen, hemsbach, weinheim, sulzbach, ballett, kinderballett, modern, dance, classic, pilates, jazz, iwanson, lippick, bergstrasse, jazzdance, stadthalle weinheim, Heidelberg, Mannheim, Viernheim","breadcrumb":{"@id":"https:\/\/substanz-schule.de\/cms\/silvia-kubasch\/#breadcrumb"},"inLanguage":"de","potentialAction":[{"@type":"ReadAction","target":["https:\/\/substanz-schule.de\/cms\/silvia-kubasch\/"]}]},{"@type":"ImageObject","inLanguage":"de","@id":"https:\/\/substanz-schule.de\/cms\/silvia-kubasch\/#primaryimage","url":"https:\/\/substanz-schule.de\/cms\/wp-content\/uploads\/2019\/08\/sil-art.silvia-2.jpg","contentUrl":"https:\/\/substanz-schule.de\/cms\/wp-content\/uploads\/2019\/08\/sil-art.silvia-2.jpg","width":1200,"height":1200},{"@type":"BreadcrumbList","@id":"https:\/\/substanz-schule.de\/cms\/silvia-kubasch\/#breadcrumb","itemListElement":[{"@type":"ListItem","position":1,"name":"Home","item":"https:\/\/substanz-schule.de\/cms\/"},{"@type":"ListItem","position":2,"name":"Silvia Kubasch &#8211; Inhaberin &#038; Schulleiterin"}]},{"@type":"WebSite","@id":"https:\/\/substanz-schule.de\/cms\/#website","url":"https:\/\/substanz-schule.de\/cms\/","name":"Substanz-Weinheim\u00b4s moderne Ballettschule","description":"- seit 1997 -","publisher":{"@id":"https:\/\/substanz-schule.de\/cms\/#organization"},"potentialAction":[{"@type":"SearchAction","target":{"@type":"EntryPoint","urlTemplate":"https:\/\/substanz-schule.de\/cms\/?s={search_term_string}"},"query-input":{"@type":"PropertyValueSpecification","valueRequired":true,"valueName":"search_term_string"}}],"inLanguage":"de"},{"@type":"Organization","@id":"https:\/\/substanz-schule.de\/cms\/#organization","name":"Substanz - Schule f\u00fcr modernen Tanz","url":"https:\/\/substanz-schule.de\/cms\/","logo":{"@type":"ImageObject","inLanguage":"de","@id":"https:\/\/substanz-schule.de\/cms\/#\/schema\/logo\/image\/","url":"https:\/\/substanz-schule.de\/cms\/wp-content\/uploads\/2017\/08\/cropped-cropped-substanz_Logoneu.jpg","contentUrl":"https:\/\/substanz-schule.de\/cms\/wp-content\/uploads\/2017\/08\/cropped-cropped-substanz_Logoneu.jpg","width":220,"height":173,"caption":"Substanz - Schule f\u00fcr modernen Tanz"},"image":{"@id":"https:\/\/substanz-schule.de\/cms\/#\/schema\/logo\/image\/"},"sameAs":["https:\/\/de-de.facebook.com\/pages\/Substanz-Schule-f\u00fcr-modernen-Tanz\/157581797588267","https:\/\/www.instagram.com\/substanz_weinheim\/"]}]}},"_links":{"self":[{"href":"https:\/\/substanz-schule.de\/cms\/wp-json\/wp\/v2\/pages\/2088","targetHints":{"allow":["GET"]}}],"collection":[{"href":"https:\/\/substanz-schule.de\/cms\/wp-json\/wp\/v2\/pages"}],"about":[{"href":"https:\/\/substanz-schule.de\/cms\/wp-json\/wp\/v2\/types\/page"}],"author":[{"embeddable":true,"href":"https:\/\/substanz-schule.de\/cms\/wp-json\/wp\/v2\/users\/3"}],"replies":[{"embeddable":true,"href":"https:\/\/substanz-schule.de\/cms\/wp-json\/wp\/v2\/comments?post=2088"}],"version-history":[{"count":14,"href":"https:\/\/substanz-schule.de\/cms\/wp-json\/wp\/v2\/pages\/2088\/revisions"}],"predecessor-version":[{"id":3914,"href":"https:\/\/substanz-schule.de\/cms\/wp-json\/wp\/v2\/pages\/2088\/revisions\/3914"}],"wp:attachment":[{"href":"https:\/\/substanz-schule.de\/cms\/wp-json\/wp\/v2\/media?parent=2088"}],"curies":[{"name":"wp","href":"https:\/\/api.w.org\/{rel}","templated":true}]}}