{"id":25,"date":"2014-06-22T14:55:25","date_gmt":"2014-06-22T12:55:25","guid":{"rendered":"http:\/\/substanz-schule.de\/cms\/?page_id=25"},"modified":"2022-09-10T15:23:59","modified_gmt":"2022-09-10T13:23:59","slug":"ueber-substanz","status":"publish","type":"page","link":"https:\/\/substanz-schule.de\/cms\/ueber-substanz\/","title":{"rendered":"\u00dcber Substanz"},"content":{"rendered":"<div data-colibri-id=\"25-c1\" class=\"style-765 style-local-25-c1 position-relative\">\r\n  <!---->\r\n  <div data-colibri-component=\"section\" data-colibri-id=\"25-c6\" id=\"overlappable\" class=\"h-section h-section-global-spacing d-flex align-items-lg-center align-items-md-center align-items-center style-770 style-local-25-c6 position-relative\">\r\n    <!---->\r\n    <!---->\r\n    <div class=\"h-section-grid-container h-section-boxed-container\">\r\n      <!---->\r\n      <div data-colibri-id=\"25-c7\" class=\"h-row-container gutters-row-lg-0 gutters-row-md-0 gutters-row-2 gutters-row-v-lg-0 gutters-row-v-md-0 gutters-row-v-2 style-771 style-local-25-c7 position-relative\">\r\n        <!---->\r\n        <div class=\"h-row justify-content-lg-center justify-content-md-center justify-content-center align-items-lg-stretch align-items-md-stretch align-items-stretch gutters-col-lg-0 gutters-col-md-0 gutters-col-2 gutters-col-v-lg-0 gutters-col-v-md-0 gutters-col-v-2\">\r\n          <!---->\r\n          <div class=\"h-column h-column-container d-flex h-col-lg-4 h-col-md-4 h-col-12 style-772-outer style-local-25-c8-outer\">\r\n            <div data-colibri-id=\"25-c8\" class=\"d-flex h-flex-basis h-column__inner h-px-lg-3 h-px-md-3 h-px-2 v-inner-lg-3 v-inner-md-3 v-inner-2 style-772 style-local-25-c8 position-relative\">\r\n              <!---->\r\n              <!---->\r\n              <div class=\"w-100 h-y-container h-column__content h-column__v-align flex-basis-100 align-self-lg-start align-self-md-start align-self-start\">\r\n                <!---->\r\n                <div data-colibri-id=\"25-c9\" class=\"h-icon style-773 style-local-25-c9 position-relative h-element\">\r\n                  <!----><span class=\"h-svg-icon h-icon__icon style-773-icon style-local-25-c9-icon\"><!--Icon by Socicon (http:\/\/www.socicon.com)--><svg version=\"1.1\" xmlns=\"http:\/\/www.w3.org\/2000\/svg\" viewBox=\"0 0 1500 1500\">\r\n\r\n<path d=\"M1482.422 594.727c-143.555 102.539-284.18 205.078-430.664 310.547-14.648 8.789-14.648 17.578-11.719 35.156 55.664 166.992 111.328 336.914 166.992 506.836 0 2.93 2.93 8.789 5.859 17.578-8.789-5.859-14.648-11.719-20.508-14.648-140.625-102.539-284.18-205.078-424.805-307.617-11.719-8.789-23.438-11.719-35.156 0-146.484 105.469-290.039 210.938-439.453 316.406-2.93 2.93-5.859 2.93-11.719 8.789 20.508-64.453 41.016-125.977 58.594-187.5 38.086-117.188 76.172-231.445 114.258-348.633 2.93-11.719 0-17.578-11.719-26.367-143.555-102.539-284.18-205.078-427.734-310.547-5.859-2.93-8.789-8.789-14.648-14.648h38.086c169.922 0 339.844 0 506.836 0 17.578 0 26.367-2.93 32.227-20.508 52.734-169.922 108.398-339.844 164.063-512.695 0-2.93 2.93-5.859 5.859-14.648 2.93 8.789 5.859 11.719 5.859 17.578 55.664 169.922 111.328 339.844 166.992 509.766 5.859 17.578 11.719 20.508 32.227 20.508 175.781 0 351.563 0 527.344 0h20.508c-8.789 8.789-11.719 11.719-17.578 14.648z\"><\/path>\r\n<\/svg>\r\n<\/span><\/div>\r\n                <div data-colibri-id=\"25-c10\" class=\"h-global-transition-all h-heading style-774 style-local-25-c10 position-relative h-element\">\r\n                  <!---->\r\n                  <div class=\"h-heading__outer style-774 style-local-25-c10\">\r\n                    <!---->\r\n                    <!---->\r\n                    <h5 class=\"\">Unser Substanz-Team legt besonderen Wert auf:<\/h5>\r\n                  <\/div>\r\n                <\/div>\r\n                <div data-colibri-id=\"25-c11\" class=\"h-text h-text-component style-775 style-local-25-c11 position-relative h-element\">\r\n                  <!---->\r\n                  <!---->\r\n                  <div class=\"\">\r\n                    <p>eine&nbsp;<strong>famili\u00e4re und liebevolle Atmosph\u00e4re<\/strong><\/p>\r\n                    <p><strong>kleine Unterrichtsgruppen<\/strong><\/p>\r\n                    <p><strong>hoher Ausbildungsstand<\/strong>&nbsp;unserer Lehrkr\u00e4fte<\/p>\r\n                    <p>optimal&nbsp;<strong>abgestimmte Lehrmethode<\/strong>&nbsp;f\u00fcr Kleinkinder, Kinder, Teenager und Erwachsene<\/p>\r\n                  <\/div>\r\n                <\/div>\r\n              <\/div>\r\n            <\/div>\r\n          <\/div>\r\n          <div class=\"h-column h-column-container d-flex h-col-lg-4 h-col-md-4 h-col-12 style-772-outer style-local-25-c12-outer\">\r\n            <div data-colibri-id=\"25-c12\" class=\"d-flex h-flex-basis h-column__inner h-px-lg-3 h-px-md-3 h-px-2 v-inner-lg-3 v-inner-md-3 v-inner-2 style-772 style-local-25-c12 position-relative\">\r\n              <!---->\r\n              <!---->\r\n              <div class=\"w-100 h-y-container h-column__content h-column__v-align flex-basis-100 align-self-lg-start align-self-md-start align-self-start\">\r\n                <!---->\r\n                <div data-colibri-id=\"25-c13\" class=\"h-icon style-773 style-local-25-c13 position-relative h-element\">\r\n                  <!----><span class=\"h-svg-icon h-icon__icon style-773-icon style-local-25-c13-icon\"><!--Icon by Font Awesome (https:\/\/fontawesome.com)--><svg version=\"1.1\" xmlns=\"http:\/\/www.w3.org\/2000\/svg\" xmlns:xlink=\"http:\/\/www.w3.org\/1999\/xlink\" id=\"asterisk\" viewBox=\"0 0 1664 1896.0833\"><path d=\"M1482 1050q46 26 59.5 77.5T1529 1225l-64 110q-26 46-77.5 59.5T1290 1382l-266-153v307q0 52-38 90t-90 38H768q-52 0-90-38t-38-90v-307l-266 153q-46 26-97.5 12.5T199 1335l-64-110q-26-46-12.5-97.5T182 1050l266-154-266-154q-46-26-59.5-77.5T135 567l64-110q26-46 77.5-59.5T374 410l266 153V256q0-52 38-90t90-38h128q52 0 90 38t38 90v307l266-153q46-26 97.5-12.5T1465 457l64 110q26 46 12.5 97.5T1482 742l-266 154z\"><\/path><\/svg><\/span><\/div>\r\n                <div\r\n                  data-colibri-id=\"25-c14\" class=\"h-global-transition-all h-heading style-774 style-local-25-c14 position-relative h-element\">\r\n                  <!---->\r\n                  <div class=\"h-heading__outer style-774 style-local-25-c14\">\r\n                    <!---->\r\n                    <!---->\r\n                    <h5 class=\"\">Entstehung-Geschichte\r\n                      <br>von substanz:<\/h5>\r\n                  <\/div>\r\n              <\/div>\r\n              <div data-colibri-id=\"25-c15\" class=\"h-text h-text-component style-775 style-local-25-c15 position-relative h-element\">\r\n                <!---->\r\n                <!---->\r\n                <div class=\"\">\r\n                  <p>Substanz-Schule f\u00fcr modernen Tanz wurde 1997&nbsp;von Silvia Kubasch gegr\u00fcndet.<\/p>\r\n                  <p>In den ersten Jahren befanden sich die R\u00e4umlichkeiten im Nachbarort Hemsbach.<\/p>\r\n                  <p>Seit 2006 ist \u201aSubstanz-die moderne Ballettschule\u2018 in Weinheim eine feste&nbsp; Institution f\u00fcr darstellende Kunst.<\/p>\r\n                  <p>\r\n                    <br>\r\n                  <\/p>\r\n                <\/div>\r\n              <\/div>\r\n            <\/div>\r\n          <\/div>\r\n        <\/div>\r\n        <div class=\"h-column h-column-container d-flex h-col-lg-4 h-col-md-4 h-col-12 style-772-outer style-local-25-c16-outer\">\r\n          <div data-colibri-id=\"25-c16\" class=\"d-flex h-flex-basis h-column__inner h-px-lg-3 h-px-md-3 h-px-2 v-inner-lg-3 v-inner-md-3 v-inner-2 style-772 style-local-25-c16 position-relative\">\r\n            <!---->\r\n            <!---->\r\n            <div class=\"w-100 h-y-container h-column__content h-column__v-align flex-basis-100 align-self-lg-start align-self-md-start align-self-start\">\r\n              <!---->\r\n              <div data-colibri-id=\"25-c17\" class=\"h-icon style-773 style-local-25-c17 position-relative h-element\">\r\n                <!----><span class=\"h-svg-icon h-icon__icon style-773-icon style-local-25-c17-icon\"><!--Icon by Icons8 Line Awesome (https:\/\/icons8.com\/line-awesome)--><svg version=\"1.1\" xmlns=\"http:\/\/www.w3.org\/2000\/svg\" xmlns:xlink=\"http:\/\/www.w3.org\/1999\/xlink\" id=\"step-forward\" viewBox=\"0 0 512 545.5\"><path d=\"M352 112h32v352h-32V296l-7 5-208 144-25 17.5v-349l25 17.5 208 144 7 5V112zm-208 62.5v227L308 288z\"><\/path><\/svg><\/span><\/div>\r\n              <div\r\n                data-colibri-id=\"25-c18\" class=\"h-global-transition-all h-heading style-774 style-local-25-c18 position-relative h-element\">\r\n                <!---->\r\n                <div class=\"h-heading__outer style-774 style-local-25-c18\">\r\n                  <!---->\r\n                  <!---->\r\n                  <h5 class=\"\">Kleiner Rundgang<\/h5>\r\n                <\/div>\r\n            <\/div>\r\n            <div data-colibri-id=\"25-c19\" class=\"h-text h-text-component style-775 style-local-25-c19 position-relative h-element\">\r\n              <!---->\r\n              <!---->\r\n              <div class=\"\">\r\n                <p>https:\/\/youtu.be\/kGiP_AgU7rc<\/p>\r\n              <\/div>\r\n            <\/div>\r\n          <\/div>\r\n        <\/div>\r\n      <\/div>\r\n    <\/div>\r\n  <\/div>\r\n<\/div>\r\n<\/div>\r\n<\/div>","protected":false},"excerpt":{"rendered":"<p>Unser Substanz-Team legt besonderen Wert auf: eine&nbsp;famili\u00e4re und liebevolle Atmosph\u00e4re kleine Unterrichtsgruppen hoher Ausbildungsstand&nbsp;unserer Lehrkr\u00e4fte optimal&nbsp;abgestimmte Lehrmethode&nbsp;f\u00fcr Kleinkinder, Kinder, Teenager und Erwachsene Entstehung-Geschichte von substanz: Substanz-Schule f\u00fcr modernen Tanz wurde 1997&nbsp;von Silvia Kubasch gegr\u00fcndet. In den ersten Jahren befanden sich die R\u00e4umlichkeiten im Nachbarort Hemsbach. Seit 2006 ist \u201aSubstanz-die moderne Ballettschule\u2018 in Weinheim eine feste&nbsp; [&hellip;]<\/p>\n","protected":false},"author":1,"featured_media":0,"parent":0,"menu_order":0,"comment_status":"closed","ping_status":"closed","template":"page-templates\/full-width-page.php","meta":{"footnotes":""},"class_list":["post-25","page","type-page","status-publish","hentry"],"yoast_head":"<!-- This site is optimized with the Yoast SEO plugin v27.4 - https:\/\/yoast.com\/product\/yoast-seo-wordpress\/ -->\n<title>Substanz-die moderne Ballettschule -&gt; \u00fcberSubstanz<\/title>\n<meta name=\"description\" content=\"contemporary, jazz-Dance, pilates-studio, pilates, tanzstudio, tanzen f\u00fcr kinder, Ballett Kinder, ballett Weinheim, ballett rhein-neckar, ballettschule, tanzschule, tanzen, beste Tanzschule in Weinheim, Kinderballett, hemsbach, weinheim, sulzbach, ballett, kinderballett,, Hip-Hop in Weinheim, kindertanz, kinderballett, rhein-neckar, pilates, online-unterricht, online, online trainieren, bergstrasse, stadthalle weinheim, Heidelberg, Mannheim, Viernheim, floor-barre, pr\u00e4senz und online, training in den ferien, tanzen macht gl\u00fccklich, ballett f\u00fcr Kindergarten, pilates online, tanzen online\" \/>\n<meta name=\"robots\" content=\"index, follow, max-snippet:-1, max-image-preview:large, max-video-preview:-1\" \/>\n<link rel=\"canonical\" href=\"https:\/\/substanz-schule.de\/cms\/ueber-substanz\/\" \/>\n<meta property=\"og:locale\" content=\"de_DE\" \/>\n<meta property=\"og:type\" content=\"article\" \/>\n<meta property=\"og:title\" content=\"Substanz-die moderne Ballettschule -&gt; \u00fcberSubstanz\" \/>\n<meta property=\"og:description\" content=\"contemporary, jazz-Dance, pilates-studio, pilates, tanzstudio, tanzen f\u00fcr kinder, Ballett Kinder, ballett Weinheim, ballett rhein-neckar, ballettschule, tanzschule, tanzen, beste Tanzschule in Weinheim, Kinderballett, hemsbach, weinheim, sulzbach, ballett, kinderballett,, Hip-Hop in Weinheim, kindertanz, kinderballett, rhein-neckar, pilates, online-unterricht, online, online trainieren, bergstrasse, stadthalle weinheim, Heidelberg, Mannheim, Viernheim, floor-barre, pr\u00e4senz und online, training in den ferien, tanzen macht gl\u00fccklich, ballett f\u00fcr Kindergarten, pilates online, tanzen online\" \/>\n<meta property=\"og:url\" content=\"https:\/\/substanz-schule.de\/cms\/ueber-substanz\/\" \/>\n<meta property=\"og:site_name\" content=\"Substanz-Weinheim\u00b4s moderne Ballettschule\" \/>\n<meta property=\"article:publisher\" content=\"https:\/\/de-de.facebook.com\/pages\/Substanz-Schule-f%c3%bcr-modernen-Tanz\/157581797588267\" \/>\n<meta property=\"article:modified_time\" content=\"2022-09-10T13:23:59+00:00\" \/>\n<meta property=\"og:image\" content=\"https:\/\/substanz-schule.de\/cms\/wp-content\/uploads\/2015\/01\/substanz_logo_klein.jpg\" \/>\n\t<meta property=\"og:image:width\" content=\"224\" \/>\n\t<meta property=\"og:image:height\" content=\"192\" \/>\n\t<meta property=\"og:image:type\" content=\"image\/jpeg\" \/>\n<script type=\"application\/ld+json\" class=\"yoast-schema-graph\">{\"@context\":\"https:\\\/\\\/schema.org\",\"@graph\":[{\"@type\":\"WebPage\",\"@id\":\"https:\\\/\\\/substanz-schule.de\\\/cms\\\/ueber-substanz\\\/\",\"url\":\"https:\\\/\\\/substanz-schule.de\\\/cms\\\/ueber-substanz\\\/\",\"name\":\"Substanz-die moderne Ballettschule -> \u00fcberSubstanz\",\"isPartOf\":{\"@id\":\"https:\\\/\\\/substanz-schule.de\\\/cms\\\/#website\"},\"datePublished\":\"2014-06-22T12:55:25+00:00\",\"dateModified\":\"2022-09-10T13:23:59+00:00\",\"description\":\"contemporary, jazz-Dance, pilates-studio, pilates, tanzstudio, tanzen f\u00fcr kinder, Ballett Kinder, ballett Weinheim, ballett rhein-neckar, ballettschule, tanzschule, tanzen, beste Tanzschule in Weinheim, Kinderballett, hemsbach, weinheim, sulzbach, ballett, kinderballett,, Hip-Hop in Weinheim, kindertanz, kinderballett, rhein-neckar, pilates, online-unterricht, online, online trainieren, bergstrasse, stadthalle weinheim, Heidelberg, Mannheim, Viernheim, floor-barre, pr\u00e4senz und online, training in den ferien, tanzen macht gl\u00fccklich, ballett f\u00fcr Kindergarten, pilates online, tanzen online\",\"breadcrumb\":{\"@id\":\"https:\\\/\\\/substanz-schule.de\\\/cms\\\/ueber-substanz\\\/#breadcrumb\"},\"inLanguage\":\"de\",\"potentialAction\":[{\"@type\":\"ReadAction\",\"target\":[\"https:\\\/\\\/substanz-schule.de\\\/cms\\\/ueber-substanz\\\/\"]}]},{\"@type\":\"BreadcrumbList\",\"@id\":\"https:\\\/\\\/substanz-schule.de\\\/cms\\\/ueber-substanz\\\/#breadcrumb\",\"itemListElement\":[{\"@type\":\"ListItem\",\"position\":1,\"name\":\"Home\",\"item\":\"https:\\\/\\\/substanz-schule.de\\\/cms\\\/\"},{\"@type\":\"ListItem\",\"position\":2,\"name\":\"\u00dcber Substanz\"}]},{\"@type\":\"WebSite\",\"@id\":\"https:\\\/\\\/substanz-schule.de\\\/cms\\\/#website\",\"url\":\"https:\\\/\\\/substanz-schule.de\\\/cms\\\/\",\"name\":\"Substanz-Weinheim\u00b4s moderne Ballettschule\",\"description\":\"- seit 1997 -\",\"publisher\":{\"@id\":\"https:\\\/\\\/substanz-schule.de\\\/cms\\\/#organization\"},\"potentialAction\":[{\"@type\":\"SearchAction\",\"target\":{\"@type\":\"EntryPoint\",\"urlTemplate\":\"https:\\\/\\\/substanz-schule.de\\\/cms\\\/?s={search_term_string}\"},\"query-input\":{\"@type\":\"PropertyValueSpecification\",\"valueRequired\":true,\"valueName\":\"search_term_string\"}}],\"inLanguage\":\"de\"},{\"@type\":\"Organization\",\"@id\":\"https:\\\/\\\/substanz-schule.de\\\/cms\\\/#organization\",\"name\":\"Substanz - Schule f\u00fcr modernen Tanz\",\"url\":\"https:\\\/\\\/substanz-schule.de\\\/cms\\\/\",\"logo\":{\"@type\":\"ImageObject\",\"inLanguage\":\"de\",\"@id\":\"https:\\\/\\\/substanz-schule.de\\\/cms\\\/#\\\/schema\\\/logo\\\/image\\\/\",\"url\":\"https:\\\/\\\/substanz-schule.de\\\/cms\\\/wp-content\\\/uploads\\\/2017\\\/08\\\/cropped-cropped-substanz_Logoneu.jpg\",\"contentUrl\":\"https:\\\/\\\/substanz-schule.de\\\/cms\\\/wp-content\\\/uploads\\\/2017\\\/08\\\/cropped-cropped-substanz_Logoneu.jpg\",\"width\":220,\"height\":173,\"caption\":\"Substanz - Schule f\u00fcr modernen Tanz\"},\"image\":{\"@id\":\"https:\\\/\\\/substanz-schule.de\\\/cms\\\/#\\\/schema\\\/logo\\\/image\\\/\"},\"sameAs\":[\"https:\\\/\\\/de-de.facebook.com\\\/pages\\\/Substanz-Schule-f\u00fcr-modernen-Tanz\\\/157581797588267\",\"https:\\\/\\\/www.instagram.com\\\/substanz_weinheim\\\/\"]}]}<\/script>\n<!-- \/ Yoast SEO plugin. -->","yoast_head_json":{"title":"Substanz-die moderne Ballettschule -> \u00fcberSubstanz","description":"contemporary, jazz-Dance, pilates-studio, pilates, tanzstudio, tanzen f\u00fcr kinder, Ballett Kinder, ballett Weinheim, ballett rhein-neckar, ballettschule, tanzschule, tanzen, beste Tanzschule in Weinheim, Kinderballett, hemsbach, weinheim, sulzbach, ballett, kinderballett,, Hip-Hop in Weinheim, kindertanz, kinderballett, rhein-neckar, pilates, online-unterricht, online, online trainieren, bergstrasse, stadthalle weinheim, Heidelberg, Mannheim, Viernheim, floor-barre, pr\u00e4senz und online, training in den ferien, tanzen macht gl\u00fccklich, ballett f\u00fcr Kindergarten, pilates online, tanzen online","robots":{"index":"index","follow":"follow","max-snippet":"max-snippet:-1","max-image-preview":"max-image-preview:large","max-video-preview":"max-video-preview:-1"},"canonical":"https:\/\/substanz-schule.de\/cms\/ueber-substanz\/","og_locale":"de_DE","og_type":"article","og_title":"Substanz-die moderne Ballettschule -> \u00fcberSubstanz","og_description":"contemporary, jazz-Dance, pilates-studio, pilates, tanzstudio, tanzen f\u00fcr kinder, Ballett Kinder, ballett Weinheim, ballett rhein-neckar, ballettschule, tanzschule, tanzen, beste Tanzschule in Weinheim, Kinderballett, hemsbach, weinheim, sulzbach, ballett, kinderballett,, Hip-Hop in Weinheim, kindertanz, kinderballett, rhein-neckar, pilates, online-unterricht, online, online trainieren, bergstrasse, stadthalle weinheim, Heidelberg, Mannheim, Viernheim, floor-barre, pr\u00e4senz und online, training in den ferien, tanzen macht gl\u00fccklich, ballett f\u00fcr Kindergarten, pilates online, tanzen online","og_url":"https:\/\/substanz-schule.de\/cms\/ueber-substanz\/","og_site_name":"Substanz-Weinheim\u00b4s moderne Ballettschule","article_publisher":"https:\/\/de-de.facebook.com\/pages\/Substanz-Schule-f%c3%bcr-modernen-Tanz\/157581797588267","article_modified_time":"2022-09-10T13:23:59+00:00","og_image":[{"width":224,"height":192,"url":"https:\/\/substanz-schule.de\/cms\/wp-content\/uploads\/2015\/01\/substanz_logo_klein.jpg","type":"image\/jpeg"}],"schema":{"@context":"https:\/\/schema.org","@graph":[{"@type":"WebPage","@id":"https:\/\/substanz-schule.de\/cms\/ueber-substanz\/","url":"https:\/\/substanz-schule.de\/cms\/ueber-substanz\/","name":"Substanz-die moderne Ballettschule -> \u00fcberSubstanz","isPartOf":{"@id":"https:\/\/substanz-schule.de\/cms\/#website"},"datePublished":"2014-06-22T12:55:25+00:00","dateModified":"2022-09-10T13:23:59+00:00","description":"contemporary, jazz-Dance, pilates-studio, pilates, tanzstudio, tanzen f\u00fcr kinder, Ballett Kinder, ballett Weinheim, ballett rhein-neckar, ballettschule, tanzschule, tanzen, beste Tanzschule in Weinheim, Kinderballett, hemsbach, weinheim, sulzbach, ballett, kinderballett,, Hip-Hop in Weinheim, kindertanz, kinderballett, rhein-neckar, pilates, online-unterricht, online, online trainieren, bergstrasse, stadthalle weinheim, Heidelberg, Mannheim, Viernheim, floor-barre, pr\u00e4senz und online, training in den ferien, tanzen macht gl\u00fccklich, ballett f\u00fcr Kindergarten, pilates online, tanzen online","breadcrumb":{"@id":"https:\/\/substanz-schule.de\/cms\/ueber-substanz\/#breadcrumb"},"inLanguage":"de","potentialAction":[{"@type":"ReadAction","target":["https:\/\/substanz-schule.de\/cms\/ueber-substanz\/"]}]},{"@type":"BreadcrumbList","@id":"https:\/\/substanz-schule.de\/cms\/ueber-substanz\/#breadcrumb","itemListElement":[{"@type":"ListItem","position":1,"name":"Home","item":"https:\/\/substanz-schule.de\/cms\/"},{"@type":"ListItem","position":2,"name":"\u00dcber Substanz"}]},{"@type":"WebSite","@id":"https:\/\/substanz-schule.de\/cms\/#website","url":"https:\/\/substanz-schule.de\/cms\/","name":"Substanz-Weinheim\u00b4s moderne Ballettschule","description":"- seit 1997 -","publisher":{"@id":"https:\/\/substanz-schule.de\/cms\/#organization"},"potentialAction":[{"@type":"SearchAction","target":{"@type":"EntryPoint","urlTemplate":"https:\/\/substanz-schule.de\/cms\/?s={search_term_string}"},"query-input":{"@type":"PropertyValueSpecification","valueRequired":true,"valueName":"search_term_string"}}],"inLanguage":"de"},{"@type":"Organization","@id":"https:\/\/substanz-schule.de\/cms\/#organization","name":"Substanz - Schule f\u00fcr modernen Tanz","url":"https:\/\/substanz-schule.de\/cms\/","logo":{"@type":"ImageObject","inLanguage":"de","@id":"https:\/\/substanz-schule.de\/cms\/#\/schema\/logo\/image\/","url":"https:\/\/substanz-schule.de\/cms\/wp-content\/uploads\/2017\/08\/cropped-cropped-substanz_Logoneu.jpg","contentUrl":"https:\/\/substanz-schule.de\/cms\/wp-content\/uploads\/2017\/08\/cropped-cropped-substanz_Logoneu.jpg","width":220,"height":173,"caption":"Substanz - Schule f\u00fcr modernen Tanz"},"image":{"@id":"https:\/\/substanz-schule.de\/cms\/#\/schema\/logo\/image\/"},"sameAs":["https:\/\/de-de.facebook.com\/pages\/Substanz-Schule-f\u00fcr-modernen-Tanz\/157581797588267","https:\/\/www.instagram.com\/substanz_weinheim\/"]}]}},"_links":{"self":[{"href":"https:\/\/substanz-schule.de\/cms\/wp-json\/wp\/v2\/pages\/25","targetHints":{"allow":["GET"]}}],"collection":[{"href":"https:\/\/substanz-schule.de\/cms\/wp-json\/wp\/v2\/pages"}],"about":[{"href":"https:\/\/substanz-schule.de\/cms\/wp-json\/wp\/v2\/types\/page"}],"author":[{"embeddable":true,"href":"https:\/\/substanz-schule.de\/cms\/wp-json\/wp\/v2\/users\/1"}],"replies":[{"embeddable":true,"href":"https:\/\/substanz-schule.de\/cms\/wp-json\/wp\/v2\/comments?post=25"}],"version-history":[{"count":20,"href":"https:\/\/substanz-schule.de\/cms\/wp-json\/wp\/v2\/pages\/25\/revisions"}],"predecessor-version":[{"id":4038,"href":"https:\/\/substanz-schule.de\/cms\/wp-json\/wp\/v2\/pages\/25\/revisions\/4038"}],"wp:attachment":[{"href":"https:\/\/substanz-schule.de\/cms\/wp-json\/wp\/v2\/media?parent=25"}],"curies":[{"name":"wp","href":"https:\/\/api.w.org\/{rel}","templated":true}]}}