{"id":3734,"date":"2021-04-08T08:59:44","date_gmt":"2021-04-08T06:59:44","guid":{"rendered":"https:\/\/substanz-schule.de\/cms\/?page_id=3734"},"modified":"2022-11-12T11:27:19","modified_gmt":"2022-11-12T09:27:19","slug":"online-live-unterricht","status":"publish","type":"page","link":"https:\/\/substanz-schule.de\/cms\/online-live-unterricht\/","title":{"rendered":"Online-Angebot"},"content":{"rendered":"<div data-colibri-id=\"3734-c1\" class=\"style-883 style-local-3734-c1 position-relative\">\r\n  <!---->\r\n  <div data-colibri-component=\"section\" data-colibri-id=\"3734-c2\" id=\"about\" class=\"h-section h-section-global-spacing d-flex align-items-lg-center align-items-md-center align-items-center style-888 style-local-3734-c2 position-relative\">\r\n    <!---->\r\n    <!---->\r\n    <div class=\"h-section-grid-container h-section-boxed-container\">\r\n      <!---->\r\n      <div data-colibri-id=\"3734-c3\" class=\"h-row-container gutters-row-lg-2 gutters-row-md-2 gutters-row-2 gutters-row-v-lg-2 gutters-row-v-md-2 gutters-row-v-2 style-889 style-local-3734-c3 position-relative\">\r\n        <!---->\r\n        <div class=\"h-row justify-content-lg-center justify-content-md-center justify-content-center align-items-lg-stretch align-items-md-stretch align-items-stretch gutters-col-lg-2 gutters-col-md-2 gutters-col-2 gutters-col-v-lg-2 gutters-col-v-md-2 gutters-col-v-2\">\r\n          <!---->\r\n          <div class=\"h-column h-column-container d-flex h-col-lg-auto h-col-md-auto h-col-auto style-890-outer style-local-3734-c4-outer\">\r\n            <div data-colibri-id=\"3734-c4\" class=\"d-flex h-flex-basis h-column__inner h-px-lg-2 h-px-md-2 h-px-2 v-inner-lg-2 v-inner-md-2 v-inner-2 style-890 style-local-3734-c4 position-relative\">\r\n              <!---->\r\n              <!---->\r\n              <div class=\"w-100 h-y-container h-column__content h-column__v-align flex-basis-100 align-self-lg-center align-self-md-center align-self-center\">\r\n                <!---->\r\n                <div data-colibri-id=\"3734-c5\" class=\"h-global-transition-all h-heading style-891 style-local-3734-c5 position-relative h-element\">\r\n                  <!---->\r\n                  <div class=\"h-heading__outer style-891 style-local-3734-c5\">\r\n                    <!---->\r\n                    <!---->\r\n                    <h5 class=\"\">T\u00c4GLICH LIVE PER ZOOM<\/h5>\r\n                  <\/div>\r\n                <\/div>\r\n                <div data-colibri-id=\"3734-c6\" class=\"h-global-transition-all h-heading style-892 style-local-3734-c6 position-relative h-element\">\r\n                  <!---->\r\n                  <div class=\"h-heading__outer style-892 style-local-3734-c6\">\r\n                    <!---->\r\n                    <!---->\r\n                    <h2 class=\"\"><em style=\"color: rgb(247, 144, 7); font-family: &quot;Playfair Display&quot;;\">Online-Unterricht<\/em>\r\n                      <br>\u00fcber Einzelkarten,\r\n                      <br>5er- &amp; 10er-Karten<\/h2>\r\n                  <\/div>\r\n                <\/div>\r\n                <div data-colibri-id=\"3734-c7\" class=\"h-text h-text-component style-893 style-local-3734-c7 position-relative h-element\">\r\n                  <!---->\r\n                  <!---->\r\n                  <div class=\"\">\r\n                    <p>Wir bieten f\u00fcr alle unsere Vertrags-Sch\u00fcler und auch G\u00e4ste einen Live-Stream (Zoom) in allen unseren Tanz- und Pilates-Klassen an.<\/p>\r\n                    <p>Dieser erm\u00f6glicht uns flexibel auf die aktuelle Situation zu reagieren und weiterhin jederzeit professionellen Unterricht anzubieten.<\/p>\r\n                    <p>Unsere Vertrags-Sch\u00fcler k\u00f6nnen w\u00e4hlen, ob sie weiterhin per Live-Stream trainieren m\u00f6chten oder nur in den Tanzsaal m\u00f6chten.<\/p>\r\n                    <p>Unsere G\u00e4ste \/ Probesch\u00fcler k\u00f6nnen sich online, \u00fcber eine kostenlose Probestunde, einen ersten Einblick in unsere Stunden verschaffen. Mit unseren Online-Karten (1er, 5er, 10er) k\u00f6nne sie dann tiefer einsteigen und dies ohne l\u00e4ngere\r\n                      Vertragsbindung oder Anmeldegeb\u00fchr.<\/p>\r\n                    <p>Insofern Kapazit\u00e4ten frei sind, ist ein Wechsel auf eine Pr\u00e4senzplatz-Vertrag zu einem sp\u00e4teren Zeitpunkt m\u00f6glich.<\/p>\r\n                    <p>\r\n                      <br>\r\n                    <\/p>\r\n                  <\/div>\r\n                <\/div>\r\n                <div data-colibri-id=\"3734-c8\" class=\"h-x-container style-894 style-local-3734-c8 position-relative h-element\">\r\n                  <!---->\r\n                  <div class=\"h-x-container-inner style-dynamic-3734-c8-group style-894-spacing style-local-3734-c8-spacing\"><span class=\"h-button__outer style-895-outer style-local-3734-c9-outer d-inline-flex h-element\"><a h-use-smooth-scroll=\"true\" href=\"https:\/\/substanz.msvplus.de\/online-anmeldung\/\"  data-colibri-id=\"3734-c9\" class=\"d-flex w-100 align-items-center h-button justify-content-lg-center justify-content-md-center justify-content-center style-895 style-local-3734-c9 position-relative\"><!----><!----> <span>Hier geht\u00b4s zur kostenlosen digitalen Probestunde<\/span><\/a>\r\n                    <\/span>\r\n                  <\/div>\r\n                <\/div>\r\n              <\/div>\r\n            <\/div>\r\n          <\/div>\r\n          <div class=\"h-column h-column-container d-flex h-col-lg-auto h-col-md-auto h-col-auto style-896-outer style-local-3734-c10-outer\">\r\n            <div data-colibri-id=\"3734-c10\" class=\"d-flex h-flex-basis h-column__inner h-px-lg-2 h-px-md-2 h-px-2 v-inner-lg-2 v-inner-md-2 v-inner-2 style-896 style-local-3734-c10 position-relative\">\r\n              <!---->\r\n              <!---->\r\n              <div class=\"w-100 h-y-container h-column__content h-column__v-align flex-basis-100 align-self-lg-center align-self-md-center align-self-center\">\r\n                <!---->\r\n                <div data-colibri-id=\"3734-c11\" class=\"d-block style-897 style-local-3734-c11 position-relative h-element\">\r\n                  <!---->\r\n                  <div class=\"h-image__frame-container-outer\">\r\n                    <div class=\"h-image__frame-container\">\r\n                      <!---->\r\n                      <!---->\r\n                      <img loading=\"lazy\" decoding=\"async\" width=\"1767\" height=\"1770\" src=\"https:\/\/substanz-schule.de\/cms\/wp-content\/uploads\/2021\/04\/Lockdown-Werbung.jpg\" class=\"wp-image-4154 style-897-image style-local-3734-c11-image\" alt=\"\" srcset=\"https:\/\/substanz-schule.de\/cms\/wp-content\/uploads\/2021\/04\/Lockdown-Werbung.jpg 1767w, https:\/\/substanz-schule.de\/cms\/wp-content\/uploads\/2021\/04\/Lockdown-Werbung-300x300.jpg 300w, https:\/\/substanz-schule.de\/cms\/wp-content\/uploads\/2021\/04\/Lockdown-Werbung-1022x1024.jpg 1022w, https:\/\/substanz-schule.de\/cms\/wp-content\/uploads\/2021\/04\/Lockdown-Werbung-150x150.jpg 150w, https:\/\/substanz-schule.de\/cms\/wp-content\/uploads\/2021\/04\/Lockdown-Werbung-768x769.jpg 768w, https:\/\/substanz-schule.de\/cms\/wp-content\/uploads\/2021\/04\/Lockdown-Werbung-1533x1536.jpg 1533w\" sizes=\"auto, (max-width: 1767px) 100vw, 1767px\" \/>\r\n                      <div class=\"h-image__frame h-hide-sm style-897-frameImage style-local-3734-c11-frameImage\"><\/div>\r\n                    <\/div>\r\n                  <\/div>\r\n                <\/div>\r\n              <\/div>\r\n            <\/div>\r\n          <\/div>\r\n        <\/div>\r\n      <\/div>\r\n    <\/div>\r\n  <\/div>\r\n<\/div>","protected":false},"excerpt":{"rendered":"<p>T\u00c4GLICH LIVE PER ZOOM Online-Unterricht \u00fcber Einzelkarten, 5er- &amp; 10er-Karten Wir bieten f\u00fcr alle unsere Vertrags-Sch\u00fcler und auch G\u00e4ste einen Live-Stream (Zoom) in allen unseren Tanz- und Pilates-Klassen an. Dieser erm\u00f6glicht uns flexibel auf die aktuelle Situation zu reagieren und weiterhin jederzeit professionellen Unterricht anzubieten. Unsere Vertrags-Sch\u00fcler k\u00f6nnen w\u00e4hlen, ob sie weiterhin per Live-Stream trainieren [&hellip;]<\/p>\n","protected":false},"author":3,"featured_media":0,"parent":0,"menu_order":0,"comment_status":"closed","ping_status":"closed","template":"page-templates\/full-width-page.php","meta":{"footnotes":""},"class_list":["post-3734","page","type-page","status-publish","hentry"],"yoast_head":"<!-- This site is optimized with the Yoast SEO plugin v27.4 - https:\/\/yoast.com\/product\/yoast-seo-wordpress\/ -->\n<title>Online-Angebot - Substanz-Weinheim\u00b4s moderne Ballettschule<\/title>\n<meta name=\"description\" content=\"modern dance, contemporary, jazz-Dance, ballettschule, tanzschule, tanzen, hemsbach, weinheim, sulzbach, ballett, kinderballett, kindertanz, rhein-neckar, pilates, online-unterricht, online, online trainieren, bergstrasse, stadthalle weinheim, Heidelberg, Mannheim, Viernheim, floor-barre, pr\u00e4senz und online, training in den ferien, tanzen macht gl\u00fccklich, ballett f\u00fcr Kindergarten, pilates online, tanzen online\" \/>\n<meta name=\"robots\" content=\"index, follow, max-snippet:-1, max-image-preview:large, max-video-preview:-1\" \/>\n<link rel=\"canonical\" href=\"https:\/\/substanz-schule.de\/cms\/online-live-unterricht\/\" \/>\n<meta property=\"og:locale\" content=\"de_DE\" \/>\n<meta property=\"og:type\" content=\"article\" \/>\n<meta property=\"og:title\" content=\"Online-Angebot - Substanz-Weinheim\u00b4s moderne Ballettschule\" \/>\n<meta property=\"og:description\" content=\"modern dance, contemporary, jazz-Dance, ballettschule, tanzschule, tanzen, hemsbach, weinheim, sulzbach, ballett, kinderballett, kindertanz, rhein-neckar, pilates, online-unterricht, online, online trainieren, bergstrasse, stadthalle weinheim, Heidelberg, Mannheim, Viernheim, floor-barre, pr\u00e4senz und online, training in den ferien, tanzen macht gl\u00fccklich, ballett f\u00fcr Kindergarten, pilates online, tanzen online\" \/>\n<meta property=\"og:url\" content=\"https:\/\/substanz-schule.de\/cms\/online-live-unterricht\/\" \/>\n<meta property=\"og:site_name\" content=\"Substanz-Weinheim\u00b4s moderne Ballettschule\" \/>\n<meta property=\"article:publisher\" content=\"https:\/\/de-de.facebook.com\/pages\/Substanz-Schule-f%c3%bcr-modernen-Tanz\/157581797588267\" \/>\n<meta property=\"article:modified_time\" content=\"2022-11-12T09:27:19+00:00\" \/>\n<meta property=\"og:image\" content=\"https:\/\/substanz-schule.de\/cms\/wp-content\/uploads\/2021\/04\/Lockdown-Werbung.jpg\" \/>\n<meta name=\"twitter:label1\" content=\"Gesch\u00e4tzte Lesezeit\" \/>\n\t<meta name=\"twitter:data1\" content=\"1\u00a0Minute\" \/>\n<script type=\"application\/ld+json\" class=\"yoast-schema-graph\">{\"@context\":\"https:\\\/\\\/schema.org\",\"@graph\":[{\"@type\":\"WebPage\",\"@id\":\"https:\\\/\\\/substanz-schule.de\\\/cms\\\/online-live-unterricht\\\/\",\"url\":\"https:\\\/\\\/substanz-schule.de\\\/cms\\\/online-live-unterricht\\\/\",\"name\":\"Online-Angebot - Substanz-Weinheim\u00b4s moderne Ballettschule\",\"isPartOf\":{\"@id\":\"https:\\\/\\\/substanz-schule.de\\\/cms\\\/#website\"},\"primaryImageOfPage\":{\"@id\":\"https:\\\/\\\/substanz-schule.de\\\/cms\\\/online-live-unterricht\\\/#primaryimage\"},\"image\":{\"@id\":\"https:\\\/\\\/substanz-schule.de\\\/cms\\\/online-live-unterricht\\\/#primaryimage\"},\"thumbnailUrl\":\"https:\\\/\\\/substanz-schule.de\\\/cms\\\/wp-content\\\/uploads\\\/2021\\\/04\\\/Lockdown-Werbung.jpg\",\"datePublished\":\"2021-04-08T06:59:44+00:00\",\"dateModified\":\"2022-11-12T09:27:19+00:00\",\"description\":\"modern dance, contemporary, jazz-Dance, ballettschule, tanzschule, tanzen, hemsbach, weinheim, sulzbach, ballett, kinderballett, kindertanz, rhein-neckar, pilates, online-unterricht, online, online trainieren, bergstrasse, stadthalle weinheim, Heidelberg, Mannheim, Viernheim, floor-barre, pr\u00e4senz und online, training in den ferien, tanzen macht gl\u00fccklich, ballett f\u00fcr Kindergarten, pilates online, tanzen online\",\"breadcrumb\":{\"@id\":\"https:\\\/\\\/substanz-schule.de\\\/cms\\\/online-live-unterricht\\\/#breadcrumb\"},\"inLanguage\":\"de\",\"potentialAction\":[{\"@type\":\"ReadAction\",\"target\":[\"https:\\\/\\\/substanz-schule.de\\\/cms\\\/online-live-unterricht\\\/\"]}]},{\"@type\":\"ImageObject\",\"inLanguage\":\"de\",\"@id\":\"https:\\\/\\\/substanz-schule.de\\\/cms\\\/online-live-unterricht\\\/#primaryimage\",\"url\":\"https:\\\/\\\/substanz-schule.de\\\/cms\\\/wp-content\\\/uploads\\\/2021\\\/04\\\/Lockdown-Werbung.jpg\",\"contentUrl\":\"https:\\\/\\\/substanz-schule.de\\\/cms\\\/wp-content\\\/uploads\\\/2021\\\/04\\\/Lockdown-Werbung.jpg\",\"width\":1767,\"height\":1770},{\"@type\":\"BreadcrumbList\",\"@id\":\"https:\\\/\\\/substanz-schule.de\\\/cms\\\/online-live-unterricht\\\/#breadcrumb\",\"itemListElement\":[{\"@type\":\"ListItem\",\"position\":1,\"name\":\"Home\",\"item\":\"https:\\\/\\\/substanz-schule.de\\\/cms\\\/\"},{\"@type\":\"ListItem\",\"position\":2,\"name\":\"Online-Angebot\"}]},{\"@type\":\"WebSite\",\"@id\":\"https:\\\/\\\/substanz-schule.de\\\/cms\\\/#website\",\"url\":\"https:\\\/\\\/substanz-schule.de\\\/cms\\\/\",\"name\":\"Substanz-Weinheim\u00b4s moderne Ballettschule\",\"description\":\"- seit 1997 -\",\"publisher\":{\"@id\":\"https:\\\/\\\/substanz-schule.de\\\/cms\\\/#organization\"},\"potentialAction\":[{\"@type\":\"SearchAction\",\"target\":{\"@type\":\"EntryPoint\",\"urlTemplate\":\"https:\\\/\\\/substanz-schule.de\\\/cms\\\/?s={search_term_string}\"},\"query-input\":{\"@type\":\"PropertyValueSpecification\",\"valueRequired\":true,\"valueName\":\"search_term_string\"}}],\"inLanguage\":\"de\"},{\"@type\":\"Organization\",\"@id\":\"https:\\\/\\\/substanz-schule.de\\\/cms\\\/#organization\",\"name\":\"Substanz - Schule f\u00fcr modernen Tanz\",\"url\":\"https:\\\/\\\/substanz-schule.de\\\/cms\\\/\",\"logo\":{\"@type\":\"ImageObject\",\"inLanguage\":\"de\",\"@id\":\"https:\\\/\\\/substanz-schule.de\\\/cms\\\/#\\\/schema\\\/logo\\\/image\\\/\",\"url\":\"https:\\\/\\\/substanz-schule.de\\\/cms\\\/wp-content\\\/uploads\\\/2017\\\/08\\\/cropped-cropped-substanz_Logoneu.jpg\",\"contentUrl\":\"https:\\\/\\\/substanz-schule.de\\\/cms\\\/wp-content\\\/uploads\\\/2017\\\/08\\\/cropped-cropped-substanz_Logoneu.jpg\",\"width\":220,\"height\":173,\"caption\":\"Substanz - Schule f\u00fcr modernen Tanz\"},\"image\":{\"@id\":\"https:\\\/\\\/substanz-schule.de\\\/cms\\\/#\\\/schema\\\/logo\\\/image\\\/\"},\"sameAs\":[\"https:\\\/\\\/de-de.facebook.com\\\/pages\\\/Substanz-Schule-f\u00fcr-modernen-Tanz\\\/157581797588267\",\"https:\\\/\\\/www.instagram.com\\\/substanz_weinheim\\\/\"]}]}<\/script>\n<!-- \/ Yoast SEO plugin. -->","yoast_head_json":{"title":"Online-Angebot - Substanz-Weinheim\u00b4s moderne Ballettschule","description":"modern dance, contemporary, jazz-Dance, ballettschule, tanzschule, tanzen, hemsbach, weinheim, sulzbach, ballett, kinderballett, kindertanz, rhein-neckar, pilates, online-unterricht, online, online trainieren, bergstrasse, stadthalle weinheim, Heidelberg, Mannheim, Viernheim, floor-barre, pr\u00e4senz und online, training in den ferien, tanzen macht gl\u00fccklich, ballett f\u00fcr Kindergarten, pilates online, tanzen online","robots":{"index":"index","follow":"follow","max-snippet":"max-snippet:-1","max-image-preview":"max-image-preview:large","max-video-preview":"max-video-preview:-1"},"canonical":"https:\/\/substanz-schule.de\/cms\/online-live-unterricht\/","og_locale":"de_DE","og_type":"article","og_title":"Online-Angebot - Substanz-Weinheim\u00b4s moderne Ballettschule","og_description":"modern dance, contemporary, jazz-Dance, ballettschule, tanzschule, tanzen, hemsbach, weinheim, sulzbach, ballett, kinderballett, kindertanz, rhein-neckar, pilates, online-unterricht, online, online trainieren, bergstrasse, stadthalle weinheim, Heidelberg, Mannheim, Viernheim, floor-barre, pr\u00e4senz und online, training in den ferien, tanzen macht gl\u00fccklich, ballett f\u00fcr Kindergarten, pilates online, tanzen online","og_url":"https:\/\/substanz-schule.de\/cms\/online-live-unterricht\/","og_site_name":"Substanz-Weinheim\u00b4s moderne Ballettschule","article_publisher":"https:\/\/de-de.facebook.com\/pages\/Substanz-Schule-f%c3%bcr-modernen-Tanz\/157581797588267","article_modified_time":"2022-11-12T09:27:19+00:00","og_image":[{"url":"https:\/\/substanz-schule.de\/cms\/wp-content\/uploads\/2021\/04\/Lockdown-Werbung.jpg","type":"","width":"","height":""}],"twitter_misc":{"Gesch\u00e4tzte Lesezeit":"1\u00a0Minute"},"schema":{"@context":"https:\/\/schema.org","@graph":[{"@type":"WebPage","@id":"https:\/\/substanz-schule.de\/cms\/online-live-unterricht\/","url":"https:\/\/substanz-schule.de\/cms\/online-live-unterricht\/","name":"Online-Angebot - Substanz-Weinheim\u00b4s moderne Ballettschule","isPartOf":{"@id":"https:\/\/substanz-schule.de\/cms\/#website"},"primaryImageOfPage":{"@id":"https:\/\/substanz-schule.de\/cms\/online-live-unterricht\/#primaryimage"},"image":{"@id":"https:\/\/substanz-schule.de\/cms\/online-live-unterricht\/#primaryimage"},"thumbnailUrl":"https:\/\/substanz-schule.de\/cms\/wp-content\/uploads\/2021\/04\/Lockdown-Werbung.jpg","datePublished":"2021-04-08T06:59:44+00:00","dateModified":"2022-11-12T09:27:19+00:00","description":"modern dance, contemporary, jazz-Dance, ballettschule, tanzschule, tanzen, hemsbach, weinheim, sulzbach, ballett, kinderballett, kindertanz, rhein-neckar, pilates, online-unterricht, online, online trainieren, bergstrasse, stadthalle weinheim, Heidelberg, Mannheim, Viernheim, floor-barre, pr\u00e4senz und online, training in den ferien, tanzen macht gl\u00fccklich, ballett f\u00fcr Kindergarten, pilates online, tanzen online","breadcrumb":{"@id":"https:\/\/substanz-schule.de\/cms\/online-live-unterricht\/#breadcrumb"},"inLanguage":"de","potentialAction":[{"@type":"ReadAction","target":["https:\/\/substanz-schule.de\/cms\/online-live-unterricht\/"]}]},{"@type":"ImageObject","inLanguage":"de","@id":"https:\/\/substanz-schule.de\/cms\/online-live-unterricht\/#primaryimage","url":"https:\/\/substanz-schule.de\/cms\/wp-content\/uploads\/2021\/04\/Lockdown-Werbung.jpg","contentUrl":"https:\/\/substanz-schule.de\/cms\/wp-content\/uploads\/2021\/04\/Lockdown-Werbung.jpg","width":1767,"height":1770},{"@type":"BreadcrumbList","@id":"https:\/\/substanz-schule.de\/cms\/online-live-unterricht\/#breadcrumb","itemListElement":[{"@type":"ListItem","position":1,"name":"Home","item":"https:\/\/substanz-schule.de\/cms\/"},{"@type":"ListItem","position":2,"name":"Online-Angebot"}]},{"@type":"WebSite","@id":"https:\/\/substanz-schule.de\/cms\/#website","url":"https:\/\/substanz-schule.de\/cms\/","name":"Substanz-Weinheim\u00b4s moderne Ballettschule","description":"- seit 1997 -","publisher":{"@id":"https:\/\/substanz-schule.de\/cms\/#organization"},"potentialAction":[{"@type":"SearchAction","target":{"@type":"EntryPoint","urlTemplate":"https:\/\/substanz-schule.de\/cms\/?s={search_term_string}"},"query-input":{"@type":"PropertyValueSpecification","valueRequired":true,"valueName":"search_term_string"}}],"inLanguage":"de"},{"@type":"Organization","@id":"https:\/\/substanz-schule.de\/cms\/#organization","name":"Substanz - Schule f\u00fcr modernen Tanz","url":"https:\/\/substanz-schule.de\/cms\/","logo":{"@type":"ImageObject","inLanguage":"de","@id":"https:\/\/substanz-schule.de\/cms\/#\/schema\/logo\/image\/","url":"https:\/\/substanz-schule.de\/cms\/wp-content\/uploads\/2017\/08\/cropped-cropped-substanz_Logoneu.jpg","contentUrl":"https:\/\/substanz-schule.de\/cms\/wp-content\/uploads\/2017\/08\/cropped-cropped-substanz_Logoneu.jpg","width":220,"height":173,"caption":"Substanz - Schule f\u00fcr modernen Tanz"},"image":{"@id":"https:\/\/substanz-schule.de\/cms\/#\/schema\/logo\/image\/"},"sameAs":["https:\/\/de-de.facebook.com\/pages\/Substanz-Schule-f\u00fcr-modernen-Tanz\/157581797588267","https:\/\/www.instagram.com\/substanz_weinheim\/"]}]}},"_links":{"self":[{"href":"https:\/\/substanz-schule.de\/cms\/wp-json\/wp\/v2\/pages\/3734","targetHints":{"allow":["GET"]}}],"collection":[{"href":"https:\/\/substanz-schule.de\/cms\/wp-json\/wp\/v2\/pages"}],"about":[{"href":"https:\/\/substanz-schule.de\/cms\/wp-json\/wp\/v2\/types\/page"}],"author":[{"embeddable":true,"href":"https:\/\/substanz-schule.de\/cms\/wp-json\/wp\/v2\/users\/3"}],"replies":[{"embeddable":true,"href":"https:\/\/substanz-schule.de\/cms\/wp-json\/wp\/v2\/comments?post=3734"}],"version-history":[{"count":8,"href":"https:\/\/substanz-schule.de\/cms\/wp-json\/wp\/v2\/pages\/3734\/revisions"}],"predecessor-version":[{"id":7266,"href":"https:\/\/substanz-schule.de\/cms\/wp-json\/wp\/v2\/pages\/3734\/revisions\/7266"}],"wp:attachment":[{"href":"https:\/\/substanz-schule.de\/cms\/wp-json\/wp\/v2\/media?parent=3734"}],"curies":[{"name":"wp","href":"https:\/\/api.w.org\/{rel}","templated":true}]}}