{"id":4450,"date":"2021-07-14T11:44:19","date_gmt":"2021-07-14T09:44:19","guid":{"rendered":"https:\/\/substanz-schule.de\/cms\/?page_id=4450"},"modified":"2023-02-13T16:01:25","modified_gmt":"2023-02-13T14:01:25","slug":"covid-update","status":"publish","type":"page","link":"https:\/\/substanz-schule.de\/cms\/covid-update\/","title":{"rendered":"COVID UPDATE"},"content":{"rendered":"<div data-colibri-id=\"4450-c1\" class=\"style-1050 style-local-4450-c1 position-relative\">\n  <!---->\n  <div data-colibri-component=\"section\" data-colibri-id=\"4450-c2\" id=\"about\" class=\"h-section h-section-global-spacing d-flex align-items-lg-center align-items-md-center align-items-center style-1051 style-local-4450-c2 position-relative\">\n    <!---->\n    <!---->\n    <div class=\"h-section-grid-container h-section-boxed-container\">\n      <!---->\n      <div data-colibri-id=\"4450-c3\" class=\"h-row-container gutters-row-lg-2 gutters-row-md-2 gutters-row-2 gutters-row-v-lg-2 gutters-row-v-md-2 gutters-row-v-2 style-1052 style-local-4450-c3 position-relative\">\n        <!---->\n        <div class=\"h-row justify-content-lg-center justify-content-md-center justify-content-center align-items-lg-stretch align-items-md-stretch align-items-stretch gutters-col-lg-2 gutters-col-md-2 gutters-col-2 gutters-col-v-lg-2 gutters-col-v-md-2 gutters-col-v-2\">\n          <!---->\n          <div class=\"h-column h-column-container d-flex h-col-lg-auto h-col-md-auto h-col-auto style-1053-outer style-local-4450-c4-outer\">\n            <div data-colibri-id=\"4450-c4\" class=\"d-flex h-flex-basis h-column__inner h-px-lg-2 h-px-md-2 h-px-2 v-inner-lg-2 v-inner-md-2 v-inner-2 style-1053 style-local-4450-c4 position-relative\">\n              <!---->\n              <!---->\n              <div class=\"w-100 h-y-container h-column__content h-column__v-align flex-basis-100 align-self-lg-center align-self-md-center align-self-center\">\n                <!---->\n                <div data-colibri-id=\"4450-c5\" class=\"h-global-transition-all h-heading style-1054 style-local-4450-c5 position-relative h-element\">\n                  <!---->\n                  <div class=\"h-heading__outer style-1054 style-local-4450-c5\">\n                    <!---->\n                    <!---->\n                    <h5 class=\"\">Sicherheitskonzept<\/h5>\n                  <\/div>\n                <\/div>\n                <div data-colibri-id=\"4450-c6\" class=\"h-global-transition-all h-heading style-1055 style-local-4450-c6 position-relative h-element\">\n                  <!---->\n                  <div class=\"h-heading__outer style-1055 style-local-4450-c6\">\n                    <!---->\n                    <!---->\n                    <h2 class=\"\">T\u00e4glich sicher tanzen in unserem Pr\u00e4senz-Unterricht &amp; Online-Live-Stream<\/h2>\n                  <\/div>\n                <\/div>\n                <div data-colibri-id=\"4450-c7\" class=\"h-text h-text-component style-1056 style-local-4450-c7 position-relative h-element\">\n                  <!---->\n                  <!---->\n                  <div class=\"\">\n                    <h5>Substanz hat sowohl&nbsp;Pr\u00e4senzunterricht als auch Online-Live-Unterricht.\n                      <br>\n                    <\/h5>\n                    <h5>Um unsere Tanzsch\u00fcler optimal zu sch\u00fctzen haben wir f\u00fcr den Pr\u00e4senzunterricht Hygiene-Ma\u00dfnahme festgelegt und das Studio zus\u00e4tzlich mit Co2-Messern ausgestattet.<\/h5>\n                    <h5>Wir begrenzen unsere Sch\u00fclerzahlen soweit, dass ein Mindestabstand eingehalten werden kann. Eine Teilnahme \u00fcber einen gesch\u00fctzten Live-Stream k\u00f6nnen alle Sch\u00fcler jederzeit parallel zum Pr\u00e4senz-Unterricht nutzen.<\/h5>\n                    <h5>Wir haben f\u00fcr unser Online-G\u00e4ste digitalen Karten im Programm:\n                      <br>Einzelstunden, 5er- und 10er-Karten\n                      <br>\n                      <br>\n                      <br>\n                      <br>\n                    <\/h5>\n                    <p>\n                      <br>\n                    <\/p>\n                  <\/div>\n                <\/div>\n                <div data-colibri-id=\"4450-c8\" class=\"h-x-container style-1057 style-local-4450-c8 position-relative h-element\">\n                  <!---->\n                  <div class=\"h-x-container-inner style-dynamic-4450-c8-group style-1057-spacing style-local-4450-c8-spacing\"><span class=\"h-button__outer style-1058-outer style-local-4450-c9-outer d-inline-flex h-element\"><a h-use-smooth-scroll=\"true\" href=\"https:\/\/substanz.msvplus.de\/online-anmeldung\/\"  data-colibri-id=\"4450-c9\" class=\"d-flex w-100 align-items-center h-button justify-content-lg-center justify-content-md-center justify-content-center style-1058 style-local-4450-c9 position-relative\"><!----><!----> <span>Probestunde Anmeldung<\/span><\/a>\n                    <\/span>\n                  <\/div>\n                <\/div>\n                <div data-colibri-id=\"4450-c10\" class=\"h-x-container style-1061 style-local-4450-c10 position-relative h-element\">\n                  <!---->\n                  <div class=\"h-x-container-inner style-dynamic-4450-c10-group style-1061-spacing style-local-4450-c10-spacing\"><span class=\"h-button__outer style-1062-outer style-local-4450-c11-outer d-inline-flex h-element\"><a h-use-smooth-scroll=\"true\" href=\"https:\/\/substanz-schule.de\/cms\/online-live-unterricht\/\"  data-colibri-id=\"4450-c11\" class=\"d-flex w-100 align-items-center h-button justify-content-lg-center justify-content-md-center justify-content-center style-1062 style-local-4450-c11 position-relative\"><!----><!----> <span>Informationen zum Online-Unterricht<\/span><\/a>\n                    <\/span>\n                  <\/div>\n                <\/div>\n              <\/div>\n            <\/div>\n          <\/div>\n          <div class=\"h-column h-column-container d-flex h-col-lg-auto h-col-md-auto h-col-auto style-1059-outer style-local-4450-c12-outer\">\n            <div data-colibri-id=\"4450-c12\" class=\"d-flex h-flex-basis h-column__inner h-px-lg-2 h-px-md-2 h-px-2 v-inner-lg-2 v-inner-md-2 v-inner-2 style-1059 style-local-4450-c12 position-relative\">\n              <!---->\n              <!---->\n              <div class=\"w-100 h-y-container h-column__content h-column__v-align flex-basis-100 align-self-lg-center align-self-md-center align-self-center\">\n                <!---->\n                <div data-colibri-id=\"4450-c13\" class=\"d-block style-1060 style-local-4450-c13 position-relative h-element\">\n                  <!---->\n                  <div class=\"h-image__frame-container-outer\">\n                    <div class=\"h-image__frame-container\">\n                      <!---->\n                      <!---->\n                      <img loading=\"lazy\" decoding=\"async\" width=\"1767\" height=\"1770\" src=\"https:\/\/substanz-schule.de\/cms\/wp-content\/uploads\/2021\/04\/Lockdown-Werbung.jpg\" class=\"wp-image-4154 style-1060-image style-local-4450-c13-image\" alt=\"\" srcset=\"https:\/\/substanz-schule.de\/cms\/wp-content\/uploads\/2021\/04\/Lockdown-Werbung.jpg 1767w, https:\/\/substanz-schule.de\/cms\/wp-content\/uploads\/2021\/04\/Lockdown-Werbung-300x300.jpg 300w, https:\/\/substanz-schule.de\/cms\/wp-content\/uploads\/2021\/04\/Lockdown-Werbung-1022x1024.jpg 1022w, https:\/\/substanz-schule.de\/cms\/wp-content\/uploads\/2021\/04\/Lockdown-Werbung-150x150.jpg 150w, https:\/\/substanz-schule.de\/cms\/wp-content\/uploads\/2021\/04\/Lockdown-Werbung-768x769.jpg 768w, https:\/\/substanz-schule.de\/cms\/wp-content\/uploads\/2021\/04\/Lockdown-Werbung-1533x1536.jpg 1533w\" sizes=\"auto, (max-width: 1767px) 100vw, 1767px\" \/>\n                      <div class=\"h-image__frame h-hide-sm style-1060-frameImage style-local-4450-c13-frameImage\"><\/div>\n                    <\/div>\n                  <\/div>\n                <\/div>\n              <\/div>\n            <\/div>\n          <\/div>\n        <\/div>\n      <\/div>\n    <\/div>\n  <\/div>\n<\/div>","protected":false},"excerpt":{"rendered":"<p>Sicherheitskonzept T\u00e4glich sicher tanzen in unserem Pr\u00e4senz-Unterricht &amp; Online-Live-Stream Substanz hat sowohl&nbsp;Pr\u00e4senzunterricht als auch Online-Live-Unterricht. Um unsere Tanzsch\u00fcler optimal zu sch\u00fctzen haben wir f\u00fcr den Pr\u00e4senzunterricht Hygiene-Ma\u00dfnahme festgelegt und das Studio zus\u00e4tzlich mit Co2-Messern ausgestattet. Wir begrenzen unsere Sch\u00fclerzahlen soweit, dass ein Mindestabstand eingehalten werden kann. Eine Teilnahme \u00fcber einen gesch\u00fctzten Live-Stream k\u00f6nnen alle Sch\u00fcler [&hellip;]<\/p>\n","protected":false},"author":3,"featured_media":0,"parent":0,"menu_order":0,"comment_status":"closed","ping_status":"closed","template":"page-templates\/full-width-page.php","meta":{"footnotes":""},"class_list":["post-4450","page","type-page","status-publish","hentry"],"yoast_head":"<!-- This site is optimized with the Yoast SEO plugin v27.4 - https:\/\/yoast.com\/product\/yoast-seo-wordpress\/ -->\n<title>COVID UPDATE - Substanz-Weinheim\u00b4s moderne Ballettschule<\/title>\n<meta name=\"description\" content=\"modern dance, jazzdance, jazz-Dance, ballettschule, tanzschule, tanzen, hemsbach, weinheim, sulzbach, ballett, kinderballett, modern, dance, classic, pilates, jazz, iwanson, lippick, bergstrasse, jazzdance, stadthalle weinheim, Heidelberg, Mannheim, Viernheim\" \/>\n<meta name=\"robots\" content=\"index, follow, max-snippet:-1, max-image-preview:large, max-video-preview:-1\" \/>\n<link rel=\"canonical\" href=\"https:\/\/substanz-schule.de\/cms\/covid-update\/\" \/>\n<meta property=\"og:locale\" content=\"de_DE\" \/>\n<meta property=\"og:type\" content=\"article\" \/>\n<meta property=\"og:title\" content=\"COVID UPDATE - Substanz-Weinheim\u00b4s moderne Ballettschule\" \/>\n<meta property=\"og:description\" content=\"modern dance, jazzdance, jazz-Dance, ballettschule, tanzschule, tanzen, hemsbach, weinheim, sulzbach, ballett, kinderballett, modern, dance, classic, pilates, jazz, iwanson, lippick, bergstrasse, jazzdance, stadthalle weinheim, Heidelberg, Mannheim, Viernheim\" \/>\n<meta property=\"og:url\" content=\"https:\/\/substanz-schule.de\/cms\/covid-update\/\" \/>\n<meta property=\"og:site_name\" content=\"Substanz-Weinheim\u00b4s moderne Ballettschule\" \/>\n<meta property=\"article:publisher\" content=\"https:\/\/de-de.facebook.com\/pages\/Substanz-Schule-f%c3%bcr-modernen-Tanz\/157581797588267\" \/>\n<meta property=\"article:modified_time\" content=\"2023-02-13T14:01:25+00:00\" \/>\n<meta property=\"og:image\" content=\"https:\/\/substanz-schule.de\/cms\/wp-content\/uploads\/2021\/04\/Lockdown-Werbung.jpg\" \/>\n<script type=\"application\/ld+json\" class=\"yoast-schema-graph\">{\"@context\":\"https:\\\/\\\/schema.org\",\"@graph\":[{\"@type\":\"WebPage\",\"@id\":\"https:\\\/\\\/substanz-schule.de\\\/cms\\\/covid-update\\\/\",\"url\":\"https:\\\/\\\/substanz-schule.de\\\/cms\\\/covid-update\\\/\",\"name\":\"COVID UPDATE - Substanz-Weinheim\u00b4s moderne Ballettschule\",\"isPartOf\":{\"@id\":\"https:\\\/\\\/substanz-schule.de\\\/cms\\\/#website\"},\"primaryImageOfPage\":{\"@id\":\"https:\\\/\\\/substanz-schule.de\\\/cms\\\/covid-update\\\/#primaryimage\"},\"image\":{\"@id\":\"https:\\\/\\\/substanz-schule.de\\\/cms\\\/covid-update\\\/#primaryimage\"},\"thumbnailUrl\":\"https:\\\/\\\/substanz-schule.de\\\/cms\\\/wp-content\\\/uploads\\\/2021\\\/04\\\/Lockdown-Werbung.jpg\",\"datePublished\":\"2021-07-14T09:44:19+00:00\",\"dateModified\":\"2023-02-13T14:01:25+00:00\",\"description\":\"modern dance, jazzdance, jazz-Dance, ballettschule, tanzschule, tanzen, hemsbach, weinheim, sulzbach, ballett, kinderballett, modern, dance, classic, pilates, jazz, iwanson, lippick, bergstrasse, jazzdance, stadthalle weinheim, Heidelberg, Mannheim, Viernheim\",\"breadcrumb\":{\"@id\":\"https:\\\/\\\/substanz-schule.de\\\/cms\\\/covid-update\\\/#breadcrumb\"},\"inLanguage\":\"de\",\"potentialAction\":[{\"@type\":\"ReadAction\",\"target\":[\"https:\\\/\\\/substanz-schule.de\\\/cms\\\/covid-update\\\/\"]}]},{\"@type\":\"ImageObject\",\"inLanguage\":\"de\",\"@id\":\"https:\\\/\\\/substanz-schule.de\\\/cms\\\/covid-update\\\/#primaryimage\",\"url\":\"https:\\\/\\\/substanz-schule.de\\\/cms\\\/wp-content\\\/uploads\\\/2021\\\/04\\\/Lockdown-Werbung.jpg\",\"contentUrl\":\"https:\\\/\\\/substanz-schule.de\\\/cms\\\/wp-content\\\/uploads\\\/2021\\\/04\\\/Lockdown-Werbung.jpg\",\"width\":1767,\"height\":1770},{\"@type\":\"BreadcrumbList\",\"@id\":\"https:\\\/\\\/substanz-schule.de\\\/cms\\\/covid-update\\\/#breadcrumb\",\"itemListElement\":[{\"@type\":\"ListItem\",\"position\":1,\"name\":\"Home\",\"item\":\"https:\\\/\\\/substanz-schule.de\\\/cms\\\/\"},{\"@type\":\"ListItem\",\"position\":2,\"name\":\"COVID UPDATE\"}]},{\"@type\":\"WebSite\",\"@id\":\"https:\\\/\\\/substanz-schule.de\\\/cms\\\/#website\",\"url\":\"https:\\\/\\\/substanz-schule.de\\\/cms\\\/\",\"name\":\"Substanz-Weinheim\u00b4s moderne Ballettschule\",\"description\":\"- seit 1997 -\",\"publisher\":{\"@id\":\"https:\\\/\\\/substanz-schule.de\\\/cms\\\/#organization\"},\"potentialAction\":[{\"@type\":\"SearchAction\",\"target\":{\"@type\":\"EntryPoint\",\"urlTemplate\":\"https:\\\/\\\/substanz-schule.de\\\/cms\\\/?s={search_term_string}\"},\"query-input\":{\"@type\":\"PropertyValueSpecification\",\"valueRequired\":true,\"valueName\":\"search_term_string\"}}],\"inLanguage\":\"de\"},{\"@type\":\"Organization\",\"@id\":\"https:\\\/\\\/substanz-schule.de\\\/cms\\\/#organization\",\"name\":\"Substanz - Schule f\u00fcr modernen Tanz\",\"url\":\"https:\\\/\\\/substanz-schule.de\\\/cms\\\/\",\"logo\":{\"@type\":\"ImageObject\",\"inLanguage\":\"de\",\"@id\":\"https:\\\/\\\/substanz-schule.de\\\/cms\\\/#\\\/schema\\\/logo\\\/image\\\/\",\"url\":\"https:\\\/\\\/substanz-schule.de\\\/cms\\\/wp-content\\\/uploads\\\/2017\\\/08\\\/cropped-cropped-substanz_Logoneu.jpg\",\"contentUrl\":\"https:\\\/\\\/substanz-schule.de\\\/cms\\\/wp-content\\\/uploads\\\/2017\\\/08\\\/cropped-cropped-substanz_Logoneu.jpg\",\"width\":220,\"height\":173,\"caption\":\"Substanz - Schule f\u00fcr modernen Tanz\"},\"image\":{\"@id\":\"https:\\\/\\\/substanz-schule.de\\\/cms\\\/#\\\/schema\\\/logo\\\/image\\\/\"},\"sameAs\":[\"https:\\\/\\\/de-de.facebook.com\\\/pages\\\/Substanz-Schule-f\u00fcr-modernen-Tanz\\\/157581797588267\",\"https:\\\/\\\/www.instagram.com\\\/substanz_weinheim\\\/\"]}]}<\/script>\n<!-- \/ Yoast SEO plugin. -->","yoast_head_json":{"title":"COVID UPDATE - Substanz-Weinheim\u00b4s moderne Ballettschule","description":"modern dance, jazzdance, jazz-Dance, ballettschule, tanzschule, tanzen, hemsbach, weinheim, sulzbach, ballett, kinderballett, modern, dance, classic, pilates, jazz, iwanson, lippick, bergstrasse, jazzdance, stadthalle weinheim, Heidelberg, Mannheim, Viernheim","robots":{"index":"index","follow":"follow","max-snippet":"max-snippet:-1","max-image-preview":"max-image-preview:large","max-video-preview":"max-video-preview:-1"},"canonical":"https:\/\/substanz-schule.de\/cms\/covid-update\/","og_locale":"de_DE","og_type":"article","og_title":"COVID UPDATE - Substanz-Weinheim\u00b4s moderne Ballettschule","og_description":"modern dance, jazzdance, jazz-Dance, ballettschule, tanzschule, tanzen, hemsbach, weinheim, sulzbach, ballett, kinderballett, modern, dance, classic, pilates, jazz, iwanson, lippick, bergstrasse, jazzdance, stadthalle weinheim, Heidelberg, Mannheim, Viernheim","og_url":"https:\/\/substanz-schule.de\/cms\/covid-update\/","og_site_name":"Substanz-Weinheim\u00b4s moderne Ballettschule","article_publisher":"https:\/\/de-de.facebook.com\/pages\/Substanz-Schule-f%c3%bcr-modernen-Tanz\/157581797588267","article_modified_time":"2023-02-13T14:01:25+00:00","og_image":[{"url":"https:\/\/substanz-schule.de\/cms\/wp-content\/uploads\/2021\/04\/Lockdown-Werbung.jpg","type":"","width":"","height":""}],"schema":{"@context":"https:\/\/schema.org","@graph":[{"@type":"WebPage","@id":"https:\/\/substanz-schule.de\/cms\/covid-update\/","url":"https:\/\/substanz-schule.de\/cms\/covid-update\/","name":"COVID UPDATE - Substanz-Weinheim\u00b4s moderne Ballettschule","isPartOf":{"@id":"https:\/\/substanz-schule.de\/cms\/#website"},"primaryImageOfPage":{"@id":"https:\/\/substanz-schule.de\/cms\/covid-update\/#primaryimage"},"image":{"@id":"https:\/\/substanz-schule.de\/cms\/covid-update\/#primaryimage"},"thumbnailUrl":"https:\/\/substanz-schule.de\/cms\/wp-content\/uploads\/2021\/04\/Lockdown-Werbung.jpg","datePublished":"2021-07-14T09:44:19+00:00","dateModified":"2023-02-13T14:01:25+00:00","description":"modern dance, jazzdance, jazz-Dance, ballettschule, tanzschule, tanzen, hemsbach, weinheim, sulzbach, ballett, kinderballett, modern, dance, classic, pilates, jazz, iwanson, lippick, bergstrasse, jazzdance, stadthalle weinheim, Heidelberg, Mannheim, Viernheim","breadcrumb":{"@id":"https:\/\/substanz-schule.de\/cms\/covid-update\/#breadcrumb"},"inLanguage":"de","potentialAction":[{"@type":"ReadAction","target":["https:\/\/substanz-schule.de\/cms\/covid-update\/"]}]},{"@type":"ImageObject","inLanguage":"de","@id":"https:\/\/substanz-schule.de\/cms\/covid-update\/#primaryimage","url":"https:\/\/substanz-schule.de\/cms\/wp-content\/uploads\/2021\/04\/Lockdown-Werbung.jpg","contentUrl":"https:\/\/substanz-schule.de\/cms\/wp-content\/uploads\/2021\/04\/Lockdown-Werbung.jpg","width":1767,"height":1770},{"@type":"BreadcrumbList","@id":"https:\/\/substanz-schule.de\/cms\/covid-update\/#breadcrumb","itemListElement":[{"@type":"ListItem","position":1,"name":"Home","item":"https:\/\/substanz-schule.de\/cms\/"},{"@type":"ListItem","position":2,"name":"COVID UPDATE"}]},{"@type":"WebSite","@id":"https:\/\/substanz-schule.de\/cms\/#website","url":"https:\/\/substanz-schule.de\/cms\/","name":"Substanz-Weinheim\u00b4s moderne Ballettschule","description":"- seit 1997 -","publisher":{"@id":"https:\/\/substanz-schule.de\/cms\/#organization"},"potentialAction":[{"@type":"SearchAction","target":{"@type":"EntryPoint","urlTemplate":"https:\/\/substanz-schule.de\/cms\/?s={search_term_string}"},"query-input":{"@type":"PropertyValueSpecification","valueRequired":true,"valueName":"search_term_string"}}],"inLanguage":"de"},{"@type":"Organization","@id":"https:\/\/substanz-schule.de\/cms\/#organization","name":"Substanz - Schule f\u00fcr modernen Tanz","url":"https:\/\/substanz-schule.de\/cms\/","logo":{"@type":"ImageObject","inLanguage":"de","@id":"https:\/\/substanz-schule.de\/cms\/#\/schema\/logo\/image\/","url":"https:\/\/substanz-schule.de\/cms\/wp-content\/uploads\/2017\/08\/cropped-cropped-substanz_Logoneu.jpg","contentUrl":"https:\/\/substanz-schule.de\/cms\/wp-content\/uploads\/2017\/08\/cropped-cropped-substanz_Logoneu.jpg","width":220,"height":173,"caption":"Substanz - Schule f\u00fcr modernen Tanz"},"image":{"@id":"https:\/\/substanz-schule.de\/cms\/#\/schema\/logo\/image\/"},"sameAs":["https:\/\/de-de.facebook.com\/pages\/Substanz-Schule-f\u00fcr-modernen-Tanz\/157581797588267","https:\/\/www.instagram.com\/substanz_weinheim\/"]}]}},"_links":{"self":[{"href":"https:\/\/substanz-schule.de\/cms\/wp-json\/wp\/v2\/pages\/4450","targetHints":{"allow":["GET"]}}],"collection":[{"href":"https:\/\/substanz-schule.de\/cms\/wp-json\/wp\/v2\/pages"}],"about":[{"href":"https:\/\/substanz-schule.de\/cms\/wp-json\/wp\/v2\/types\/page"}],"author":[{"embeddable":true,"href":"https:\/\/substanz-schule.de\/cms\/wp-json\/wp\/v2\/users\/3"}],"replies":[{"embeddable":true,"href":"https:\/\/substanz-schule.de\/cms\/wp-json\/wp\/v2\/comments?post=4450"}],"version-history":[{"count":7,"href":"https:\/\/substanz-schule.de\/cms\/wp-json\/wp\/v2\/pages\/4450\/revisions"}],"predecessor-version":[{"id":7833,"href":"https:\/\/substanz-schule.de\/cms\/wp-json\/wp\/v2\/pages\/4450\/revisions\/7833"}],"wp:attachment":[{"href":"https:\/\/substanz-schule.de\/cms\/wp-json\/wp\/v2\/media?parent=4450"}],"curies":[{"name":"wp","href":"https:\/\/api.w.org\/{rel}","templated":true}]}}