{"id":5028,"date":"2021-09-15T10:16:12","date_gmt":"2021-09-15T08:16:12","guid":{"rendered":"https:\/\/substanz-schule.de\/cms\/?page_id=5028"},"modified":"2023-05-10T14:34:55","modified_gmt":"2023-05-10T12:34:55","slug":"hip-hop-mit-samira","status":"publish","type":"page","link":"https:\/\/substanz-schule.de\/cms\/hip-hop-mit-samira\/","title":{"rendered":"Special-Class: Hip-Hop mit Samira"},"content":{"rendered":"<div data-colibri-id=\"5028-c1\" class=\"style-1254 style-local-5028-c1 position-relative\">\n  <!---->\n  <div data-colibri-component=\"section\" data-colibri-id=\"5028-c2\" id=\"about\" class=\"h-section h-section-global-spacing d-flex align-items-lg-center align-items-md-center align-items-center style-1255 style-local-5028-c2 position-relative\">\n    <!---->\n    <!---->\n    <div class=\"h-section-grid-container h-section-boxed-container\">\n      <!---->\n      <div data-colibri-id=\"5028-c3\" class=\"h-row-container gutters-row-lg-2 gutters-row-md-2 gutters-row-2 gutters-row-v-lg-2 gutters-row-v-md-2 gutters-row-v-2 style-1256 style-local-5028-c3 position-relative\">\n        <!---->\n        <div class=\"h-row justify-content-lg-center justify-content-md-center justify-content-center align-items-lg-stretch align-items-md-stretch align-items-stretch gutters-col-lg-2 gutters-col-md-2 gutters-col-2 gutters-col-v-lg-2 gutters-col-v-md-2 gutters-col-v-2\">\n          <!---->\n          <div class=\"h-column h-column-container d-flex h-col-lg-auto h-col-md-auto h-col-auto style-1257-outer style-local-5028-c4-outer\">\n            <div data-colibri-id=\"5028-c4\" class=\"d-flex h-flex-basis h-column__inner h-px-lg-2 h-px-md-2 h-px-2 v-inner-lg-2 v-inner-md-2 v-inner-2 style-1257 style-local-5028-c4 position-relative\">\n              <!---->\n              <!---->\n              <div class=\"w-100 h-y-container h-column__content h-column__v-align flex-basis-100 align-self-lg-center align-self-md-center align-self-center\">\n                <!---->\n                <div data-colibri-id=\"5028-c5\" class=\"h-global-transition-all h-heading style-1259 style-local-5028-c5 position-relative h-element\">\n                  <!---->\n                  <div class=\"h-heading__outer style-1259 style-local-5028-c5\">\n                    <!---->\n                    <!---->\n                    <h2 class=\"\"><em style=\"font-family: &quot;Playfair Display&quot;; color: rgb(247, 144, 7);\">Hip-Hop mit Samira<\/em> <\/h2>\n                  <\/div>\n                <\/div>\n                <div data-colibri-id=\"5028-c6\" class=\"h-text h-text-component style-1260 style-local-5028-c6 position-relative h-element\">\n                  <!---->\n                  <!---->\n                  <div class=\"\">\n                    <p><span style=\"font-size: 12pt;\">In dieser Special Class erhaltet ihr ein intensives Hip Hop Training mit Samira. Hip Hop zeichnet sich insbesondere durch ein breites Spektrum an verschiedenen Stilen, wie Breakdance, Popping, Locking, Lady Style, Oldschool, Newstyle und Urban aus. Diese Class pusht jeden einzelnen Sch\u00fcler und bringt eine Menge Spa\u00df mit sich.<\/span><\/p>\n                    <p>N\u00e4chster Termin:<\/p>\n                    <p>Wir machen eine Sommerpause!<\/p>\n                    <p>\n                      <br>\n                    <\/p>\n                    <p>Abgeschlossen Mini-Workshops \u00fcber 60 min<\/p>\n                    <p>\n                      <br>\n                    <\/p>\n                    <p>Kosten pro Unterrichts-Stunde:<\/p>\n                    <p>Substanz\u00b4ler:<\/p>\n                    <p>11.- \u20ac (Early Bird 9,50 \u20ac)&nbsp;<\/p>\n                    <p>G\u00e4ste:<\/p>\n                    <p>keine Anmeldegeb\u00fchr<\/p>\n                    <p>Einzel-Termin (60min) 15.- \u20ac (Early Bird 13.-\u20ac)&nbsp;<\/p>\n                    <p>\n                      <br>\n                    <\/p>\n                    <p>keine Probestunde m\u00f6glich!<\/p>\n                    <p>\n                      <br>\n                    <\/p>\n                    <p>Early-Bird-Anmeldeschluss: Sonntags&nbsp;vor Kursbeginn!<\/p>\n                    <p>Anmeldeschluss: Mittwochs vor Kursbeginn!<\/p>\n                    <p>\n                      <br>\n                    <\/p>\n                  <\/div>\n                <\/div>\n                <div data-colibri-id=\"5028-c7\" class=\"h-x-container style-1261 style-local-5028-c7 position-relative h-element\">\n                  <!---->\n                  <div class=\"h-x-container-inner style-dynamic-5028-c7-group style-1261-spacing style-local-5028-c7-spacing\"><span class=\"h-button__outer style-1262-outer style-local-5028-c8-outer d-inline-flex h-element\"><a h-use-smooth-scroll=\"true\" href=\"https:\/\/substanz-schule.de\/cms\/anmeldung-workshop-wochenkurse\/\"  data-colibri-id=\"5028-c8\" class=\"d-flex w-100 align-items-center h-button justify-content-lg-center justify-content-md-center justify-content-center style-1262 style-local-5028-c8 position-relative\"><!----><!----> <span>Anmeldung<\/span><\/a>\n                    <\/span>\n                  <\/div>\n                <\/div>\n              <\/div>\n            <\/div>\n          <\/div>\n          <div class=\"h-column h-column-container d-flex h-col-lg-auto h-col-md-auto h-col-auto style-1263-outer style-local-5028-c9-outer\">\n            <div data-colibri-id=\"5028-c9\" class=\"d-flex h-flex-basis h-column__inner h-px-lg-2 h-px-md-2 h-px-2 v-inner-lg-2 v-inner-md-2 v-inner-2 style-1263 style-local-5028-c9 position-relative\">\n              <!---->\n              <!---->\n              <div class=\"w-100 h-y-container h-column__content h-column__v-align flex-basis-100 align-self-lg-center align-self-md-center align-self-center\">\n                <!---->\n                <div data-colibri-id=\"5028-c10\" class=\"d-block style-1264 style-local-5028-c10 position-relative h-element\">\n                  <!---->\n                  <div class=\"h-image__frame-container-outer\">\n                    <div class=\"h-image__frame-container\">\n                      <!---->\n                      <!---->\n                      <img loading=\"lazy\" decoding=\"async\" width=\"1200\" height=\"1200\" src=\"https:\/\/substanz-schule.de\/cms\/wp-content\/uploads\/2019\/08\/cropped-sil-art.Samira.jpg\" class=\"wp-image-3869 style-1264-image style-local-5028-c10-image\" alt=\"\" srcset=\"https:\/\/substanz-schule.de\/cms\/wp-content\/uploads\/2019\/08\/cropped-sil-art.Samira.jpg 1200w, https:\/\/substanz-schule.de\/cms\/wp-content\/uploads\/2019\/08\/cropped-sil-art.Samira-300x300.jpg 300w, https:\/\/substanz-schule.de\/cms\/wp-content\/uploads\/2019\/08\/cropped-sil-art.Samira-1024x1024.jpg 1024w, https:\/\/substanz-schule.de\/cms\/wp-content\/uploads\/2019\/08\/cropped-sil-art.Samira-150x150.jpg 150w, https:\/\/substanz-schule.de\/cms\/wp-content\/uploads\/2019\/08\/cropped-sil-art.Samira-768x768.jpg 768w\" sizes=\"auto, (max-width: 1200px) 100vw, 1200px\" \/>\n                      <div class=\"h-image__frame h-hide-sm style-1264-frameImage style-local-5028-c10-frameImage\"><\/div>\n                    <\/div>\n                  <\/div>\n                <\/div>\n              <\/div>\n            <\/div>\n          <\/div>\n        <\/div>\n      <\/div>\n    <\/div>\n  <\/div>\n<\/div>","protected":false},"excerpt":{"rendered":"<p>Hip-Hop mit Samira In dieser Special Class erhaltet ihr ein intensives Hip Hop Training mit Samira. Hip Hop zeichnet sich insbesondere durch ein breites Spektrum an verschiedenen Stilen, wie Breakdance, Popping, Locking, Lady Style, Oldschool, Newstyle und Urban aus. Diese Class pusht jeden einzelnen Sch\u00fcler und bringt eine Menge Spa\u00df mit sich. N\u00e4chster Termin: Wir [&hellip;]<\/p>\n","protected":false},"author":3,"featured_media":0,"parent":0,"menu_order":0,"comment_status":"closed","ping_status":"closed","template":"page-templates\/full-width-page.php","meta":{"footnotes":""},"class_list":["post-5028","page","type-page","status-publish","hentry"],"yoast_head":"<!-- This site is optimized with the Yoast SEO plugin v27.4 - https:\/\/yoast.com\/product\/yoast-seo-wordpress\/ -->\n<title>Special-Class: Hip-Hop mit Samira - Substanz-Weinheim\u00b4s moderne Ballettschule<\/title>\n<meta name=\"description\" content=\"modern dance, jazzdance, jazz-Dance, ballettschule, tanzschule, tanzen, hemsbach, weinheim, sulzbach, ballett, kinderballett, modern, dance, classic, pilates, jazz, iwanson, lippick, bergstrasse, jazzdance, stadthalle weinheim, Heidelberg, Mannheim, Viernheim\" \/>\n<meta name=\"robots\" content=\"index, follow, max-snippet:-1, max-image-preview:large, max-video-preview:-1\" \/>\n<link rel=\"canonical\" href=\"https:\/\/substanz-schule.de\/cms\/hip-hop-mit-samira\/\" \/>\n<meta property=\"og:locale\" content=\"de_DE\" \/>\n<meta property=\"og:type\" content=\"article\" \/>\n<meta property=\"og:title\" content=\"Special-Class: Hip-Hop mit Samira - Substanz-Weinheim\u00b4s moderne Ballettschule\" \/>\n<meta property=\"og:description\" content=\"modern dance, jazzdance, jazz-Dance, ballettschule, tanzschule, tanzen, hemsbach, weinheim, sulzbach, ballett, kinderballett, modern, dance, classic, pilates, jazz, iwanson, lippick, bergstrasse, jazzdance, stadthalle weinheim, Heidelberg, Mannheim, Viernheim\" \/>\n<meta property=\"og:url\" content=\"https:\/\/substanz-schule.de\/cms\/hip-hop-mit-samira\/\" \/>\n<meta property=\"og:site_name\" content=\"Substanz-Weinheim\u00b4s moderne Ballettschule\" \/>\n<meta property=\"article:publisher\" content=\"https:\/\/de-de.facebook.com\/pages\/Substanz-Schule-f%c3%bcr-modernen-Tanz\/157581797588267\" \/>\n<meta property=\"article:modified_time\" content=\"2023-05-10T12:34:55+00:00\" \/>\n<meta property=\"og:image\" content=\"https:\/\/substanz-schule.de\/cms\/wp-content\/uploads\/2019\/08\/cropped-sil-art.Samira.jpg\" \/>\n<script type=\"application\/ld+json\" class=\"yoast-schema-graph\">{\"@context\":\"https:\\\/\\\/schema.org\",\"@graph\":[{\"@type\":\"WebPage\",\"@id\":\"https:\\\/\\\/substanz-schule.de\\\/cms\\\/hip-hop-mit-samira\\\/\",\"url\":\"https:\\\/\\\/substanz-schule.de\\\/cms\\\/hip-hop-mit-samira\\\/\",\"name\":\"Special-Class: Hip-Hop mit Samira - Substanz-Weinheim\u00b4s moderne Ballettschule\",\"isPartOf\":{\"@id\":\"https:\\\/\\\/substanz-schule.de\\\/cms\\\/#website\"},\"primaryImageOfPage\":{\"@id\":\"https:\\\/\\\/substanz-schule.de\\\/cms\\\/hip-hop-mit-samira\\\/#primaryimage\"},\"image\":{\"@id\":\"https:\\\/\\\/substanz-schule.de\\\/cms\\\/hip-hop-mit-samira\\\/#primaryimage\"},\"thumbnailUrl\":\"https:\\\/\\\/substanz-schule.de\\\/cms\\\/wp-content\\\/uploads\\\/2019\\\/08\\\/cropped-sil-art.Samira.jpg\",\"datePublished\":\"2021-09-15T08:16:12+00:00\",\"dateModified\":\"2023-05-10T12:34:55+00:00\",\"description\":\"modern dance, jazzdance, jazz-Dance, ballettschule, tanzschule, tanzen, hemsbach, weinheim, sulzbach, ballett, kinderballett, modern, dance, classic, pilates, jazz, iwanson, lippick, bergstrasse, jazzdance, stadthalle weinheim, Heidelberg, Mannheim, Viernheim\",\"breadcrumb\":{\"@id\":\"https:\\\/\\\/substanz-schule.de\\\/cms\\\/hip-hop-mit-samira\\\/#breadcrumb\"},\"inLanguage\":\"de\",\"potentialAction\":[{\"@type\":\"ReadAction\",\"target\":[\"https:\\\/\\\/substanz-schule.de\\\/cms\\\/hip-hop-mit-samira\\\/\"]}]},{\"@type\":\"ImageObject\",\"inLanguage\":\"de\",\"@id\":\"https:\\\/\\\/substanz-schule.de\\\/cms\\\/hip-hop-mit-samira\\\/#primaryimage\",\"url\":\"https:\\\/\\\/substanz-schule.de\\\/cms\\\/wp-content\\\/uploads\\\/2019\\\/08\\\/cropped-sil-art.Samira.jpg\",\"contentUrl\":\"https:\\\/\\\/substanz-schule.de\\\/cms\\\/wp-content\\\/uploads\\\/2019\\\/08\\\/cropped-sil-art.Samira.jpg\",\"width\":1200,\"height\":1200},{\"@type\":\"BreadcrumbList\",\"@id\":\"https:\\\/\\\/substanz-schule.de\\\/cms\\\/hip-hop-mit-samira\\\/#breadcrumb\",\"itemListElement\":[{\"@type\":\"ListItem\",\"position\":1,\"name\":\"Home\",\"item\":\"https:\\\/\\\/substanz-schule.de\\\/cms\\\/\"},{\"@type\":\"ListItem\",\"position\":2,\"name\":\"Special-Class: Hip-Hop mit Samira\"}]},{\"@type\":\"WebSite\",\"@id\":\"https:\\\/\\\/substanz-schule.de\\\/cms\\\/#website\",\"url\":\"https:\\\/\\\/substanz-schule.de\\\/cms\\\/\",\"name\":\"Substanz-Weinheim\u00b4s moderne Ballettschule\",\"description\":\"- seit 1997 -\",\"publisher\":{\"@id\":\"https:\\\/\\\/substanz-schule.de\\\/cms\\\/#organization\"},\"potentialAction\":[{\"@type\":\"SearchAction\",\"target\":{\"@type\":\"EntryPoint\",\"urlTemplate\":\"https:\\\/\\\/substanz-schule.de\\\/cms\\\/?s={search_term_string}\"},\"query-input\":{\"@type\":\"PropertyValueSpecification\",\"valueRequired\":true,\"valueName\":\"search_term_string\"}}],\"inLanguage\":\"de\"},{\"@type\":\"Organization\",\"@id\":\"https:\\\/\\\/substanz-schule.de\\\/cms\\\/#organization\",\"name\":\"Substanz - Schule f\u00fcr modernen Tanz\",\"url\":\"https:\\\/\\\/substanz-schule.de\\\/cms\\\/\",\"logo\":{\"@type\":\"ImageObject\",\"inLanguage\":\"de\",\"@id\":\"https:\\\/\\\/substanz-schule.de\\\/cms\\\/#\\\/schema\\\/logo\\\/image\\\/\",\"url\":\"https:\\\/\\\/substanz-schule.de\\\/cms\\\/wp-content\\\/uploads\\\/2017\\\/08\\\/cropped-cropped-substanz_Logoneu.jpg\",\"contentUrl\":\"https:\\\/\\\/substanz-schule.de\\\/cms\\\/wp-content\\\/uploads\\\/2017\\\/08\\\/cropped-cropped-substanz_Logoneu.jpg\",\"width\":220,\"height\":173,\"caption\":\"Substanz - Schule f\u00fcr modernen Tanz\"},\"image\":{\"@id\":\"https:\\\/\\\/substanz-schule.de\\\/cms\\\/#\\\/schema\\\/logo\\\/image\\\/\"},\"sameAs\":[\"https:\\\/\\\/de-de.facebook.com\\\/pages\\\/Substanz-Schule-f\u00fcr-modernen-Tanz\\\/157581797588267\",\"https:\\\/\\\/www.instagram.com\\\/substanz_weinheim\\\/\"]}]}<\/script>\n<!-- \/ Yoast SEO plugin. -->","yoast_head_json":{"title":"Special-Class: Hip-Hop mit Samira - Substanz-Weinheim\u00b4s moderne Ballettschule","description":"modern dance, jazzdance, jazz-Dance, ballettschule, tanzschule, tanzen, hemsbach, weinheim, sulzbach, ballett, kinderballett, modern, dance, classic, pilates, jazz, iwanson, lippick, bergstrasse, jazzdance, stadthalle weinheim, Heidelberg, Mannheim, Viernheim","robots":{"index":"index","follow":"follow","max-snippet":"max-snippet:-1","max-image-preview":"max-image-preview:large","max-video-preview":"max-video-preview:-1"},"canonical":"https:\/\/substanz-schule.de\/cms\/hip-hop-mit-samira\/","og_locale":"de_DE","og_type":"article","og_title":"Special-Class: Hip-Hop mit Samira - Substanz-Weinheim\u00b4s moderne Ballettschule","og_description":"modern dance, jazzdance, jazz-Dance, ballettschule, tanzschule, tanzen, hemsbach, weinheim, sulzbach, ballett, kinderballett, modern, dance, classic, pilates, jazz, iwanson, lippick, bergstrasse, jazzdance, stadthalle weinheim, Heidelberg, Mannheim, Viernheim","og_url":"https:\/\/substanz-schule.de\/cms\/hip-hop-mit-samira\/","og_site_name":"Substanz-Weinheim\u00b4s moderne Ballettschule","article_publisher":"https:\/\/de-de.facebook.com\/pages\/Substanz-Schule-f%c3%bcr-modernen-Tanz\/157581797588267","article_modified_time":"2023-05-10T12:34:55+00:00","og_image":[{"url":"https:\/\/substanz-schule.de\/cms\/wp-content\/uploads\/2019\/08\/cropped-sil-art.Samira.jpg","type":"","width":"","height":""}],"schema":{"@context":"https:\/\/schema.org","@graph":[{"@type":"WebPage","@id":"https:\/\/substanz-schule.de\/cms\/hip-hop-mit-samira\/","url":"https:\/\/substanz-schule.de\/cms\/hip-hop-mit-samira\/","name":"Special-Class: Hip-Hop mit Samira - Substanz-Weinheim\u00b4s moderne Ballettschule","isPartOf":{"@id":"https:\/\/substanz-schule.de\/cms\/#website"},"primaryImageOfPage":{"@id":"https:\/\/substanz-schule.de\/cms\/hip-hop-mit-samira\/#primaryimage"},"image":{"@id":"https:\/\/substanz-schule.de\/cms\/hip-hop-mit-samira\/#primaryimage"},"thumbnailUrl":"https:\/\/substanz-schule.de\/cms\/wp-content\/uploads\/2019\/08\/cropped-sil-art.Samira.jpg","datePublished":"2021-09-15T08:16:12+00:00","dateModified":"2023-05-10T12:34:55+00:00","description":"modern dance, jazzdance, jazz-Dance, ballettschule, tanzschule, tanzen, hemsbach, weinheim, sulzbach, ballett, kinderballett, modern, dance, classic, pilates, jazz, iwanson, lippick, bergstrasse, jazzdance, stadthalle weinheim, Heidelberg, Mannheim, Viernheim","breadcrumb":{"@id":"https:\/\/substanz-schule.de\/cms\/hip-hop-mit-samira\/#breadcrumb"},"inLanguage":"de","potentialAction":[{"@type":"ReadAction","target":["https:\/\/substanz-schule.de\/cms\/hip-hop-mit-samira\/"]}]},{"@type":"ImageObject","inLanguage":"de","@id":"https:\/\/substanz-schule.de\/cms\/hip-hop-mit-samira\/#primaryimage","url":"https:\/\/substanz-schule.de\/cms\/wp-content\/uploads\/2019\/08\/cropped-sil-art.Samira.jpg","contentUrl":"https:\/\/substanz-schule.de\/cms\/wp-content\/uploads\/2019\/08\/cropped-sil-art.Samira.jpg","width":1200,"height":1200},{"@type":"BreadcrumbList","@id":"https:\/\/substanz-schule.de\/cms\/hip-hop-mit-samira\/#breadcrumb","itemListElement":[{"@type":"ListItem","position":1,"name":"Home","item":"https:\/\/substanz-schule.de\/cms\/"},{"@type":"ListItem","position":2,"name":"Special-Class: Hip-Hop mit Samira"}]},{"@type":"WebSite","@id":"https:\/\/substanz-schule.de\/cms\/#website","url":"https:\/\/substanz-schule.de\/cms\/","name":"Substanz-Weinheim\u00b4s moderne Ballettschule","description":"- seit 1997 -","publisher":{"@id":"https:\/\/substanz-schule.de\/cms\/#organization"},"potentialAction":[{"@type":"SearchAction","target":{"@type":"EntryPoint","urlTemplate":"https:\/\/substanz-schule.de\/cms\/?s={search_term_string}"},"query-input":{"@type":"PropertyValueSpecification","valueRequired":true,"valueName":"search_term_string"}}],"inLanguage":"de"},{"@type":"Organization","@id":"https:\/\/substanz-schule.de\/cms\/#organization","name":"Substanz - Schule f\u00fcr modernen Tanz","url":"https:\/\/substanz-schule.de\/cms\/","logo":{"@type":"ImageObject","inLanguage":"de","@id":"https:\/\/substanz-schule.de\/cms\/#\/schema\/logo\/image\/","url":"https:\/\/substanz-schule.de\/cms\/wp-content\/uploads\/2017\/08\/cropped-cropped-substanz_Logoneu.jpg","contentUrl":"https:\/\/substanz-schule.de\/cms\/wp-content\/uploads\/2017\/08\/cropped-cropped-substanz_Logoneu.jpg","width":220,"height":173,"caption":"Substanz - Schule f\u00fcr modernen Tanz"},"image":{"@id":"https:\/\/substanz-schule.de\/cms\/#\/schema\/logo\/image\/"},"sameAs":["https:\/\/de-de.facebook.com\/pages\/Substanz-Schule-f\u00fcr-modernen-Tanz\/157581797588267","https:\/\/www.instagram.com\/substanz_weinheim\/"]}]}},"_links":{"self":[{"href":"https:\/\/substanz-schule.de\/cms\/wp-json\/wp\/v2\/pages\/5028","targetHints":{"allow":["GET"]}}],"collection":[{"href":"https:\/\/substanz-schule.de\/cms\/wp-json\/wp\/v2\/pages"}],"about":[{"href":"https:\/\/substanz-schule.de\/cms\/wp-json\/wp\/v2\/types\/page"}],"author":[{"embeddable":true,"href":"https:\/\/substanz-schule.de\/cms\/wp-json\/wp\/v2\/users\/3"}],"replies":[{"embeddable":true,"href":"https:\/\/substanz-schule.de\/cms\/wp-json\/wp\/v2\/comments?post=5028"}],"version-history":[{"count":15,"href":"https:\/\/substanz-schule.de\/cms\/wp-json\/wp\/v2\/pages\/5028\/revisions"}],"predecessor-version":[{"id":8015,"href":"https:\/\/substanz-schule.de\/cms\/wp-json\/wp\/v2\/pages\/5028\/revisions\/8015"}],"wp:attachment":[{"href":"https:\/\/substanz-schule.de\/cms\/wp-json\/wp\/v2\/media?parent=5028"}],"curies":[{"name":"wp","href":"https:\/\/api.w.org\/{rel}","templated":true}]}}