{"id":7028,"date":"2022-10-31T09:33:44","date_gmt":"2022-10-31T07:33:44","guid":{"rendered":"https:\/\/substanz-schule.de\/cms\/?page_id=7028"},"modified":"2023-11-11T15:18:46","modified_gmt":"2023-11-11T13:18:46","slug":"ballett-floorwork","status":"publish","type":"page","link":"https:\/\/substanz-schule.de\/cms\/ballett-floorwork\/","title":{"rendered":"Ballett-Floorwork (Wochenkurs)"},"content":{"rendered":"<div data-colibri-id=\"7028-c1\" class=\"style-1558 style-local-7028-c1 position-relative\">\r\n  <!---->\r\n  <div data-colibri-component=\"section\" data-colibri-id=\"7028-c2\" id=\"about\" class=\"h-section h-section-global-spacing d-flex align-items-lg-center align-items-md-center align-items-center style-1559 style-local-7028-c2 position-relative\">\r\n    <!---->\r\n    <!---->\r\n    <div class=\"h-section-grid-container h-section-boxed-container\">\r\n      <!---->\r\n      <div data-colibri-id=\"7028-c3\" class=\"h-row-container gutters-row-lg-2 gutters-row-md-2 gutters-row-2 gutters-row-v-lg-2 gutters-row-v-md-2 gutters-row-v-2 style-1560 style-local-7028-c3 position-relative\">\r\n        <!---->\r\n        <div class=\"h-row justify-content-lg-center justify-content-md-center justify-content-center align-items-lg-stretch align-items-md-stretch align-items-stretch gutters-col-lg-2 gutters-col-md-2 gutters-col-2 gutters-col-v-lg-2 gutters-col-v-md-2 gutters-col-v-2\">\r\n          <!---->\r\n          <div class=\"h-column h-column-container d-flex h-col-lg-auto h-col-md-auto h-col-auto style-1561-outer style-local-7028-c4-outer\">\r\n            <div data-colibri-id=\"7028-c4\" class=\"d-flex h-flex-basis h-column__inner h-px-lg-2 h-px-md-2 h-px-2 v-inner-lg-2 v-inner-md-2 v-inner-2 style-1561 style-local-7028-c4 position-relative\">\r\n              <!---->\r\n              <!---->\r\n              <div class=\"w-100 h-y-container h-column__content h-column__v-align flex-basis-100 align-self-lg-center align-self-md-center align-self-center\">\r\n                <!---->\r\n                <div data-colibri-id=\"7028-c5\" class=\"h-global-transition-all h-heading style-1562 style-local-7028-c5 position-relative h-element\">\r\n                  <!---->\r\n                  <div class=\"h-heading__outer style-1562 style-local-7028-c5\">\r\n                    <!---->\r\n                    <!---->\r\n                    <h5 class=\"\">Demn\u00e4chst im Programm <\/h5>\r\n                  <\/div>\r\n                <\/div>\r\n                <div data-colibri-id=\"7028-c6\" class=\"h-global-transition-all h-heading style-1563 style-local-7028-c6 position-relative h-element\">\r\n                  <!---->\r\n                  <div class=\"h-heading__outer style-1563 style-local-7028-c6\">\r\n                    <!---->\r\n                    <!---->\r\n                    <h2 class=\"\"> <em style=\"color: rgb(247, 144, 7); font-family: &quot;Playfair Display&quot;;\">Ballett-Floorwork<\/em>&nbsp; <\/h2>\r\n                  <\/div>\r\n                <\/div>\r\n                <div data-colibri-id=\"7028-c7\" class=\"h-text h-text-component style-1564 style-local-7028-c7 position-relative h-element\">\r\n                  <!---->\r\n                  <!---->\r\n                  <div class=\"\">\r\n                    <p>Dieser Wochenkurs ist besonders gut geeignet um seine K\u00f6rpermitte zu finden und seine K\u00f6rperspannung aufzubauen bzw. zu verbessern.<\/p>\r\n                    <p>Es wird ausschlie\u00dflich am Boden gearbeitet, ohne Belastung f\u00fcr die Fu\u00dfgelenke. Geeignet sowohl f\u00fcr Fortgeschrittene als auch f\u00fcr absolute Anf\u00e4nger ohne Vorkenntnisse.<\/p>\r\n                    <p>Termin-Start:<\/p>\r\n                    <p>wird noch bekannt gegeben<\/p>\r\n                    <p>\r\n                      <br>\r\n                    <\/p>\r\n                    <p>\r\n                      <br>\r\n                    <\/p>\r\n                    <p>&nbsp;<\/p>\r\n                  <\/div>\r\n                <\/div>\r\n              <\/div>\r\n            <\/div>\r\n          <\/div>\r\n          <div class=\"h-column h-column-container d-flex h-col-lg-auto h-col-md-auto h-col-auto style-1567-outer style-local-7028-c10-outer\">\r\n            <div data-colibri-id=\"7028-c10\" class=\"d-flex h-flex-basis h-column__inner h-px-lg-2 h-px-md-2 h-px-2 v-inner-lg-2 v-inner-md-2 v-inner-2 style-1567 style-local-7028-c10 position-relative\">\r\n              <!---->\r\n              <!---->\r\n              <div class=\"w-100 h-y-container h-column__content h-column__v-align flex-basis-100 align-self-lg-center align-self-md-center align-self-center\">\r\n                <!---->\r\n                <div data-colibri-id=\"7028-c11\" class=\"d-block style-1568 style-local-7028-c11 position-relative h-element\">\r\n                  <!---->\r\n                  <div class=\"h-image__frame-container-outer\">\r\n                    <div class=\"h-image__frame-container\">\r\n                      <!---->\r\n                      <!---->\r\n                      <img loading=\"lazy\" decoding=\"async\" width=\"4416\" height=\"1575\" src=\"https:\/\/substanz-schule.de\/cms\/wp-content\/uploads\/2015\/01\/Samira.jpg\" class=\"wp-image-1213 style-1568-image style-local-7028-c11-image\" alt=\"\" srcset=\"https:\/\/substanz-schule.de\/cms\/wp-content\/uploads\/2015\/01\/Samira.jpg 4416w, https:\/\/substanz-schule.de\/cms\/wp-content\/uploads\/2015\/01\/Samira-300x107.jpg 300w, https:\/\/substanz-schule.de\/cms\/wp-content\/uploads\/2015\/01\/Samira-768x274.jpg 768w, https:\/\/substanz-schule.de\/cms\/wp-content\/uploads\/2015\/01\/Samira-1024x365.jpg 1024w\" sizes=\"auto, (max-width: 4416px) 100vw, 4416px\" \/>\r\n                      <div class=\"h-image__frame h-hide-sm style-1568-frameImage style-local-7028-c11-frameImage\"><\/div>\r\n                    <\/div>\r\n                  <\/div>\r\n                <\/div>\r\n              <\/div>\r\n            <\/div>\r\n          <\/div>\r\n        <\/div>\r\n      <\/div>\r\n    <\/div>\r\n  <\/div>\r\n<\/div>","protected":false},"excerpt":{"rendered":"<p>Demn\u00e4chst im Programm Ballett-Floorwork&nbsp; Dieser Wochenkurs ist besonders gut geeignet um seine K\u00f6rpermitte zu finden und seine K\u00f6rperspannung aufzubauen bzw. zu verbessern. Es wird ausschlie\u00dflich am Boden gearbeitet, ohne Belastung f\u00fcr die Fu\u00dfgelenke. Geeignet sowohl f\u00fcr Fortgeschrittene als auch f\u00fcr absolute Anf\u00e4nger ohne Vorkenntnisse. Termin-Start: wird noch bekannt gegeben &nbsp;<\/p>\n","protected":false},"author":3,"featured_media":0,"parent":0,"menu_order":0,"comment_status":"closed","ping_status":"closed","template":"page-templates\/full-width-page.php","meta":{"footnotes":""},"class_list":["post-7028","page","type-page","status-publish","hentry"],"yoast_head":"<!-- This site is optimized with the Yoast SEO plugin v27.4 - https:\/\/yoast.com\/product\/yoast-seo-wordpress\/ -->\n<title>Ballett-Floorwork (Wochenkurs) - Substanz-Weinheim\u00b4s moderne Ballettschule<\/title>\n<meta name=\"description\" content=\"pilates, contemporary, tanzstudio, tanzen f\u00fcr kinder, Ballett Kinder, ballett Erwachsene, ballett Weinheim, ballett rhein-neckar, ballettschule, Jazz Dance, modern dance, tanzschule, tanzen, beste Tanzschule, Kinderballett, hemsbach, weinheim, sulzbach, ballett, kinderballett,, Hip-Hop in Weinheim, kindertanz, rhein-neckar, online-unterricht, online, bergstrasse, stadthalle weinheim, Heidelberg, Mannheim, Viernheim, floor-barre, pr\u00e4senz und online, tanzen macht gl\u00fccklich, ballett f\u00fcr Kindergarten, pilates online, tanzen online, tanzen in weinheim, tango in weinheim, tango argentino,Tango Argentino Weinheim, tango, tango lernen, tango argentino lernen, Tango Anf\u00e4ngerkurs, tango argentino anf\u00e4ngerkurs, tango Mannheim, Tango argentino Mannheim, tango argentino heidelberg, tango argentino Worms, tango argentino Odenwald, Tango argentino Bensheim, tango argentino Heppenheim, tango Argentino Speyer, Tango argentino Rhein-Neckar, ballet, Paartanz, Tango Argentino Darmstadt, Tango Argentino Birkenau, Tango rhein-neckar , tango odenwald, Tango Hessen\" \/>\n<meta name=\"robots\" content=\"index, follow, max-snippet:-1, max-image-preview:large, max-video-preview:-1\" \/>\n<link rel=\"canonical\" href=\"https:\/\/substanz-schule.de\/cms\/ballett-floorwork\/\" \/>\n<meta property=\"og:locale\" content=\"de_DE\" \/>\n<meta property=\"og:type\" content=\"article\" \/>\n<meta property=\"og:title\" content=\"Ballett-Floorwork (Wochenkurs) - Substanz-Weinheim\u00b4s moderne Ballettschule\" \/>\n<meta property=\"og:description\" content=\"pilates, contemporary, tanzstudio, tanzen f\u00fcr kinder, Ballett Kinder, ballett Erwachsene, ballett Weinheim, ballett rhein-neckar, ballettschule, Jazz Dance, modern dance, tanzschule, tanzen, beste Tanzschule, Kinderballett, hemsbach, weinheim, sulzbach, ballett, kinderballett,, Hip-Hop in Weinheim, kindertanz, rhein-neckar, online-unterricht, online, bergstrasse, stadthalle weinheim, Heidelberg, Mannheim, Viernheim, floor-barre, pr\u00e4senz und online, tanzen macht gl\u00fccklich, ballett f\u00fcr Kindergarten, pilates online, tanzen online, tanzen in weinheim, tango in weinheim, tango argentino,Tango Argentino Weinheim, tango, tango lernen, tango argentino lernen, Tango Anf\u00e4ngerkurs, tango argentino anf\u00e4ngerkurs, tango Mannheim, Tango argentino Mannheim, tango argentino heidelberg, tango argentino Worms, tango argentino Odenwald, Tango argentino Bensheim, tango argentino Heppenheim, tango Argentino Speyer, Tango argentino Rhein-Neckar, ballet, Paartanz, Tango Argentino Darmstadt, Tango Argentino Birkenau, Tango rhein-neckar , tango odenwald, Tango Hessen\" \/>\n<meta property=\"og:url\" content=\"https:\/\/substanz-schule.de\/cms\/ballett-floorwork\/\" \/>\n<meta property=\"og:site_name\" content=\"Substanz-Weinheim\u00b4s moderne Ballettschule\" \/>\n<meta property=\"article:publisher\" content=\"https:\/\/de-de.facebook.com\/pages\/Substanz-Schule-f%c3%bcr-modernen-Tanz\/157581797588267\" \/>\n<meta property=\"article:modified_time\" content=\"2023-11-11T13:18:46+00:00\" \/>\n<meta property=\"og:image\" content=\"https:\/\/substanz-schule.de\/cms\/wp-content\/uploads\/2015\/01\/Samira.jpg\" \/>\n<meta name=\"twitter:label1\" content=\"Gesch\u00e4tzte Lesezeit\" \/>\n\t<meta name=\"twitter:data1\" content=\"1\u00a0Minute\" \/>\n<script type=\"application\/ld+json\" class=\"yoast-schema-graph\">{\"@context\":\"https:\\\/\\\/schema.org\",\"@graph\":[{\"@type\":\"WebPage\",\"@id\":\"https:\\\/\\\/substanz-schule.de\\\/cms\\\/ballett-floorwork\\\/\",\"url\":\"https:\\\/\\\/substanz-schule.de\\\/cms\\\/ballett-floorwork\\\/\",\"name\":\"Ballett-Floorwork (Wochenkurs) - Substanz-Weinheim\u00b4s moderne Ballettschule\",\"isPartOf\":{\"@id\":\"https:\\\/\\\/substanz-schule.de\\\/cms\\\/#website\"},\"primaryImageOfPage\":{\"@id\":\"https:\\\/\\\/substanz-schule.de\\\/cms\\\/ballett-floorwork\\\/#primaryimage\"},\"image\":{\"@id\":\"https:\\\/\\\/substanz-schule.de\\\/cms\\\/ballett-floorwork\\\/#primaryimage\"},\"thumbnailUrl\":\"https:\\\/\\\/substanz-schule.de\\\/cms\\\/wp-content\\\/uploads\\\/2015\\\/01\\\/Samira.jpg\",\"datePublished\":\"2022-10-31T07:33:44+00:00\",\"dateModified\":\"2023-11-11T13:18:46+00:00\",\"description\":\"pilates, contemporary, tanzstudio, tanzen f\u00fcr kinder, Ballett Kinder, ballett Erwachsene, ballett Weinheim, ballett rhein-neckar, ballettschule, Jazz Dance, modern dance, tanzschule, tanzen, beste Tanzschule, Kinderballett, hemsbach, weinheim, sulzbach, ballett, kinderballett,, Hip-Hop in Weinheim, kindertanz, rhein-neckar, online-unterricht, online, bergstrasse, stadthalle weinheim, Heidelberg, Mannheim, Viernheim, floor-barre, pr\u00e4senz und online, tanzen macht gl\u00fccklich, ballett f\u00fcr Kindergarten, pilates online, tanzen online, tanzen in weinheim, tango in weinheim, tango argentino,Tango Argentino Weinheim, tango, tango lernen, tango argentino lernen, Tango Anf\u00e4ngerkurs, tango argentino anf\u00e4ngerkurs, tango Mannheim, Tango argentino Mannheim, tango argentino heidelberg, tango argentino Worms, tango argentino Odenwald, Tango argentino Bensheim, tango argentino Heppenheim, tango Argentino Speyer, Tango argentino Rhein-Neckar, ballet, Paartanz, Tango Argentino Darmstadt, Tango Argentino Birkenau, Tango rhein-neckar , tango odenwald, Tango Hessen\",\"breadcrumb\":{\"@id\":\"https:\\\/\\\/substanz-schule.de\\\/cms\\\/ballett-floorwork\\\/#breadcrumb\"},\"inLanguage\":\"de\",\"potentialAction\":[{\"@type\":\"ReadAction\",\"target\":[\"https:\\\/\\\/substanz-schule.de\\\/cms\\\/ballett-floorwork\\\/\"]}]},{\"@type\":\"ImageObject\",\"inLanguage\":\"de\",\"@id\":\"https:\\\/\\\/substanz-schule.de\\\/cms\\\/ballett-floorwork\\\/#primaryimage\",\"url\":\"https:\\\/\\\/substanz-schule.de\\\/cms\\\/wp-content\\\/uploads\\\/2015\\\/01\\\/Samira.jpg\",\"contentUrl\":\"https:\\\/\\\/substanz-schule.de\\\/cms\\\/wp-content\\\/uploads\\\/2015\\\/01\\\/Samira.jpg\",\"width\":4416,\"height\":1575},{\"@type\":\"BreadcrumbList\",\"@id\":\"https:\\\/\\\/substanz-schule.de\\\/cms\\\/ballett-floorwork\\\/#breadcrumb\",\"itemListElement\":[{\"@type\":\"ListItem\",\"position\":1,\"name\":\"Home\",\"item\":\"https:\\\/\\\/substanz-schule.de\\\/cms\\\/\"},{\"@type\":\"ListItem\",\"position\":2,\"name\":\"Ballett-Floorwork (Wochenkurs)\"}]},{\"@type\":\"WebSite\",\"@id\":\"https:\\\/\\\/substanz-schule.de\\\/cms\\\/#website\",\"url\":\"https:\\\/\\\/substanz-schule.de\\\/cms\\\/\",\"name\":\"Substanz-Weinheim\u00b4s moderne Ballettschule\",\"description\":\"- seit 1997 -\",\"publisher\":{\"@id\":\"https:\\\/\\\/substanz-schule.de\\\/cms\\\/#organization\"},\"potentialAction\":[{\"@type\":\"SearchAction\",\"target\":{\"@type\":\"EntryPoint\",\"urlTemplate\":\"https:\\\/\\\/substanz-schule.de\\\/cms\\\/?s={search_term_string}\"},\"query-input\":{\"@type\":\"PropertyValueSpecification\",\"valueRequired\":true,\"valueName\":\"search_term_string\"}}],\"inLanguage\":\"de\"},{\"@type\":\"Organization\",\"@id\":\"https:\\\/\\\/substanz-schule.de\\\/cms\\\/#organization\",\"name\":\"Substanz - Schule f\u00fcr modernen Tanz\",\"url\":\"https:\\\/\\\/substanz-schule.de\\\/cms\\\/\",\"logo\":{\"@type\":\"ImageObject\",\"inLanguage\":\"de\",\"@id\":\"https:\\\/\\\/substanz-schule.de\\\/cms\\\/#\\\/schema\\\/logo\\\/image\\\/\",\"url\":\"https:\\\/\\\/substanz-schule.de\\\/cms\\\/wp-content\\\/uploads\\\/2017\\\/08\\\/cropped-cropped-substanz_Logoneu.jpg\",\"contentUrl\":\"https:\\\/\\\/substanz-schule.de\\\/cms\\\/wp-content\\\/uploads\\\/2017\\\/08\\\/cropped-cropped-substanz_Logoneu.jpg\",\"width\":220,\"height\":173,\"caption\":\"Substanz - Schule f\u00fcr modernen Tanz\"},\"image\":{\"@id\":\"https:\\\/\\\/substanz-schule.de\\\/cms\\\/#\\\/schema\\\/logo\\\/image\\\/\"},\"sameAs\":[\"https:\\\/\\\/de-de.facebook.com\\\/pages\\\/Substanz-Schule-f\u00fcr-modernen-Tanz\\\/157581797588267\",\"https:\\\/\\\/www.instagram.com\\\/substanz_weinheim\\\/\"]}]}<\/script>\n<!-- \/ Yoast SEO plugin. -->","yoast_head_json":{"title":"Ballett-Floorwork (Wochenkurs) - Substanz-Weinheim\u00b4s moderne Ballettschule","description":"pilates, contemporary, tanzstudio, tanzen f\u00fcr kinder, Ballett Kinder, ballett Erwachsene, ballett Weinheim, ballett rhein-neckar, ballettschule, Jazz Dance, modern dance, tanzschule, tanzen, beste Tanzschule, Kinderballett, hemsbach, weinheim, sulzbach, ballett, kinderballett,, Hip-Hop in Weinheim, kindertanz, rhein-neckar, online-unterricht, online, bergstrasse, stadthalle weinheim, Heidelberg, Mannheim, Viernheim, floor-barre, pr\u00e4senz und online, tanzen macht gl\u00fccklich, ballett f\u00fcr Kindergarten, pilates online, tanzen online, tanzen in weinheim, tango in weinheim, tango argentino,Tango Argentino Weinheim, tango, tango lernen, tango argentino lernen, Tango Anf\u00e4ngerkurs, tango argentino anf\u00e4ngerkurs, tango Mannheim, Tango argentino Mannheim, tango argentino heidelberg, tango argentino Worms, tango argentino Odenwald, Tango argentino Bensheim, tango argentino Heppenheim, tango Argentino Speyer, Tango argentino Rhein-Neckar, ballet, Paartanz, Tango Argentino Darmstadt, Tango Argentino Birkenau, Tango rhein-neckar , tango odenwald, Tango Hessen","robots":{"index":"index","follow":"follow","max-snippet":"max-snippet:-1","max-image-preview":"max-image-preview:large","max-video-preview":"max-video-preview:-1"},"canonical":"https:\/\/substanz-schule.de\/cms\/ballett-floorwork\/","og_locale":"de_DE","og_type":"article","og_title":"Ballett-Floorwork (Wochenkurs) - Substanz-Weinheim\u00b4s moderne Ballettschule","og_description":"pilates, contemporary, tanzstudio, tanzen f\u00fcr kinder, Ballett Kinder, ballett Erwachsene, ballett Weinheim, ballett rhein-neckar, ballettschule, Jazz Dance, modern dance, tanzschule, tanzen, beste Tanzschule, Kinderballett, hemsbach, weinheim, sulzbach, ballett, kinderballett,, Hip-Hop in Weinheim, kindertanz, rhein-neckar, online-unterricht, online, bergstrasse, stadthalle weinheim, Heidelberg, Mannheim, Viernheim, floor-barre, pr\u00e4senz und online, tanzen macht gl\u00fccklich, ballett f\u00fcr Kindergarten, pilates online, tanzen online, tanzen in weinheim, tango in weinheim, tango argentino,Tango Argentino Weinheim, tango, tango lernen, tango argentino lernen, Tango Anf\u00e4ngerkurs, tango argentino anf\u00e4ngerkurs, tango Mannheim, Tango argentino Mannheim, tango argentino heidelberg, tango argentino Worms, tango argentino Odenwald, Tango argentino Bensheim, tango argentino Heppenheim, tango Argentino Speyer, Tango argentino Rhein-Neckar, ballet, Paartanz, Tango Argentino Darmstadt, Tango Argentino Birkenau, Tango rhein-neckar , tango odenwald, Tango Hessen","og_url":"https:\/\/substanz-schule.de\/cms\/ballett-floorwork\/","og_site_name":"Substanz-Weinheim\u00b4s moderne Ballettschule","article_publisher":"https:\/\/de-de.facebook.com\/pages\/Substanz-Schule-f%c3%bcr-modernen-Tanz\/157581797588267","article_modified_time":"2023-11-11T13:18:46+00:00","og_image":[{"url":"https:\/\/substanz-schule.de\/cms\/wp-content\/uploads\/2015\/01\/Samira.jpg","type":"","width":"","height":""}],"twitter_misc":{"Gesch\u00e4tzte Lesezeit":"1\u00a0Minute"},"schema":{"@context":"https:\/\/schema.org","@graph":[{"@type":"WebPage","@id":"https:\/\/substanz-schule.de\/cms\/ballett-floorwork\/","url":"https:\/\/substanz-schule.de\/cms\/ballett-floorwork\/","name":"Ballett-Floorwork (Wochenkurs) - Substanz-Weinheim\u00b4s moderne Ballettschule","isPartOf":{"@id":"https:\/\/substanz-schule.de\/cms\/#website"},"primaryImageOfPage":{"@id":"https:\/\/substanz-schule.de\/cms\/ballett-floorwork\/#primaryimage"},"image":{"@id":"https:\/\/substanz-schule.de\/cms\/ballett-floorwork\/#primaryimage"},"thumbnailUrl":"https:\/\/substanz-schule.de\/cms\/wp-content\/uploads\/2015\/01\/Samira.jpg","datePublished":"2022-10-31T07:33:44+00:00","dateModified":"2023-11-11T13:18:46+00:00","description":"pilates, contemporary, tanzstudio, tanzen f\u00fcr kinder, Ballett Kinder, ballett Erwachsene, ballett Weinheim, ballett rhein-neckar, ballettschule, Jazz Dance, modern dance, tanzschule, tanzen, beste Tanzschule, Kinderballett, hemsbach, weinheim, sulzbach, ballett, kinderballett,, Hip-Hop in Weinheim, kindertanz, rhein-neckar, online-unterricht, online, bergstrasse, stadthalle weinheim, Heidelberg, Mannheim, Viernheim, floor-barre, pr\u00e4senz und online, tanzen macht gl\u00fccklich, ballett f\u00fcr Kindergarten, pilates online, tanzen online, tanzen in weinheim, tango in weinheim, tango argentino,Tango Argentino Weinheim, tango, tango lernen, tango argentino lernen, Tango Anf\u00e4ngerkurs, tango argentino anf\u00e4ngerkurs, tango Mannheim, Tango argentino Mannheim, tango argentino heidelberg, tango argentino Worms, tango argentino Odenwald, Tango argentino Bensheim, tango argentino Heppenheim, tango Argentino Speyer, Tango argentino Rhein-Neckar, ballet, Paartanz, Tango Argentino Darmstadt, Tango Argentino Birkenau, Tango rhein-neckar , tango odenwald, Tango Hessen","breadcrumb":{"@id":"https:\/\/substanz-schule.de\/cms\/ballett-floorwork\/#breadcrumb"},"inLanguage":"de","potentialAction":[{"@type":"ReadAction","target":["https:\/\/substanz-schule.de\/cms\/ballett-floorwork\/"]}]},{"@type":"ImageObject","inLanguage":"de","@id":"https:\/\/substanz-schule.de\/cms\/ballett-floorwork\/#primaryimage","url":"https:\/\/substanz-schule.de\/cms\/wp-content\/uploads\/2015\/01\/Samira.jpg","contentUrl":"https:\/\/substanz-schule.de\/cms\/wp-content\/uploads\/2015\/01\/Samira.jpg","width":4416,"height":1575},{"@type":"BreadcrumbList","@id":"https:\/\/substanz-schule.de\/cms\/ballett-floorwork\/#breadcrumb","itemListElement":[{"@type":"ListItem","position":1,"name":"Home","item":"https:\/\/substanz-schule.de\/cms\/"},{"@type":"ListItem","position":2,"name":"Ballett-Floorwork (Wochenkurs)"}]},{"@type":"WebSite","@id":"https:\/\/substanz-schule.de\/cms\/#website","url":"https:\/\/substanz-schule.de\/cms\/","name":"Substanz-Weinheim\u00b4s moderne Ballettschule","description":"- seit 1997 -","publisher":{"@id":"https:\/\/substanz-schule.de\/cms\/#organization"},"potentialAction":[{"@type":"SearchAction","target":{"@type":"EntryPoint","urlTemplate":"https:\/\/substanz-schule.de\/cms\/?s={search_term_string}"},"query-input":{"@type":"PropertyValueSpecification","valueRequired":true,"valueName":"search_term_string"}}],"inLanguage":"de"},{"@type":"Organization","@id":"https:\/\/substanz-schule.de\/cms\/#organization","name":"Substanz - Schule f\u00fcr modernen Tanz","url":"https:\/\/substanz-schule.de\/cms\/","logo":{"@type":"ImageObject","inLanguage":"de","@id":"https:\/\/substanz-schule.de\/cms\/#\/schema\/logo\/image\/","url":"https:\/\/substanz-schule.de\/cms\/wp-content\/uploads\/2017\/08\/cropped-cropped-substanz_Logoneu.jpg","contentUrl":"https:\/\/substanz-schule.de\/cms\/wp-content\/uploads\/2017\/08\/cropped-cropped-substanz_Logoneu.jpg","width":220,"height":173,"caption":"Substanz - Schule f\u00fcr modernen Tanz"},"image":{"@id":"https:\/\/substanz-schule.de\/cms\/#\/schema\/logo\/image\/"},"sameAs":["https:\/\/de-de.facebook.com\/pages\/Substanz-Schule-f\u00fcr-modernen-Tanz\/157581797588267","https:\/\/www.instagram.com\/substanz_weinheim\/"]}]}},"_links":{"self":[{"href":"https:\/\/substanz-schule.de\/cms\/wp-json\/wp\/v2\/pages\/7028","targetHints":{"allow":["GET"]}}],"collection":[{"href":"https:\/\/substanz-schule.de\/cms\/wp-json\/wp\/v2\/pages"}],"about":[{"href":"https:\/\/substanz-schule.de\/cms\/wp-json\/wp\/v2\/types\/page"}],"author":[{"embeddable":true,"href":"https:\/\/substanz-schule.de\/cms\/wp-json\/wp\/v2\/users\/3"}],"replies":[{"embeddable":true,"href":"https:\/\/substanz-schule.de\/cms\/wp-json\/wp\/v2\/comments?post=7028"}],"version-history":[{"count":12,"href":"https:\/\/substanz-schule.de\/cms\/wp-json\/wp\/v2\/pages\/7028\/revisions"}],"predecessor-version":[{"id":7691,"href":"https:\/\/substanz-schule.de\/cms\/wp-json\/wp\/v2\/pages\/7028\/revisions\/7691"}],"wp:attachment":[{"href":"https:\/\/substanz-schule.de\/cms\/wp-json\/wp\/v2\/media?parent=7028"}],"curies":[{"name":"wp","href":"https:\/\/api.w.org\/{rel}","templated":true}]}}