{"id":801,"date":"2016-03-13T22:09:21","date_gmt":"2016-03-13T20:09:21","guid":{"rendered":"http:\/\/substanz-schule.de\/cms\/?page_id=801"},"modified":"2022-09-15T09:28:45","modified_gmt":"2022-09-15T07:28:45","slug":"anmeldung-workshop-wochenkurse","status":"publish","type":"page","link":"https:\/\/substanz-schule.de\/cms\/anmeldung-workshop-wochenkurse\/","title":{"rendered":"Anmeldung Workshop und Wochenkurse"},"content":{"rendered":"<p>Hiermit melde ich mich bei Substanz-Schule f\u00fcr modernen Tanz&#8220; zum unten genannten Kurs verbindlich an:<\/p>\n<ol>\n<li>Die Kosten sind f\u00fcr Substanz\u00b4ler sp\u00e4testens am ersten Unterrichtstag vor Beginn zu entrichten. G\u00e4ste \u00fcberweisen vorab, nachdem best\u00e4tigt wurde, dass der Kurs stattfindet.<\/li>\n<li>Da es sich um feste Gruppen handelt besteht f\u00fcr den Teilnehmer bei vers\u00e4umten Stunden und im kurzfristigen Krankheitsfall kein Anspruch auf Ersatzstunden oder Erstattung der Kosten.<\/li>\n<li>Der Unterricht ist nicht an eine bestimmte Lehrkraft gebunden. Sollte der Unterricht\u00a0 ausfallen, werden die Kosten erstattet.<\/li>\n<li>Dieser Kurs findet\u00a0 im Pr\u00e4senzkurs statt, sofern dies m\u00f6glich ist, ansonsten wird der Unterricht via Zoom online unterrichtet.<\/li>\n<\/ol>\n<p class=\"wpcf7-contact-form-not-found\"><strong>Fehler:<\/strong> Kontaktformular wurde nicht gefunden.<\/p>\n","protected":false},"excerpt":{"rendered":"<p>Hiermit melde ich mich bei Substanz-Schule f\u00fcr modernen Tanz&#8220; zum unten genannten Kurs verbindlich an: Die Kosten sind f\u00fcr Substanz\u00b4ler sp\u00e4testens am ersten Unterrichtstag vor Beginn zu entrichten. G\u00e4ste \u00fcberweisen vorab, nachdem best\u00e4tigt wurde, dass der Kurs stattfindet. Da es sich um feste Gruppen handelt besteht f\u00fcr den Teilnehmer bei vers\u00e4umten Stunden und im kurzfristigen [&hellip;]<\/p>\n","protected":false},"author":3,"featured_media":0,"parent":0,"menu_order":0,"comment_status":"closed","ping_status":"closed","template":"","meta":{"footnotes":""},"class_list":["post-801","page","type-page","status-publish","hentry"],"yoast_head":"<!-- This site is optimized with the Yoast SEO plugin v27.4 - https:\/\/yoast.com\/product\/yoast-seo-wordpress\/ -->\n<title>Anmeldung Workshop und Wochenkurse - Substanz-Weinheim\u00b4s moderne Ballettschule<\/title>\n<meta name=\"description\" content=\"modern dance, jazzdance, jazz-Dance, ballettschule, tanzschule, tanzen, hemsbach, weinheim, sulzbach, ballett, kinderballett, modern, dance, classic, pilates, jazz, iwanson, lippick, bergstrasse, jazzdance, stadthalle weinheim, Heidelberg, Mannheim, Viernheim\" \/>\n<meta name=\"robots\" content=\"index, follow, max-snippet:-1, max-image-preview:large, max-video-preview:-1\" \/>\n<link rel=\"canonical\" href=\"https:\/\/substanz-schule.de\/cms\/anmeldung-workshop-wochenkurse\/\" \/>\n<meta property=\"og:locale\" content=\"de_DE\" \/>\n<meta property=\"og:type\" content=\"article\" \/>\n<meta property=\"og:title\" content=\"Anmeldung Workshop und Wochenkurse - Substanz-Weinheim\u00b4s moderne Ballettschule\" \/>\n<meta property=\"og:description\" content=\"modern dance, jazzdance, jazz-Dance, ballettschule, tanzschule, tanzen, hemsbach, weinheim, sulzbach, ballett, kinderballett, modern, dance, classic, pilates, jazz, iwanson, lippick, bergstrasse, jazzdance, stadthalle weinheim, Heidelberg, Mannheim, Viernheim\" \/>\n<meta property=\"og:url\" content=\"https:\/\/substanz-schule.de\/cms\/anmeldung-workshop-wochenkurse\/\" \/>\n<meta property=\"og:site_name\" content=\"Substanz-Weinheim\u00b4s moderne Ballettschule\" \/>\n<meta property=\"article:publisher\" content=\"https:\/\/de-de.facebook.com\/pages\/Substanz-Schule-f%c3%bcr-modernen-Tanz\/157581797588267\" \/>\n<meta property=\"article:modified_time\" content=\"2022-09-15T07:28:45+00:00\" \/>\n<meta property=\"og:image\" content=\"https:\/\/substanz-schule.de\/cms\/wp-content\/uploads\/2015\/01\/substanz_logo_klein.jpg\" \/>\n\t<meta property=\"og:image:width\" content=\"224\" \/>\n\t<meta property=\"og:image:height\" content=\"192\" \/>\n\t<meta property=\"og:image:type\" content=\"image\/jpeg\" \/>\n<meta name=\"twitter:label1\" content=\"Gesch\u00e4tzte Lesezeit\" \/>\n\t<meta name=\"twitter:data1\" content=\"1\u00a0Minute\" \/>\n<script type=\"application\/ld+json\" class=\"yoast-schema-graph\">{\"@context\":\"https:\\\/\\\/schema.org\",\"@graph\":[{\"@type\":\"WebPage\",\"@id\":\"https:\\\/\\\/substanz-schule.de\\\/cms\\\/anmeldung-workshop-wochenkurse\\\/\",\"url\":\"https:\\\/\\\/substanz-schule.de\\\/cms\\\/anmeldung-workshop-wochenkurse\\\/\",\"name\":\"Anmeldung Workshop und Wochenkurse - Substanz-Weinheim\u00b4s moderne Ballettschule\",\"isPartOf\":{\"@id\":\"https:\\\/\\\/substanz-schule.de\\\/cms\\\/#website\"},\"datePublished\":\"2016-03-13T20:09:21+00:00\",\"dateModified\":\"2022-09-15T07:28:45+00:00\",\"description\":\"modern dance, jazzdance, jazz-Dance, ballettschule, tanzschule, tanzen, hemsbach, weinheim, sulzbach, ballett, kinderballett, modern, dance, classic, pilates, jazz, iwanson, lippick, bergstrasse, jazzdance, stadthalle weinheim, Heidelberg, Mannheim, Viernheim\",\"breadcrumb\":{\"@id\":\"https:\\\/\\\/substanz-schule.de\\\/cms\\\/anmeldung-workshop-wochenkurse\\\/#breadcrumb\"},\"inLanguage\":\"de\",\"potentialAction\":[{\"@type\":\"ReadAction\",\"target\":[\"https:\\\/\\\/substanz-schule.de\\\/cms\\\/anmeldung-workshop-wochenkurse\\\/\"]}]},{\"@type\":\"BreadcrumbList\",\"@id\":\"https:\\\/\\\/substanz-schule.de\\\/cms\\\/anmeldung-workshop-wochenkurse\\\/#breadcrumb\",\"itemListElement\":[{\"@type\":\"ListItem\",\"position\":1,\"name\":\"Home\",\"item\":\"https:\\\/\\\/substanz-schule.de\\\/cms\\\/\"},{\"@type\":\"ListItem\",\"position\":2,\"name\":\"Anmeldung Workshop und Wochenkurse\"}]},{\"@type\":\"WebSite\",\"@id\":\"https:\\\/\\\/substanz-schule.de\\\/cms\\\/#website\",\"url\":\"https:\\\/\\\/substanz-schule.de\\\/cms\\\/\",\"name\":\"Substanz-Weinheim\u00b4s moderne Ballettschule\",\"description\":\"- seit 1997 -\",\"publisher\":{\"@id\":\"https:\\\/\\\/substanz-schule.de\\\/cms\\\/#organization\"},\"potentialAction\":[{\"@type\":\"SearchAction\",\"target\":{\"@type\":\"EntryPoint\",\"urlTemplate\":\"https:\\\/\\\/substanz-schule.de\\\/cms\\\/?s={search_term_string}\"},\"query-input\":{\"@type\":\"PropertyValueSpecification\",\"valueRequired\":true,\"valueName\":\"search_term_string\"}}],\"inLanguage\":\"de\"},{\"@type\":\"Organization\",\"@id\":\"https:\\\/\\\/substanz-schule.de\\\/cms\\\/#organization\",\"name\":\"Substanz - Schule f\u00fcr modernen Tanz\",\"url\":\"https:\\\/\\\/substanz-schule.de\\\/cms\\\/\",\"logo\":{\"@type\":\"ImageObject\",\"inLanguage\":\"de\",\"@id\":\"https:\\\/\\\/substanz-schule.de\\\/cms\\\/#\\\/schema\\\/logo\\\/image\\\/\",\"url\":\"https:\\\/\\\/substanz-schule.de\\\/cms\\\/wp-content\\\/uploads\\\/2017\\\/08\\\/cropped-cropped-substanz_Logoneu.jpg\",\"contentUrl\":\"https:\\\/\\\/substanz-schule.de\\\/cms\\\/wp-content\\\/uploads\\\/2017\\\/08\\\/cropped-cropped-substanz_Logoneu.jpg\",\"width\":220,\"height\":173,\"caption\":\"Substanz - Schule f\u00fcr modernen Tanz\"},\"image\":{\"@id\":\"https:\\\/\\\/substanz-schule.de\\\/cms\\\/#\\\/schema\\\/logo\\\/image\\\/\"},\"sameAs\":[\"https:\\\/\\\/de-de.facebook.com\\\/pages\\\/Substanz-Schule-f\u00fcr-modernen-Tanz\\\/157581797588267\",\"https:\\\/\\\/www.instagram.com\\\/substanz_weinheim\\\/\"]}]}<\/script>\n<!-- \/ Yoast SEO plugin. -->","yoast_head_json":{"title":"Anmeldung Workshop und Wochenkurse - Substanz-Weinheim\u00b4s moderne Ballettschule","description":"modern dance, jazzdance, jazz-Dance, ballettschule, tanzschule, tanzen, hemsbach, weinheim, sulzbach, ballett, kinderballett, modern, dance, classic, pilates, jazz, iwanson, lippick, bergstrasse, jazzdance, stadthalle weinheim, Heidelberg, Mannheim, Viernheim","robots":{"index":"index","follow":"follow","max-snippet":"max-snippet:-1","max-image-preview":"max-image-preview:large","max-video-preview":"max-video-preview:-1"},"canonical":"https:\/\/substanz-schule.de\/cms\/anmeldung-workshop-wochenkurse\/","og_locale":"de_DE","og_type":"article","og_title":"Anmeldung Workshop und Wochenkurse - Substanz-Weinheim\u00b4s moderne Ballettschule","og_description":"modern dance, jazzdance, jazz-Dance, ballettschule, tanzschule, tanzen, hemsbach, weinheim, sulzbach, ballett, kinderballett, modern, dance, classic, pilates, jazz, iwanson, lippick, bergstrasse, jazzdance, stadthalle weinheim, Heidelberg, Mannheim, Viernheim","og_url":"https:\/\/substanz-schule.de\/cms\/anmeldung-workshop-wochenkurse\/","og_site_name":"Substanz-Weinheim\u00b4s moderne Ballettschule","article_publisher":"https:\/\/de-de.facebook.com\/pages\/Substanz-Schule-f%c3%bcr-modernen-Tanz\/157581797588267","article_modified_time":"2022-09-15T07:28:45+00:00","og_image":[{"width":224,"height":192,"url":"https:\/\/substanz-schule.de\/cms\/wp-content\/uploads\/2015\/01\/substanz_logo_klein.jpg","type":"image\/jpeg"}],"twitter_misc":{"Gesch\u00e4tzte Lesezeit":"1\u00a0Minute"},"schema":{"@context":"https:\/\/schema.org","@graph":[{"@type":"WebPage","@id":"https:\/\/substanz-schule.de\/cms\/anmeldung-workshop-wochenkurse\/","url":"https:\/\/substanz-schule.de\/cms\/anmeldung-workshop-wochenkurse\/","name":"Anmeldung Workshop und Wochenkurse - Substanz-Weinheim\u00b4s moderne Ballettschule","isPartOf":{"@id":"https:\/\/substanz-schule.de\/cms\/#website"},"datePublished":"2016-03-13T20:09:21+00:00","dateModified":"2022-09-15T07:28:45+00:00","description":"modern dance, jazzdance, jazz-Dance, ballettschule, tanzschule, tanzen, hemsbach, weinheim, sulzbach, ballett, kinderballett, modern, dance, classic, pilates, jazz, iwanson, lippick, bergstrasse, jazzdance, stadthalle weinheim, Heidelberg, Mannheim, Viernheim","breadcrumb":{"@id":"https:\/\/substanz-schule.de\/cms\/anmeldung-workshop-wochenkurse\/#breadcrumb"},"inLanguage":"de","potentialAction":[{"@type":"ReadAction","target":["https:\/\/substanz-schule.de\/cms\/anmeldung-workshop-wochenkurse\/"]}]},{"@type":"BreadcrumbList","@id":"https:\/\/substanz-schule.de\/cms\/anmeldung-workshop-wochenkurse\/#breadcrumb","itemListElement":[{"@type":"ListItem","position":1,"name":"Home","item":"https:\/\/substanz-schule.de\/cms\/"},{"@type":"ListItem","position":2,"name":"Anmeldung Workshop und Wochenkurse"}]},{"@type":"WebSite","@id":"https:\/\/substanz-schule.de\/cms\/#website","url":"https:\/\/substanz-schule.de\/cms\/","name":"Substanz-Weinheim\u00b4s moderne Ballettschule","description":"- seit 1997 -","publisher":{"@id":"https:\/\/substanz-schule.de\/cms\/#organization"},"potentialAction":[{"@type":"SearchAction","target":{"@type":"EntryPoint","urlTemplate":"https:\/\/substanz-schule.de\/cms\/?s={search_term_string}"},"query-input":{"@type":"PropertyValueSpecification","valueRequired":true,"valueName":"search_term_string"}}],"inLanguage":"de"},{"@type":"Organization","@id":"https:\/\/substanz-schule.de\/cms\/#organization","name":"Substanz - Schule f\u00fcr modernen Tanz","url":"https:\/\/substanz-schule.de\/cms\/","logo":{"@type":"ImageObject","inLanguage":"de","@id":"https:\/\/substanz-schule.de\/cms\/#\/schema\/logo\/image\/","url":"https:\/\/substanz-schule.de\/cms\/wp-content\/uploads\/2017\/08\/cropped-cropped-substanz_Logoneu.jpg","contentUrl":"https:\/\/substanz-schule.de\/cms\/wp-content\/uploads\/2017\/08\/cropped-cropped-substanz_Logoneu.jpg","width":220,"height":173,"caption":"Substanz - Schule f\u00fcr modernen Tanz"},"image":{"@id":"https:\/\/substanz-schule.de\/cms\/#\/schema\/logo\/image\/"},"sameAs":["https:\/\/de-de.facebook.com\/pages\/Substanz-Schule-f\u00fcr-modernen-Tanz\/157581797588267","https:\/\/www.instagram.com\/substanz_weinheim\/"]}]}},"_links":{"self":[{"href":"https:\/\/substanz-schule.de\/cms\/wp-json\/wp\/v2\/pages\/801","targetHints":{"allow":["GET"]}}],"collection":[{"href":"https:\/\/substanz-schule.de\/cms\/wp-json\/wp\/v2\/pages"}],"about":[{"href":"https:\/\/substanz-schule.de\/cms\/wp-json\/wp\/v2\/types\/page"}],"author":[{"embeddable":true,"href":"https:\/\/substanz-schule.de\/cms\/wp-json\/wp\/v2\/users\/3"}],"replies":[{"embeddable":true,"href":"https:\/\/substanz-schule.de\/cms\/wp-json\/wp\/v2\/comments?post=801"}],"version-history":[{"count":10,"href":"https:\/\/substanz-schule.de\/cms\/wp-json\/wp\/v2\/pages\/801\/revisions"}],"predecessor-version":[{"id":6748,"href":"https:\/\/substanz-schule.de\/cms\/wp-json\/wp\/v2\/pages\/801\/revisions\/6748"}],"wp:attachment":[{"href":"https:\/\/substanz-schule.de\/cms\/wp-json\/wp\/v2\/media?parent=801"}],"curies":[{"name":"wp","href":"https:\/\/api.w.org\/{rel}","templated":true}]}}