{"id":89,"date":"2014-08-21T14:07:24","date_gmt":"2014-08-21T12:07:24","guid":{"rendered":"http:\/\/substanz-schule.de\/cms\/?page_id=89"},"modified":"2018-05-16T19:02:30","modified_gmt":"2018-05-16T17:02:30","slug":"impressum","status":"publish","type":"page","link":"https:\/\/substanz-schule.de\/cms\/impressum\/","title":{"rendered":"Impressum"},"content":{"rendered":"<p><span style=\"color: #ff9900;\"><strong>SUBSTANZ &#8211; Schule f\u00fcr modernen Tanz (est. 1997)<a href=\"http:\/\/substanz-schule.de\/cms\/wp-content\/uploads\/2014\/01\/substanz_logo.jpg\"><img loading=\"lazy\" decoding=\"async\" class=\" size-full wp-image-16 alignright\" src=\"http:\/\/substanz-schule.de\/cms\/wp-content\/uploads\/2014\/01\/substanz_logo.jpg\" alt=\"substanz_logo\" width=\"236\" height=\"201\" \/><\/a><br \/>\n<\/strong><\/span><\/p>\n<p><strong>Silvia Kubasch<\/strong><br \/>\nInhaberin &amp; Schulleiterin<\/p>\n<p>Hopfenstra\u00dfe 3,\u00a069469 Weinheim Bergstrasse<\/p>\n<p>Tel.: 06201 &#8211; 499 675\u00a0&#8211; Fax: 06201 &#8211; 472 356<\/p>\n<p>Mail: info (<em>at<\/em>) substanz-schule (<em>Punkt<\/em>) de<\/p>\n<p>Internet: http:\/\/www.substanz-schule.de<\/p>\n<p>Umsatzsteuernummer 47156\/36369<\/p>\n<p><a title=\"Haftungsausschlu\u00df\" href=\"http:\/\/www.disclaimer.de\/disclaimer.htm?farbe=FFFFFF\/000000\/000000\/000000\" target=\"_blank\" rel=\"noopener\">Haftungsausschlu\u00df<\/a><\/p>\n<p><a href=\"http:\/\/substanz-schule.de\/cms\/datenschutzerklaerung\/\">Datenschutzerkl\u00e4rung<\/a><\/p>\n<p><span style=\"color: #ffffff;\">.<\/span><br \/>\n<strong>Information:<\/strong> \u00a0\u00a0 \u00a0Lieber Besucher, per E-Mail bin ich sehr gut f\u00fcr Fragen zu erreichen.<br \/>\nM\u00f6chten Sie lieber anrufen, hinterlassen Sie bitte eine Nachricht auf dem Anrufbeantworter. Ich rufe Sie dann so schnell wie m\u00f6glich zur\u00fcck. Mit herzlichen Gr\u00fc\u00dfen Silvia Kubasch<\/p>\n<p><strong>Webmaster:<\/strong> <a title=\"Kontakt\" href=\"http:\/\/substanz-schule.de\/cms\/?page_id=99\">Bjoern Kubasch<\/a>\u00a0| <a href=\"http:\/\/netsets.de\">netsets.de<\/a><br \/>\n<a href=\"http:\/\/www.netsets.de\" target=\"_blank\" rel=\"noopener\"><img loading=\"lazy\" decoding=\"async\" class=\"size-full wp-image-932 alignleft\" src=\"http:\/\/substanz-schule.de\/cms\/wp-content\/uploads\/2017\/01\/netsets_final_logo_200.png\" alt=\"\" width=\"200\" height=\"66\" \/><\/a><\/p>\n<p><a href=\"http:\/\/substanz-schule.de\/cms\/wp-content\/uploads\/2017\/08\/Unbenannt.png\">\u00a0<\/a><\/p>\n","protected":false},"excerpt":{"rendered":"<p>SUBSTANZ &#8211; Schule f\u00fcr modernen Tanz (est. 1997) Silvia Kubasch Inhaberin &amp; Schulleiterin Hopfenstra\u00dfe 3,\u00a069469 Weinheim Bergstrasse Tel.: 06201 &#8211; 499 675\u00a0&#8211; Fax: 06201 &#8211; 472 356 Mail: info (at) substanz-schule (Punkt) de Internet: http:\/\/www.substanz-schule.de Umsatzsteuernummer 47156\/36369 Haftungsausschlu\u00df Datenschutzerkl\u00e4rung . Information: \u00a0\u00a0 \u00a0Lieber Besucher, per E-Mail bin ich sehr gut f\u00fcr Fragen zu erreichen. M\u00f6chten [&hellip;]<\/p>\n","protected":false},"author":1,"featured_media":0,"parent":0,"menu_order":9,"comment_status":"closed","ping_status":"closed","template":"","meta":{"footnotes":""},"class_list":["post-89","page","type-page","status-publish","hentry"],"yoast_head":"<!-- This site is optimized with the Yoast SEO plugin v27.4 - https:\/\/yoast.com\/product\/yoast-seo-wordpress\/ -->\n<title>Impressum<\/title>\n<meta name=\"description\" content=\"modern dance, jazzdance, jazz-Dance, ballettschule, tanzschule, tanzen, hemsbach, weinheim, sulzbach, ballett, kinderballett, modern, dance, classic, pilates, jazz, iwanson, lippick, bergstrasse, jazzdance, stadthalle weinheim, Heidelberg, Mannheim, Viernheim\" \/>\n<meta name=\"robots\" content=\"index, follow, max-snippet:-1, max-image-preview:large, max-video-preview:-1\" \/>\n<link rel=\"canonical\" href=\"https:\/\/substanz-schule.de\/cms\/impressum\/\" \/>\n<meta property=\"og:locale\" content=\"de_DE\" \/>\n<meta property=\"og:type\" content=\"article\" \/>\n<meta property=\"og:title\" content=\"Impressum\" \/>\n<meta property=\"og:description\" content=\"modern dance, jazzdance, jazz-Dance, ballettschule, tanzschule, tanzen, hemsbach, weinheim, sulzbach, ballett, kinderballett, modern, dance, classic, pilates, jazz, iwanson, lippick, bergstrasse, jazzdance, stadthalle weinheim, Heidelberg, Mannheim, Viernheim\" \/>\n<meta property=\"og:url\" content=\"https:\/\/substanz-schule.de\/cms\/impressum\/\" \/>\n<meta property=\"og:site_name\" content=\"Substanz-Weinheim\u00b4s moderne Ballettschule\" \/>\n<meta property=\"article:publisher\" content=\"https:\/\/de-de.facebook.com\/pages\/Substanz-Schule-f%c3%bcr-modernen-Tanz\/157581797588267\" \/>\n<meta property=\"article:modified_time\" content=\"2018-05-16T17:02:30+00:00\" \/>\n<meta property=\"og:image\" content=\"http:\/\/substanz-schule.de\/cms\/wp-content\/uploads\/2014\/01\/substanz_logo.jpg\" \/>\n<script type=\"application\/ld+json\" class=\"yoast-schema-graph\">{\"@context\":\"https:\\\/\\\/schema.org\",\"@graph\":[{\"@type\":\"WebPage\",\"@id\":\"https:\\\/\\\/substanz-schule.de\\\/cms\\\/impressum\\\/\",\"url\":\"https:\\\/\\\/substanz-schule.de\\\/cms\\\/impressum\\\/\",\"name\":\"Impressum\",\"isPartOf\":{\"@id\":\"https:\\\/\\\/substanz-schule.de\\\/cms\\\/#website\"},\"primaryImageOfPage\":{\"@id\":\"https:\\\/\\\/substanz-schule.de\\\/cms\\\/impressum\\\/#primaryimage\"},\"image\":{\"@id\":\"https:\\\/\\\/substanz-schule.de\\\/cms\\\/impressum\\\/#primaryimage\"},\"thumbnailUrl\":\"http:\\\/\\\/substanz-schule.de\\\/cms\\\/wp-content\\\/uploads\\\/2014\\\/01\\\/substanz_logo.jpg\",\"datePublished\":\"2014-08-21T12:07:24+00:00\",\"dateModified\":\"2018-05-16T17:02:30+00:00\",\"description\":\"modern dance, jazzdance, jazz-Dance, ballettschule, tanzschule, tanzen, hemsbach, weinheim, sulzbach, ballett, kinderballett, modern, dance, classic, pilates, jazz, iwanson, lippick, bergstrasse, jazzdance, stadthalle weinheim, Heidelberg, Mannheim, Viernheim\",\"breadcrumb\":{\"@id\":\"https:\\\/\\\/substanz-schule.de\\\/cms\\\/impressum\\\/#breadcrumb\"},\"inLanguage\":\"de\",\"potentialAction\":[{\"@type\":\"ReadAction\",\"target\":[\"https:\\\/\\\/substanz-schule.de\\\/cms\\\/impressum\\\/\"]}]},{\"@type\":\"ImageObject\",\"inLanguage\":\"de\",\"@id\":\"https:\\\/\\\/substanz-schule.de\\\/cms\\\/impressum\\\/#primaryimage\",\"url\":\"http:\\\/\\\/substanz-schule.de\\\/cms\\\/wp-content\\\/uploads\\\/2014\\\/01\\\/substanz_logo.jpg\",\"contentUrl\":\"http:\\\/\\\/substanz-schule.de\\\/cms\\\/wp-content\\\/uploads\\\/2014\\\/01\\\/substanz_logo.jpg\"},{\"@type\":\"BreadcrumbList\",\"@id\":\"https:\\\/\\\/substanz-schule.de\\\/cms\\\/impressum\\\/#breadcrumb\",\"itemListElement\":[{\"@type\":\"ListItem\",\"position\":1,\"name\":\"Home\",\"item\":\"https:\\\/\\\/substanz-schule.de\\\/cms\\\/\"},{\"@type\":\"ListItem\",\"position\":2,\"name\":\"Impressum\"}]},{\"@type\":\"WebSite\",\"@id\":\"https:\\\/\\\/substanz-schule.de\\\/cms\\\/#website\",\"url\":\"https:\\\/\\\/substanz-schule.de\\\/cms\\\/\",\"name\":\"Substanz-Weinheim\u00b4s moderne Ballettschule\",\"description\":\"- seit 1997 -\",\"publisher\":{\"@id\":\"https:\\\/\\\/substanz-schule.de\\\/cms\\\/#organization\"},\"potentialAction\":[{\"@type\":\"SearchAction\",\"target\":{\"@type\":\"EntryPoint\",\"urlTemplate\":\"https:\\\/\\\/substanz-schule.de\\\/cms\\\/?s={search_term_string}\"},\"query-input\":{\"@type\":\"PropertyValueSpecification\",\"valueRequired\":true,\"valueName\":\"search_term_string\"}}],\"inLanguage\":\"de\"},{\"@type\":\"Organization\",\"@id\":\"https:\\\/\\\/substanz-schule.de\\\/cms\\\/#organization\",\"name\":\"Substanz - Schule f\u00fcr modernen Tanz\",\"url\":\"https:\\\/\\\/substanz-schule.de\\\/cms\\\/\",\"logo\":{\"@type\":\"ImageObject\",\"inLanguage\":\"de\",\"@id\":\"https:\\\/\\\/substanz-schule.de\\\/cms\\\/#\\\/schema\\\/logo\\\/image\\\/\",\"url\":\"https:\\\/\\\/substanz-schule.de\\\/cms\\\/wp-content\\\/uploads\\\/2017\\\/08\\\/cropped-cropped-substanz_Logoneu.jpg\",\"contentUrl\":\"https:\\\/\\\/substanz-schule.de\\\/cms\\\/wp-content\\\/uploads\\\/2017\\\/08\\\/cropped-cropped-substanz_Logoneu.jpg\",\"width\":220,\"height\":173,\"caption\":\"Substanz - Schule f\u00fcr modernen Tanz\"},\"image\":{\"@id\":\"https:\\\/\\\/substanz-schule.de\\\/cms\\\/#\\\/schema\\\/logo\\\/image\\\/\"},\"sameAs\":[\"https:\\\/\\\/de-de.facebook.com\\\/pages\\\/Substanz-Schule-f\u00fcr-modernen-Tanz\\\/157581797588267\",\"https:\\\/\\\/www.instagram.com\\\/substanz_weinheim\\\/\"]}]}<\/script>\n<!-- \/ Yoast SEO plugin. -->","yoast_head_json":{"title":"Impressum","description":"modern dance, jazzdance, jazz-Dance, ballettschule, tanzschule, tanzen, hemsbach, weinheim, sulzbach, ballett, kinderballett, modern, dance, classic, pilates, jazz, iwanson, lippick, bergstrasse, jazzdance, stadthalle weinheim, Heidelberg, Mannheim, Viernheim","robots":{"index":"index","follow":"follow","max-snippet":"max-snippet:-1","max-image-preview":"max-image-preview:large","max-video-preview":"max-video-preview:-1"},"canonical":"https:\/\/substanz-schule.de\/cms\/impressum\/","og_locale":"de_DE","og_type":"article","og_title":"Impressum","og_description":"modern dance, jazzdance, jazz-Dance, ballettschule, tanzschule, tanzen, hemsbach, weinheim, sulzbach, ballett, kinderballett, modern, dance, classic, pilates, jazz, iwanson, lippick, bergstrasse, jazzdance, stadthalle weinheim, Heidelberg, Mannheim, Viernheim","og_url":"https:\/\/substanz-schule.de\/cms\/impressum\/","og_site_name":"Substanz-Weinheim\u00b4s moderne Ballettschule","article_publisher":"https:\/\/de-de.facebook.com\/pages\/Substanz-Schule-f%c3%bcr-modernen-Tanz\/157581797588267","article_modified_time":"2018-05-16T17:02:30+00:00","og_image":[{"url":"http:\/\/substanz-schule.de\/cms\/wp-content\/uploads\/2014\/01\/substanz_logo.jpg","type":"","width":"","height":""}],"schema":{"@context":"https:\/\/schema.org","@graph":[{"@type":"WebPage","@id":"https:\/\/substanz-schule.de\/cms\/impressum\/","url":"https:\/\/substanz-schule.de\/cms\/impressum\/","name":"Impressum","isPartOf":{"@id":"https:\/\/substanz-schule.de\/cms\/#website"},"primaryImageOfPage":{"@id":"https:\/\/substanz-schule.de\/cms\/impressum\/#primaryimage"},"image":{"@id":"https:\/\/substanz-schule.de\/cms\/impressum\/#primaryimage"},"thumbnailUrl":"http:\/\/substanz-schule.de\/cms\/wp-content\/uploads\/2014\/01\/substanz_logo.jpg","datePublished":"2014-08-21T12:07:24+00:00","dateModified":"2018-05-16T17:02:30+00:00","description":"modern dance, jazzdance, jazz-Dance, ballettschule, tanzschule, tanzen, hemsbach, weinheim, sulzbach, ballett, kinderballett, modern, dance, classic, pilates, jazz, iwanson, lippick, bergstrasse, jazzdance, stadthalle weinheim, Heidelberg, Mannheim, Viernheim","breadcrumb":{"@id":"https:\/\/substanz-schule.de\/cms\/impressum\/#breadcrumb"},"inLanguage":"de","potentialAction":[{"@type":"ReadAction","target":["https:\/\/substanz-schule.de\/cms\/impressum\/"]}]},{"@type":"ImageObject","inLanguage":"de","@id":"https:\/\/substanz-schule.de\/cms\/impressum\/#primaryimage","url":"http:\/\/substanz-schule.de\/cms\/wp-content\/uploads\/2014\/01\/substanz_logo.jpg","contentUrl":"http:\/\/substanz-schule.de\/cms\/wp-content\/uploads\/2014\/01\/substanz_logo.jpg"},{"@type":"BreadcrumbList","@id":"https:\/\/substanz-schule.de\/cms\/impressum\/#breadcrumb","itemListElement":[{"@type":"ListItem","position":1,"name":"Home","item":"https:\/\/substanz-schule.de\/cms\/"},{"@type":"ListItem","position":2,"name":"Impressum"}]},{"@type":"WebSite","@id":"https:\/\/substanz-schule.de\/cms\/#website","url":"https:\/\/substanz-schule.de\/cms\/","name":"Substanz-Weinheim\u00b4s moderne Ballettschule","description":"- seit 1997 -","publisher":{"@id":"https:\/\/substanz-schule.de\/cms\/#organization"},"potentialAction":[{"@type":"SearchAction","target":{"@type":"EntryPoint","urlTemplate":"https:\/\/substanz-schule.de\/cms\/?s={search_term_string}"},"query-input":{"@type":"PropertyValueSpecification","valueRequired":true,"valueName":"search_term_string"}}],"inLanguage":"de"},{"@type":"Organization","@id":"https:\/\/substanz-schule.de\/cms\/#organization","name":"Substanz - Schule f\u00fcr modernen Tanz","url":"https:\/\/substanz-schule.de\/cms\/","logo":{"@type":"ImageObject","inLanguage":"de","@id":"https:\/\/substanz-schule.de\/cms\/#\/schema\/logo\/image\/","url":"https:\/\/substanz-schule.de\/cms\/wp-content\/uploads\/2017\/08\/cropped-cropped-substanz_Logoneu.jpg","contentUrl":"https:\/\/substanz-schule.de\/cms\/wp-content\/uploads\/2017\/08\/cropped-cropped-substanz_Logoneu.jpg","width":220,"height":173,"caption":"Substanz - Schule f\u00fcr modernen Tanz"},"image":{"@id":"https:\/\/substanz-schule.de\/cms\/#\/schema\/logo\/image\/"},"sameAs":["https:\/\/de-de.facebook.com\/pages\/Substanz-Schule-f\u00fcr-modernen-Tanz\/157581797588267","https:\/\/www.instagram.com\/substanz_weinheim\/"]}]}},"_links":{"self":[{"href":"https:\/\/substanz-schule.de\/cms\/wp-json\/wp\/v2\/pages\/89","targetHints":{"allow":["GET"]}}],"collection":[{"href":"https:\/\/substanz-schule.de\/cms\/wp-json\/wp\/v2\/pages"}],"about":[{"href":"https:\/\/substanz-schule.de\/cms\/wp-json\/wp\/v2\/types\/page"}],"author":[{"embeddable":true,"href":"https:\/\/substanz-schule.de\/cms\/wp-json\/wp\/v2\/users\/1"}],"replies":[{"embeddable":true,"href":"https:\/\/substanz-schule.de\/cms\/wp-json\/wp\/v2\/comments?post=89"}],"version-history":[{"count":12,"href":"https:\/\/substanz-schule.de\/cms\/wp-json\/wp\/v2\/pages\/89\/revisions"}],"predecessor-version":[{"id":1585,"href":"https:\/\/substanz-schule.de\/cms\/wp-json\/wp\/v2\/pages\/89\/revisions\/1585"}],"wp:attachment":[{"href":"https:\/\/substanz-schule.de\/cms\/wp-json\/wp\/v2\/media?parent=89"}],"curies":[{"name":"wp","href":"https:\/\/api.w.org\/{rel}","templated":true}]}}